{"id":15478,"date":"2025-04-03T09:22:03","date_gmt":"2025-04-03T09:22:03","guid":{"rendered":"https:\/\/esquell.eu\/product\/diamantfeilen-feile-rundfeilenset-mit-4-feilen\/"},"modified":"2025-11-08T12:59:07","modified_gmt":"2025-11-08T12:59:07","slug":"diamantfeilen-feile-rundfeilenset-mit-4-feilen","status":"publish","type":"product","link":"https:\/\/esquell.eu\/de\/produkt\/diamantfeilen-feile-rundfeilenset-mit-4-feilen\/","title":{"rendered":"Diamantfeilen, Feile, Rundfeilenset mit 4 Feilen"},"content":{"rendered":"<p>Set mit 4 runden Diamantfeilen<\/p>\n<p>Geeignet u.a. zum Ausfeilen von Perlen, Vergr\u00f6\u00dfern von Perlen, Ausfeilen von Perlen, Anpassen und Bearbeiten von Gegenst\u00e4nden aus Metallton, Setzen von Zirkonias<\/p>\n","protected":false},"excerpt":{"rendered":"<p>Set mit 4 runden Diamantfeilen<\/p>\n<p>Geeignet u.a. zum Ausfeilen von Perlen, Vergr\u00f6\u00dfern von Perlen, Ausfeilen von Perlen, Anpassen und Bearbeiten von Gegenst\u00e4nden aus Metallton, Setzen von Zirkonias<\/p>\n","protected":false},"featured_media":15485,"comment_status":"closed","ping_status":"closed","template":"","meta":{"_acf_changed":false,"_seopress_robots_primary_cat":"none","_seopress_titles_title":"","_seopress_titles_desc":"","_seopress_robots_index":""},"more":[],"product_brand":[6365],"product_cat":[7361],"product_tag":[10744,14568,14570,14648,12588,7070,10726,7435,7457,14566,8004],"class_list":{"0":"post-15478","1":"product","2":"type-product","3":"status-publish","4":"has-post-thumbnail","6":"product_brand-l1","7":"product_cat-schleifen-feilen-und-polieren","8":"product_tag-dateien","9":"product_tag-dateien-2","10":"product_tag-diamantfeilen","11":"product_tag-diamantfeilen-2","12":"product_tag-naturstein-2","13":"product_tag-perlen","14":"product_tag-rund","15":"product_tag-setzen","16":"product_tag-zetkast","17":"product_tag-zirkonias","18":"product_tag-zirkoniumdioxid-2","19":"product_shipping_class-standard","21":"first","22":"instock","23":"taxable","24":"shipping-taxable","25":"purchasable","26":"product-type-simple"},"acf":[],"_links":{"self":[{"href":"https:\/\/esquell.eu\/de\/wp-json\/wp\/v2\/product\/15478","targetHints":{"allow":["GET"]}}],"collection":[{"href":"https:\/\/esquell.eu\/de\/wp-json\/wp\/v2\/product"}],"about":[{"href":"https:\/\/esquell.eu\/de\/wp-json\/wp\/v2\/types\/product"}],"replies":[{"embeddable":true,"href":"https:\/\/esquell.eu\/de\/wp-json\/wp\/v2\/comments?post=15478"}],"wp:featuredmedia":[{"embeddable":true,"href":"https:\/\/esquell.eu\/de\/wp-json\/wp\/v2\/media\/15485"}],"wp:attachment":[{"href":"https:\/\/esquell.eu\/de\/wp-json\/wp\/v2\/media?parent=15478"}],"wp:term":[{"taxonomy":"more","embeddable":true,"href":"https:\/\/esquell.eu\/de\/wp-json\/wp\/v2\/more?post=15478"},{"taxonomy":"product_brand","embeddable":true,"href":"https:\/\/esquell.eu\/de\/wp-json\/wp\/v2\/product_brand?post=15478"},{"taxonomy":"product_cat","embeddable":true,"href":"https:\/\/esquell.eu\/de\/wp-json\/wp\/v2\/product_cat?post=15478"},{"taxonomy":"product_tag","embeddable":true,"href":"https:\/\/esquell.eu\/de\/wp-json\/wp\/v2\/product_tag?post=15478"}],"curies":[{"name":"wp","href":"https:\/\/api.w.org\/{rel}","templated":true}]}}