{"id":15462,"date":"2025-04-03T09:22:03","date_gmt":"2025-04-03T09:22:03","guid":{"rendered":"https:\/\/esquell.eu\/product\/satz-mit-6-drahtbuersten-fuer-dremel-oder-andere-multitools\/"},"modified":"2025-11-08T20:04:52","modified_gmt":"2025-11-08T20:04:52","slug":"satz-mit-6-drahtbuersten-fuer-dremel-oder-andere-multitools","status":"publish","type":"product","link":"https:\/\/esquell.eu\/de\/produkt\/satz-mit-6-drahtbuersten-fuer-dremel-oder-andere-multitools\/","title":{"rendered":"Satz mit 6 Drahtb\u00fcrsten f\u00fcr Dremel oder andere Multitools"},"content":{"rendered":"<p>Dieses Set aus 6 Mini-Metallb\u00fcrsten kann zum Schleifen, B\u00fcrsten, Entgraten und Desoxidieren von Objekten verwendet werden.<\/p>\n<p>Schaft 3mm<br \/>\nDas Set besteht aus 2x 3 verschiedenen Formen von B\u00fcrsten (Schirm, Zylinder und Scheibe).<\/p>\n<p>Sehr gut geeignet zum Entfernen der wei\u00dfen Oxidationsschicht von ausgebranntem Silberton und der Oxidation von ausgebranntem Kupferton und Bronzeton, selbst an schwer zug\u00e4nglichen Stellen verschwindet die Oxidationsschicht mit diesen Werkzeugen sehr leicht.<\/p>\n","protected":false},"excerpt":{"rendered":"<p>Dieses Set aus 6 Mini-Metallb\u00fcrsten kann zum Schleifen, B\u00fcrsten, Entgraten und Desoxidieren von Objekten verwendet werden.<\/p>\n<p>Schaft 3mm<br \/>\nDas Set besteht aus 2x 3 verschiedenen Formen von B\u00fcrsten (Schirm, Zylinder und Scheibe).<\/p>\n<p>Sehr gut geeignet zum Entfernen der wei\u00dfen Oxidationsschicht von ausgebranntem Silberton und der Oxidation von ausgebranntem Kupferton und Bronzeton, selbst an schwer zug\u00e4nglichen Stellen verschwindet die Oxidationsschicht mit diesen Werkzeugen sehr leicht.<\/p>\n<p>&nbsp;<\/p>\n","protected":false},"featured_media":7481,"comment_status":"closed","ping_status":"closed","template":"","meta":{"_acf_changed":false,"_seopress_robots_primary_cat":"none","_seopress_titles_title":"","_seopress_titles_desc":"","_seopress_robots_index":""},"more":[],"product_brand":[6365],"product_cat":[7361],"product_tag":[6438,6458,6790,6887,6903,8559,6883,6881,6494,14516,14478,14527,8014,8545,14514,7375,14530,14479,13701,8027,6895,21661,10520,14507,6769,8679,14540,6452,6711,6692,14544,8544,9490,10518,6897,6786,6905,6421,6444,9250,10032,13275,6373,14536,14521,14534,6455,6788,10315,14532,7524,14538,9262,13895,14512,11176,14529,14535,9202,14546,14548,14550,6419,6820,8500,7743,10321,6899,7509,6889,6558,6901,14551,7354,6490,8580,6893,6394,6784,14542,6814,6555,14525,6605,7643,14518,6783,7735,14510,21406],"class_list":{"0":"post-15462","1":"product","2":"type-product","3":"status-publish","4":"has-post-thumbnail","6":"product_brand-l1","7":"product_cat-schleifen-feilen-und-polieren","8":"product_tag-artclaysilver","9":"product_tag-belgien","10":"product_tag-bestellung","11":"product_tag-biegsames-silber","12":"product_tag-bronze-ton","13":"product_tag-cooltools","14":"product_tag-deutschland","15":"product_tag-deutsland","16":"product_tag-diy","17":"product_tag-drahtlos","18":"product_tag-dremel","19":"product_tag-durchmesser","20":"product_tag-einkaufen-2","21":"product_tag-einkaufen-3","22":"product_tag-eldgeschmiedet","23":"product_tag-elektrisch","24":"product_tag-elektrisch-2","25":"product_tag-entgraten","26":"product_tag-ergebnis-2","27":"product_tag-erklarung","28":"product_tag-es","29":"product_tag-finition","30":"product_tag-glanz","31":"product_tag-glatt-2","32":"product_tag-goldton","33":"product_tag-google","34":"product_tag-grations","35":"product_tag-groshandel","36":"product_tag-hallo","37":"product_tag-handbuch","38":"product_tag-haus","39":"product_tag-hobby","40":"product_tag-hobby-shop-2","41":"product_tag-hochglanzpolitur","42":"product_tag-ihr","43":"product_tag-kaufen","44":"product_tag-kupferton","45":"product_tag-machen","46":"product_tag-metalclay","47":"product_tag-metalclaydays","48":"product_tag-metall-block","49":"product_tag-metallbearbeitung","50":"product_tag-mini","51":"product_tag-mini-burste","52":"product_tag-minitool","53":"product_tag-mulitool","54":"product_tag-niederlande","55":"product_tag-online","56":"product_tag-oxidation","57":"product_tag-oxidationsschicht","58":"product_tag-perlen-2","59":"product_tag-polierbursten","60":"product_tag-polieren","61":"product_tag-poliermaschine-2","62":"product_tag-polierwerkzeug","63":"product_tag-privat","64":"product_tag-rotarytool","65":"product_tag-rotierendes-werkzeug","66":"product_tag-schleifen-2","67":"product_tag-schleifmaschine","68":"product_tag-schleifwerkzeug","69":"product_tag-schleifwerkzeuge","70":"product_tag-schmuck","71":"product_tag-schmuck-2","72":"product_tag-schmuck-selber-machen","73":"product_tag-schmuckherstellung","74":"product_tag-schnell","75":"product_tag-selbst","76":"product_tag-senden","77":"product_tag-shop","78":"product_tag-sie-selbst","79":"product_tag-sie-selbst-2","80":"product_tag-silberbesteck","81":"product_tag-silberschmied","82":"product_tag-silberton","83":"product_tag-tipps","84":"product_tag-tun","85":"product_tag-unter","86":"product_tag-unter-2","87":"product_tag-voglende","88":"product_tag-webshop","89":"product_tag-weis","90":"product_tag-welle","91":"product_tag-werkzeuge","92":"product_tag-wie","93":"product_tag-wiederaufladbar","94":"product_tag-wobei","95":"product_tag-zu-verkaufen","96":"product_tag-zubehor","97":"product_tag-zubehor-3","98":"product_shipping_class-standard","100":"first","101":"instock","102":"taxable","103":"shipping-taxable","104":"purchasable","105":"product-type-simple"},"acf":[],"_links":{"self":[{"href":"https:\/\/esquell.eu\/de\/wp-json\/wp\/v2\/product\/15462","targetHints":{"allow":["GET"]}}],"collection":[{"href":"https:\/\/esquell.eu\/de\/wp-json\/wp\/v2\/product"}],"about":[{"href":"https:\/\/esquell.eu\/de\/wp-json\/wp\/v2\/types\/product"}],"replies":[{"embeddable":true,"href":"https:\/\/esquell.eu\/de\/wp-json\/wp\/v2\/comments?post=15462"}],"wp:featuredmedia":[{"embeddable":true,"href":"https:\/\/esquell.eu\/de\/wp-json\/wp\/v2\/media\/7481"}],"wp:attachment":[{"href":"https:\/\/esquell.eu\/de\/wp-json\/wp\/v2\/media?parent=15462"}],"wp:term":[{"taxonomy":"more","embeddable":true,"href":"https:\/\/esquell.eu\/de\/wp-json\/wp\/v2\/more?post=15462"},{"taxonomy":"product_brand","embeddable":true,"href":"https:\/\/esquell.eu\/de\/wp-json\/wp\/v2\/product_brand?post=15462"},{"taxonomy":"product_cat","embeddable":true,"href":"https:\/\/esquell.eu\/de\/wp-json\/wp\/v2\/product_cat?post=15462"},{"taxonomy":"product_tag","embeddable":true,"href":"https:\/\/esquell.eu\/de\/wp-json\/wp\/v2\/product_tag?post=15462"}],"curies":[{"name":"wp","href":"https:\/\/api.w.org\/{rel}","templated":true}]}}