{"id":15455,"date":"2025-04-03T09:22:12","date_gmt":"2025-04-03T09:22:12","guid":{"rendered":"https:\/\/esquell.eu\/product\/stahlbuerste-fuer-rotationswerkzeug-messingbuerste\/"},"modified":"2025-11-08T20:05:13","modified_gmt":"2025-11-08T20:05:13","slug":"stahlbuerste-fuer-rotationswerkzeug-messingbuerste","status":"publish","type":"product","link":"https:\/\/esquell.eu\/de\/produkt\/stahlbuerste-fuer-rotationswerkzeug-messingbuerste\/","title":{"rendered":"Stahlb\u00fcrste f\u00fcr Rotationswerkzeug. Messingb\u00fcrste"},"content":{"rendered":"<p>Messingb\u00fcrste zum Polieren von Metalloberfl\u00e4chen&#8217;.F\u00fcr Multitool, Rotationswerkzeug<\/p>\n<p>Sehr gut geeignet zum Entfernen der wei\u00dfen Oxidationsschicht von gebranntem Silberton,<br \/>\nKupferton, Bronzeton usw.<\/p>\n<p>Schaft 3mm<\/p>\n","protected":false},"excerpt":{"rendered":"<p>Messingb\u00fcrste zum Polieren von Metalloberfl\u00e4chen&#8217;.F\u00fcr Multitool, Rotationswerkzeug<\/p>\n<p>Sehr gut geeignet zum Entfernen der wei\u00dfen Oxidationsschicht von gebranntem Silberton,<br \/>\nKupferton, Bronzeton usw.<\/p>\n<p>Schaft 3mm<\/p>\n","protected":false},"featured_media":4310,"comment_status":"closed","ping_status":"closed","template":"","meta":{"_acf_changed":false,"_seopress_robots_primary_cat":"none","_seopress_titles_title":"","_seopress_titles_desc":"","_seopress_robots_index":""},"more":[],"product_brand":[6365],"product_cat":[7361],"product_tag":[9087,6948,7798,6817,6773,6797,13627,14484,6458,6929,6840,6903,7123,6936,6375,10744,6883,10633,14478,8512,21661,6842,6824,6830,6934,7349,6822,6836,6786,6905,8504,6950,6844,6952,7813,6421,14480,7756,10053,6455,6832,6938,6828,10315,14482,9262,10325,6928,9202,6419,7354,9790,7352,6490,6834,6781,9672,6784,6795,8673,7373,6818,6783,6838,7410,7796],"class_list":{"0":"post-15455","1":"product","2":"type-product","3":"status-publish","4":"has-post-thumbnail","6":"product_brand-l1","7":"product_cat-schleifen-feilen-und-polieren","8":"product_tag-abbacken","9":"product_tag-almere","10":"product_tag-amersfoort","11":"product_tag-amsterdam","12":"product_tag-antwerpen","13":"product_tag-arnheim","14":"product_tag-asseccoires","15":"product_tag-ausbilder-metall","16":"product_tag-belgien","17":"product_tag-blei","18":"product_tag-brabant","19":"product_tag-bronze-ton","20":"product_tag-brucke","21":"product_tag-brussel","22":"product_tag-burste","23":"product_tag-dateien","24":"product_tag-deutschland","25":"product_tag-drehbar","26":"product_tag-dremel","27":"product_tag-emmeloord","28":"product_tag-finition","29":"product_tag-flevoland","30":"product_tag-friesland","31":"product_tag-gelderland","32":"product_tag-gent","33":"product_tag-goldschmied","34":"product_tag-groningen","35":"product_tag-holland","36":"product_tag-kaufen","37":"product_tag-kupferton","38":"product_tag-lager","39":"product_tag-lelystad","40":"product_tag-limburg","41":"product_tag-luttich","42":"product_tag-luttich-2","43":"product_tag-machen","44":"product_tag-messingburste","45":"product_tag-metall-2","46":"product_tag-multitool","47":"product_tag-niederlande","48":"product_tag-norden","49":"product_tag-ostende","50":"product_tag-overijssel","51":"product_tag-oxidation","52":"product_tag-polierburste","53":"product_tag-polieren","54":"product_tag-polieren-2","55":"product_tag-rotterdam","56":"product_tag-schleifen-2","57":"product_tag-schmuck","58":"product_tag-silberschmied","59":"product_tag-silberschmied-2","60":"product_tag-silberschmiede-2","61":"product_tag-silberton","62":"product_tag-sud","63":"product_tag-teile","64":"product_tag-tiel","65":"product_tag-unter-2","66":"product_tag-utrecht","67":"product_tag-watteninseln","68":"product_tag-werkzeug","69":"product_tag-werkzeuge-2","70":"product_tag-wobei","71":"product_tag-zeeland","72":"product_tag-zertifiziert","73":"product_tag-zwolle","74":"product_shipping_class-standard","76":"first","77":"instock","78":"taxable","79":"shipping-taxable","80":"purchasable","81":"product-type-simple"},"acf":[],"_links":{"self":[{"href":"https:\/\/esquell.eu\/de\/wp-json\/wp\/v2\/product\/15455","targetHints":{"allow":["GET"]}}],"collection":[{"href":"https:\/\/esquell.eu\/de\/wp-json\/wp\/v2\/product"}],"about":[{"href":"https:\/\/esquell.eu\/de\/wp-json\/wp\/v2\/types\/product"}],"replies":[{"embeddable":true,"href":"https:\/\/esquell.eu\/de\/wp-json\/wp\/v2\/comments?post=15455"}],"wp:featuredmedia":[{"embeddable":true,"href":"https:\/\/esquell.eu\/de\/wp-json\/wp\/v2\/media\/4310"}],"wp:attachment":[{"href":"https:\/\/esquell.eu\/de\/wp-json\/wp\/v2\/media?parent=15455"}],"wp:term":[{"taxonomy":"more","embeddable":true,"href":"https:\/\/esquell.eu\/de\/wp-json\/wp\/v2\/more?post=15455"},{"taxonomy":"product_brand","embeddable":true,"href":"https:\/\/esquell.eu\/de\/wp-json\/wp\/v2\/product_brand?post=15455"},{"taxonomy":"product_cat","embeddable":true,"href":"https:\/\/esquell.eu\/de\/wp-json\/wp\/v2\/product_cat?post=15455"},{"taxonomy":"product_tag","embeddable":true,"href":"https:\/\/esquell.eu\/de\/wp-json\/wp\/v2\/product_tag?post=15455"}],"curies":[{"name":"wp","href":"https:\/\/api.w.org\/{rel}","templated":true}]}}