{"id":15356,"date":"2025-04-03T09:14:06","date_gmt":"2025-04-03T09:14:06","guid":{"rendered":"https:\/\/esquell.eu\/product\/messingdraht-mit-2mm-kugeln-10-cm\/"},"modified":"2026-03-23T20:21:06","modified_gmt":"2026-03-23T20:21:06","slug":"messingdraht-mit-2mm-kugeln-10-cm","status":"publish","type":"product","link":"https:\/\/esquell.eu\/de\/produkt\/messingdraht-mit-2mm-kugeln-10-cm\/","title":{"rendered":"Messingdraht mit 3mm Kugeln. 10 cm"},"content":{"rendered":"<p>Messingdrahtkugeln 3mm<br \/>\nGeeignet zum Brennen mit Kupferknete.<\/p>\n<p>Zum L\u00f6ten mit Kupferlotpaste oder Niedertemperaturlotpaste.<\/p>\n<p>Die bestellte L\u00e4nge wird, soweit m\u00f6glich, in 1 L\u00e4nge geliefert.<br \/>\nWenn Sie wirklich 1 L\u00e4nge ben\u00f6tigen, geben Sie dies bitte im Kommentarfeld Ihrer Bestellung an.<\/p>\n<p>&nbsp;<\/p>\n","protected":false},"excerpt":{"rendered":"<p>Messingdraht mit 2mm Kugeln. 10 cm<\/p>\n<p>Geeignet zum Backen mit Bronzeton<\/p>\n<p>&nbsp;<\/p>\n<p>&nbsp;<\/p>\n<p>&nbsp;<\/p>\n","protected":false},"featured_media":15362,"comment_status":"closed","ping_status":"closed","template":"","meta":{"_acf_changed":false,"_seopress_robots_primary_cat":"none","_seopress_titles_title":"","_seopress_titles_desc":"","_seopress_robots_index":""},"more":[],"product_brand":[6595],"product_cat":[12388],"product_tag":[12391,6817,6924,6689,12407,6438,8126,6458,6790,6415,6840,7387,6883,6494,12397,12406,11181,12410,6826,6793,8545,6895,6909,6842,9027,6824,8679,6822,6693,6836,12389,12078,6897,6907,6786,6885,6691,6804,7131,8019,8394,12405,14378,16648,12414,6905,7137,6775,6421,12416,12395,6441,6455,6832,6788,6828,8510,12412,6806,6419,12393,12403,7541,6899,6779,7509,6889,9195,12401,6558,6417,6671,6490,8128,7340,6834,6781,6893,6784,12399,7072,6690,6783,7735,7796],"class_list":{"0":"post-15356","1":"product","2":"type-product","3":"status-publish","4":"has-post-thumbnail","6":"product_brand-coole-tools","7":"product_cat-kupfer-bronze-messing-rostfreier-stahl","8":"product_tag-allergen","9":"product_tag-amsterdam","10":"product_tag-anhanger-2","11":"product_tag-armband","12":"product_tag-artclay-silber-shop","13":"product_tag-artclaysilver","14":"product_tag-artclaysilvershop","15":"product_tag-belgien","16":"product_tag-bestellung","17":"product_tag-billig","18":"product_tag-brabant","19":"product_tag-bronze","20":"product_tag-deutschland","21":"product_tag-diy","22":"product_tag-draht-ohrringe","23":"product_tag-drahtarmband","24":"product_tag-drahtschmuck","25":"product_tag-drahtschmuck-2","26":"product_tag-drenthe","27":"product_tag-einkaufen","28":"product_tag-einkaufen-3","29":"product_tag-es","30":"product_tag-facebook","31":"product_tag-flevoland","32":"product_tag-formbarem-kupfer","33":"product_tag-friesland","34":"product_tag-google","35":"product_tag-groningen","36":"product_tag-halskette","37":"product_tag-holland","38":"product_tag-hypo","39":"product_tag-hypoallergen","40":"product_tag-ihr","41":"product_tag-instagram","42":"product_tag-kaufen","43":"product_tag-kaufen-2","44":"product_tag-kette","45":"product_tag-kostenlos","46":"product_tag-kupfer","47":"product_tag-kupfer-2","48":"product_tag-kupfer-3","49":"product_tag-kupferdraht","50":"product_tag-kupferdraht-2","51":"product_tag-kupferdraht-3","52":"product_tag-kupferteile","53":"product_tag-kupferton","54":"product_tag-kupferton-2","55":"product_tag-kurzwarengeschaft","56":"product_tag-machen","57":"product_tag-messing-kurzwaren","58":"product_tag-metalldraht","59":"product_tag-metallton","60":"product_tag-niederlande","61":"product_tag-norden","62":"product_tag-online","63":"product_tag-overijssel","64":"product_tag-perlenladen","65":"product_tag-pinteres","66":"product_tag-rabatt","67":"product_tag-schmuck","68":"product_tag-schmuck-kurzwaren","69":"product_tag-schmuckteile-2","70":"product_tag-schmuckzubehor","71":"product_tag-selbst","72":"product_tag-selbstgemacht","73":"product_tag-senden","74":"product_tag-shop","75":"product_tag-shop-2","76":"product_tag-shop-3","77":"product_tag-sie-selbst","78":"product_tag-silber","79":"product_tag-silber-2","80":"product_tag-silberton","81":"product_tag-silberwarengeschaft","82":"product_tag-silverclay-co-uk","83":"product_tag-sud","84":"product_tag-teile","85":"product_tag-tun","86":"product_tag-unter-2","87":"product_tag-verdrahtung","88":"product_tag-wattenmeer","89":"product_tag-werkstatten","90":"product_tag-wobei","91":"product_tag-zu-verkaufen","92":"product_tag-zwolle","93":"product_shipping_class-standard","95":"first","96":"instock","97":"taxable","98":"shipping-taxable","99":"purchasable","100":"product-type-simple"},"acf":[],"_links":{"self":[{"href":"https:\/\/esquell.eu\/de\/wp-json\/wp\/v2\/product\/15356","targetHints":{"allow":["GET"]}}],"collection":[{"href":"https:\/\/esquell.eu\/de\/wp-json\/wp\/v2\/product"}],"about":[{"href":"https:\/\/esquell.eu\/de\/wp-json\/wp\/v2\/types\/product"}],"replies":[{"embeddable":true,"href":"https:\/\/esquell.eu\/de\/wp-json\/wp\/v2\/comments?post=15356"}],"wp:featuredmedia":[{"embeddable":true,"href":"https:\/\/esquell.eu\/de\/wp-json\/wp\/v2\/media\/15362"}],"wp:attachment":[{"href":"https:\/\/esquell.eu\/de\/wp-json\/wp\/v2\/media?parent=15356"}],"wp:term":[{"taxonomy":"more","embeddable":true,"href":"https:\/\/esquell.eu\/de\/wp-json\/wp\/v2\/more?post=15356"},{"taxonomy":"product_brand","embeddable":true,"href":"https:\/\/esquell.eu\/de\/wp-json\/wp\/v2\/product_brand?post=15356"},{"taxonomy":"product_cat","embeddable":true,"href":"https:\/\/esquell.eu\/de\/wp-json\/wp\/v2\/product_cat?post=15356"},{"taxonomy":"product_tag","embeddable":true,"href":"https:\/\/esquell.eu\/de\/wp-json\/wp\/v2\/product_tag?post=15356"}],"curies":[{"name":"wp","href":"https:\/\/api.w.org\/{rel}","templated":true}]}}