{"id":15344,"date":"2025-04-03T09:14:30","date_gmt":"2025-04-03T09:14:30","guid":{"rendered":"https:\/\/esquell.eu\/product\/buegel-groesse-75x4mm-silber-925-vergoldet\/"},"modified":"2025-04-03T09:14:30","modified_gmt":"2025-04-03T09:14:30","slug":"buegel-groesse-75x4mm-silber-925-vergoldet","status":"publish","type":"product","link":"https:\/\/esquell.eu\/de\/produkt\/buegel-groesse-75x4mm-silber-925-vergoldet\/","title":{"rendered":"B\u00fcgel, Gr\u00f6\u00dfe 7,5x4mm, Silber. 925 vergoldet"},"content":{"rendered":"<p>B\u00fcgel, Gr\u00f6\u00dfe 7,5x4mm,<br \/>\nOffener Haken zur Befestigung<\/p>\n<p>Silber vergoldet.<br \/>\nVeredelung gl\u00e4nzend<\/p>\n","protected":false},"excerpt":{"rendered":"<p>B\u00fcgel, Gr\u00f6\u00dfe 7,5x4mm, offener Haken zur Befestigung<br \/>\nVeredelung vergoldet<\/p>\n<p>&nbsp;<\/p>\n","protected":false},"featured_media":6377,"comment_status":"closed","ping_status":"closed","template":"","meta":{"_acf_changed":false,"_seopress_robots_primary_cat":"none","_seopress_titles_title":"","_seopress_titles_desc":"","_seopress_robots_index":""},"more":[],"product_brand":[6992],"product_cat":[12313],"product_tag":[6488,14337,6994,7171,12316,6775,7019,6891,12518,6432,6926,6417,6671,6812,9383,6996,6814,6429],"class_list":{"0":"post-15344","1":"product","2":"type-product","3":"status-publish","4":"has-post-thumbnail","6":"product_brand-ayu","7":"product_cat-anhangerosen-bugel-und-schraubosen","8":"product_tag-6488","9":"product_tag-anhanger-5","10":"product_tag-gut","11":"product_tag-gut-2","12":"product_tag-kaution","13":"product_tag-kurzwarengeschaft","14":"product_tag-liefert","15":"product_tag-online-shop","16":"product_tag-pendelauge-2","17":"product_tag-real","18":"product_tag-rein-2","19":"product_tag-silber","20":"product_tag-silber-2","21":"product_tag-silber-3","22":"product_tag-solide","23":"product_tag-sollid","24":"product_tag-webshop","25":"product_tag-wirklich","26":"product_shipping_class-standard","28":"first","29":"instock","30":"taxable","31":"shipping-taxable","32":"purchasable","33":"product-type-simple"},"acf":[],"_links":{"self":[{"href":"https:\/\/esquell.eu\/de\/wp-json\/wp\/v2\/product\/15344","targetHints":{"allow":["GET"]}}],"collection":[{"href":"https:\/\/esquell.eu\/de\/wp-json\/wp\/v2\/product"}],"about":[{"href":"https:\/\/esquell.eu\/de\/wp-json\/wp\/v2\/types\/product"}],"replies":[{"embeddable":true,"href":"https:\/\/esquell.eu\/de\/wp-json\/wp\/v2\/comments?post=15344"}],"wp:featuredmedia":[{"embeddable":true,"href":"https:\/\/esquell.eu\/de\/wp-json\/wp\/v2\/media\/6377"}],"wp:attachment":[{"href":"https:\/\/esquell.eu\/de\/wp-json\/wp\/v2\/media?parent=15344"}],"wp:term":[{"taxonomy":"more","embeddable":true,"href":"https:\/\/esquell.eu\/de\/wp-json\/wp\/v2\/more?post=15344"},{"taxonomy":"product_brand","embeddable":true,"href":"https:\/\/esquell.eu\/de\/wp-json\/wp\/v2\/product_brand?post=15344"},{"taxonomy":"product_cat","embeddable":true,"href":"https:\/\/esquell.eu\/de\/wp-json\/wp\/v2\/product_cat?post=15344"},{"taxonomy":"product_tag","embeddable":true,"href":"https:\/\/esquell.eu\/de\/wp-json\/wp\/v2\/product_tag?post=15344"}],"curies":[{"name":"wp","href":"https:\/\/api.w.org\/{rel}","templated":true}]}}