{"id":15332,"date":"2025-04-03T09:14:30","date_gmt":"2025-04-03T09:14:30","guid":{"rendered":"https:\/\/esquell.eu\/product\/silberanhaenger-oese-buegel-925-silber-11mm\/"},"modified":"2025-11-08T09:32:59","modified_gmt":"2025-11-08T09:32:59","slug":"silberanhaenger-oese-buegel-925-silber-11mm","status":"publish","type":"product","link":"https:\/\/esquell.eu\/de\/produkt\/silberanhaenger-oese-buegel-925-silber-11mm\/","title":{"rendered":"Silberanh\u00e4nger \u00d6se, B\u00fcgel, 925 Silber 11mm"},"content":{"rendered":"<p>Silberanh\u00e4nger \u00d6se, B\u00fcgel, 925 Silber 11mm<\/p>\n<p>Hasenohren<\/p>\n<p>Zum L\u00f6ten<\/p>\n","protected":false},"excerpt":{"rendered":"<p><strong>Beim Kauf mehrerer St\u00fccke extra g\u00fcnstig<\/strong><\/p>\n<p><strong> <\/strong> <\/p>\n<p> Silberanh\u00e4nger Auge, B\u00fcgel, 925 Silber 11mm<\/p>\n<p>Hasenohren<\/p>\n<p>&nbsp;<\/p>\n<p>&nbsp;<\/p>\n","protected":false},"featured_media":6343,"comment_status":"closed","ping_status":"closed","template":"","meta":{"_acf_changed":false,"_seopress_robots_primary_cat":"none","_seopress_titles_title":"","_seopress_titles_desc":"","_seopress_robots_index":""},"more":[],"product_brand":[6703],"product_cat":[12313],"product_tag":[6488,14361,6506,6924,7058,17003,14366,14362,6921,6494,13759,7017,7349,11399,14364,6693,9802,12316,14327,14359,14365,6421,14367,7178,17001,12314,12518,9425,6432,6424,6926,7023,16999,11059,6419,11619,7539,7541,11957,9417,6889,6417,6671,6812,9790,6996,6920,14368,14360,6814,7441,6429],"class_list":{"0":"post-15332","1":"product","2":"type-product","3":"status-publish","4":"has-post-thumbnail","6":"product_brand-bm","7":"product_cat-anhangerosen-bugel-und-schraubosen","8":"product_tag-6488","9":"product_tag-14361","10":"product_tag-6506","11":"product_tag-anhanger-2","12":"product_tag-anhanger-3","13":"product_tag-argantum","14":"product_tag-bewegen","15":"product_tag-bohren-2","16":"product_tag-charme","17":"product_tag-diy","18":"product_tag-entwurfe","19":"product_tag-fur","20":"product_tag-goldschmied","21":"product_tag-gummi-2","22":"product_tag-hakenauge","23":"product_tag-halskette","24":"product_tag-kann","25":"product_tag-kaution","26":"product_tag-kaution-2","27":"product_tag-kaution-3","28":"product_tag-kaution-innen","29":"product_tag-machen","30":"product_tag-mehr","31":"product_tag-nicht","32":"product_tag-oreilles","33":"product_tag-pendelauge","34":"product_tag-pendelauge-2","35":"product_tag-perle","36":"product_tag-real","37":"product_tag-rein","38":"product_tag-rein-2","39":"product_tag-rein-3","40":"product_tag-schmetterlingsraupen","41":"product_tag-schmieden","42":"product_tag-schmuck","43":"product_tag-schmuckherstellung-3","44":"product_tag-schmuckteile","45":"product_tag-schmuckzubehor","46":"product_tag-schmuckzubehor-4","47":"product_tag-selbstgemachter-schmuck","48":"product_tag-shop","49":"product_tag-silber","50":"product_tag-silber-2","51":"product_tag-silber-3","52":"product_tag-silberschmied-2","53":"product_tag-sollid","54":"product_tag-sterling","55":"product_tag-stoppwulst","56":"product_tag-stopsel-2","57":"product_tag-webshop","58":"product_tag-werkzeug-2","59":"product_tag-wirklich","60":"product_shipping_class-standard","62":"first","63":"instock","64":"taxable","65":"shipping-taxable","66":"purchasable","67":"product-type-simple"},"acf":[],"_links":{"self":[{"href":"https:\/\/esquell.eu\/de\/wp-json\/wp\/v2\/product\/15332","targetHints":{"allow":["GET"]}}],"collection":[{"href":"https:\/\/esquell.eu\/de\/wp-json\/wp\/v2\/product"}],"about":[{"href":"https:\/\/esquell.eu\/de\/wp-json\/wp\/v2\/types\/product"}],"replies":[{"embeddable":true,"href":"https:\/\/esquell.eu\/de\/wp-json\/wp\/v2\/comments?post=15332"}],"wp:featuredmedia":[{"embeddable":true,"href":"https:\/\/esquell.eu\/de\/wp-json\/wp\/v2\/media\/6343"}],"wp:attachment":[{"href":"https:\/\/esquell.eu\/de\/wp-json\/wp\/v2\/media?parent=15332"}],"wp:term":[{"taxonomy":"more","embeddable":true,"href":"https:\/\/esquell.eu\/de\/wp-json\/wp\/v2\/more?post=15332"},{"taxonomy":"product_brand","embeddable":true,"href":"https:\/\/esquell.eu\/de\/wp-json\/wp\/v2\/product_brand?post=15332"},{"taxonomy":"product_cat","embeddable":true,"href":"https:\/\/esquell.eu\/de\/wp-json\/wp\/v2\/product_cat?post=15332"},{"taxonomy":"product_tag","embeddable":true,"href":"https:\/\/esquell.eu\/de\/wp-json\/wp\/v2\/product_tag?post=15332"}],"curies":[{"name":"wp","href":"https:\/\/api.w.org\/{rel}","templated":true}]}}