{"id":15331,"date":"2025-04-03T09:14:30","date_gmt":"2025-04-03T09:14:30","guid":{"rendered":"https:\/\/esquell.eu\/product\/silberanhaenger-oese-buegel-925-silber-725-mm\/"},"modified":"2025-04-03T09:14:30","modified_gmt":"2025-04-03T09:14:30","slug":"silberanhaenger-oese-buegel-925-silber-725-mm","status":"publish","type":"product","link":"https:\/\/esquell.eu\/de\/produkt\/silberanhaenger-oese-buegel-925-silber-725-mm\/","title":{"rendered":"Silberanh\u00e4nger \u00d6se, B\u00fcgel, 925 Silber 7*2,5 mm"},"content":{"rendered":"<p>Silberanh\u00e4nger \u00d6se, Einh\u00e4nge\u00f6se 925 Sterling Silber 7*2,5 mm<\/p>\n","protected":false},"excerpt":{"rendered":"<p><strong>Beim Kauf mehrerer St\u00fccke extra g\u00fcnstig<\/strong><\/p>\n<p>Silberanh\u00e4nger \u00d6se, B\u00fcgel, 925 Silber 7*2,5 mm<\/p>\n<p>&nbsp;<\/p>\n<p>&nbsp;<\/p>\n","protected":false},"featured_media":6342,"comment_status":"closed","ping_status":"closed","template":"","meta":{"_acf_changed":false,"_seopress_robots_primary_cat":"none","_seopress_titles_title":"","_seopress_titles_desc":"","_seopress_robots_index":""},"more":[],"product_brand":[6703],"product_cat":[12313],"product_tag":[6488,14366,14362,6921,6494,12326,11399,14364,9802,12316,14327,14365,12460,14367,7178,12518,9425,6432,6424,6926,7023,11059,6419,14369,14370,7539,6417,6671,6812,7086,6996,6920,14368,14360,6429],"class_list":{"0":"post-15331","1":"product","2":"type-product","3":"status-publish","4":"has-post-thumbnail","6":"product_brand-bm","7":"product_cat-anhangerosen-bugel-und-schraubosen","8":"product_tag-6488","9":"product_tag-bewegen","10":"product_tag-bohren-2","11":"product_tag-charme","12":"product_tag-diy","13":"product_tag-ey","14":"product_tag-gummi-2","15":"product_tag-hakenauge","16":"product_tag-kann","17":"product_tag-kaution","18":"product_tag-kaution-2","19":"product_tag-kaution-innen","20":"product_tag-machen-2","21":"product_tag-mehr","22":"product_tag-nicht","23":"product_tag-pendelauge-2","24":"product_tag-perle","25":"product_tag-real","26":"product_tag-rein","27":"product_tag-rein-2","28":"product_tag-rein-3","29":"product_tag-schmieden","30":"product_tag-schmuck","31":"product_tag-schmuckdesign","32":"product_tag-schmuckformen","33":"product_tag-schmuckteile","34":"product_tag-silber","35":"product_tag-silber-2","36":"product_tag-silber-3","37":"product_tag-silberschmiede","38":"product_tag-sollid","39":"product_tag-sterling","40":"product_tag-stoppwulst","41":"product_tag-stopsel-2","42":"product_tag-wirklich","43":"product_shipping_class-standard","45":"first","46":"instock","47":"taxable","48":"shipping-taxable","49":"purchasable","50":"product-type-simple"},"acf":[],"_links":{"self":[{"href":"https:\/\/esquell.eu\/de\/wp-json\/wp\/v2\/product\/15331","targetHints":{"allow":["GET"]}}],"collection":[{"href":"https:\/\/esquell.eu\/de\/wp-json\/wp\/v2\/product"}],"about":[{"href":"https:\/\/esquell.eu\/de\/wp-json\/wp\/v2\/types\/product"}],"replies":[{"embeddable":true,"href":"https:\/\/esquell.eu\/de\/wp-json\/wp\/v2\/comments?post=15331"}],"wp:featuredmedia":[{"embeddable":true,"href":"https:\/\/esquell.eu\/de\/wp-json\/wp\/v2\/media\/6342"}],"wp:attachment":[{"href":"https:\/\/esquell.eu\/de\/wp-json\/wp\/v2\/media?parent=15331"}],"wp:term":[{"taxonomy":"more","embeddable":true,"href":"https:\/\/esquell.eu\/de\/wp-json\/wp\/v2\/more?post=15331"},{"taxonomy":"product_brand","embeddable":true,"href":"https:\/\/esquell.eu\/de\/wp-json\/wp\/v2\/product_brand?post=15331"},{"taxonomy":"product_cat","embeddable":true,"href":"https:\/\/esquell.eu\/de\/wp-json\/wp\/v2\/product_cat?post=15331"},{"taxonomy":"product_tag","embeddable":true,"href":"https:\/\/esquell.eu\/de\/wp-json\/wp\/v2\/product_tag?post=15331"}],"curies":[{"name":"wp","href":"https:\/\/api.w.org\/{rel}","templated":true}]}}