{"id":15306,"date":"2025-04-03T09:14:30","date_gmt":"2025-04-03T09:14:30","guid":{"rendered":"https:\/\/esquell.eu\/product\/art-clay-silber-infoblatt-preis-pro-20-stueck\/"},"modified":"2025-11-08T19:43:29","modified_gmt":"2025-11-08T19:43:29","slug":"art-clay-silber-infoblatt-preis-pro-20-stueck","status":"publish","type":"product","link":"https:\/\/esquell.eu\/de\/produkt\/art-clay-silber-infoblatt-preis-pro-20-stueck\/","title":{"rendered":"Art Clay Silber Infoblatt, Preis pro 20 St\u00fcck"},"content":{"rendered":"<p>Art Clay Informationsbrosch\u00fcre f\u00fcr Werbezwecke<\/p>\n<p>Ausschlie\u00dflich f\u00fcr zertifizierte Ausbilder<\/p>\n<p>Brosch\u00fcre mit Platz f\u00fcr Aufkleber oder Stempel des zertifizierten Ausbilders.<\/p>\n<p>ausschlie\u00dflich f\u00fcr zertifizierte Ausbilder<\/p>\n","protected":false},"excerpt":{"rendered":"<p>Art Clay Informationsbrosch\u00fcre f\u00fcr Werbezwecke<\/p>\n<p>Exklusiv f\u00fcr zertifizierte Ausbilder<\/p>\n<p>Brosch\u00fcre mit Platz f\u00fcr Aufkleber oder Stempel des zertifizierten Ausbilders.<\/p>\n<p>&nbsp;<\/p>\n","protected":false},"featured_media":7021,"comment_status":"closed","ping_status":"closed","template":"","meta":{"_acf_changed":false,"_seopress_robots_primary_cat":"none","_seopress_titles_title":"","_seopress_titles_desc":"","_seopress_robots_index":""},"more":[],"product_brand":[6413],"product_cat":[11196],"product_tag":[6438,14280,14283,14285],"class_list":{"0":"post-15306","1":"product","2":"type-product","3":"status-publish","4":"has-post-thumbnail","6":"product_brand-acs","7":"product_cat-schulungen","8":"product_tag-artclaysilver","9":"product_tag-artclaysilverworkshops","10":"product_tag-flugblatt","11":"product_tag-informationen","12":"product_shipping_class-standard","14":"first","15":"instock","16":"taxable","17":"shipping-taxable","18":"purchasable","19":"product-type-simple"},"acf":[],"_links":{"self":[{"href":"https:\/\/esquell.eu\/de\/wp-json\/wp\/v2\/product\/15306","targetHints":{"allow":["GET"]}}],"collection":[{"href":"https:\/\/esquell.eu\/de\/wp-json\/wp\/v2\/product"}],"about":[{"href":"https:\/\/esquell.eu\/de\/wp-json\/wp\/v2\/types\/product"}],"replies":[{"embeddable":true,"href":"https:\/\/esquell.eu\/de\/wp-json\/wp\/v2\/comments?post=15306"}],"wp:featuredmedia":[{"embeddable":true,"href":"https:\/\/esquell.eu\/de\/wp-json\/wp\/v2\/media\/7021"}],"wp:attachment":[{"href":"https:\/\/esquell.eu\/de\/wp-json\/wp\/v2\/media?parent=15306"}],"wp:term":[{"taxonomy":"more","embeddable":true,"href":"https:\/\/esquell.eu\/de\/wp-json\/wp\/v2\/more?post=15306"},{"taxonomy":"product_brand","embeddable":true,"href":"https:\/\/esquell.eu\/de\/wp-json\/wp\/v2\/product_brand?post=15306"},{"taxonomy":"product_cat","embeddable":true,"href":"https:\/\/esquell.eu\/de\/wp-json\/wp\/v2\/product_cat?post=15306"},{"taxonomy":"product_tag","embeddable":true,"href":"https:\/\/esquell.eu\/de\/wp-json\/wp\/v2\/product_tag?post=15306"}],"curies":[{"name":"wp","href":"https:\/\/api.w.org\/{rel}","templated":true}]}}