{"id":15257,"date":"2025-04-03T09:15:02","date_gmt":"2025-04-03T09:15:02","guid":{"rendered":"https:\/\/esquell.eu\/product\/mutter-und-schraube-aus-edelstahl-fuer-wechselschmuck-m-2-5-pro-10-stueck\/"},"modified":"2025-11-08T20:25:56","modified_gmt":"2025-11-08T20:25:56","slug":"mutter-und-schraube-aus-edelstahl-fuer-wechselschmuck-m-2-5-pro-10-stueck","status":"publish","type":"product","link":"https:\/\/esquell.eu\/de\/produkt\/mutter-und-schraube-aus-edelstahl-fuer-wechselschmuck-m-2-5-pro-10-stueck\/","title":{"rendered":"Mutter und Schraube aus Edelstahl f\u00fcr Wechselschmuck. M 2.5 pro 10 St\u00fcck"},"content":{"rendered":"<p>Diese kleinen Edelstahlteile sind perfekt, um ver\u00e4nderbare Schmuckst\u00fccke herzustellen, die Sie immer wieder anpassen und kombinieren k\u00f6nnen. Die Schrauben und Muttern eignen sich zum Brennen in Silberton oder anderem Metallton, f\u00fcr Glas oder eine Kombination aus Glas und Metallton. <\/p>\n<p>Mit Schrauben und Muttern aus Edelstahl k\u00f6nnen Sie endlos variieren und kombinieren.<\/p>\n<p>So kreieren Sie immer wieder neuen und einzigartigen Schmuck<br \/>\nDie Schrauben und Muttern aus Edelstahl eignen sich perfekt f\u00fcr die Herstellung von einzigartigem Schmuck.<\/p>\n","protected":false},"excerpt":{"rendered":"<p>Diese kleinen Edelstahlteile sind perfekt, um ver\u00e4nderbare Schmuckst\u00fccke herzustellen, die Sie immer wieder anpassen und kombinieren k\u00f6nnen. Die Schrauben und Muttern eignen sich zum Brennen in Silberton oder anderem Metallton, f\u00fcr Glas oder eine Kombination aus Glas und Metallton. <\/p>\n<p>Mit Schrauben und Muttern aus Edelstahl k\u00f6nnen Sie endlos variieren und kombinieren.<\/p>\n<p>So kreieren Sie immer wieder neuen und einzigartigen Schmuck<br \/>\nDie Schrauben und Muttern aus Edelstahl eignen sich perfekt f\u00fcr die Herstellung von einzigartigem Schmuck.<\/p>\n","protected":false},"featured_media":7715,"comment_status":"closed","ping_status":"closed","template":"","meta":{"_acf_changed":false,"_seopress_robots_primary_cat":"none","_seopress_titles_title":"","_seopress_titles_desc":"","_seopress_robots_index":""},"more":[],"product_brand":[6365,6518],"product_cat":[12594],"product_tag":[13546,10696,8609,21516,14198,14207,6790,6415,21517,14204,6494,9979,13220,14208,7017,7808,9393,11312,6786,6885,14206,6421,6444,6441,12520,14200,14213,14205,6682,6788,6777,14211,7742,6419,14202,6490,6781,6784,6783],"class_list":{"0":"post-15257","1":"product","2":"type-product","3":"status-publish","4":"has-post-thumbnail","6":"product_brand-l1","7":"product_brand-prometheus","8":"product_cat-andere-metalle","9":"product_tag-com","10":"product_tag-10696","11":"product_tag-8609","12":"product_tag-andern-3","13":"product_tag-andern-2","14":"product_tag-austauschbar-3","15":"product_tag-bestellung","16":"product_tag-billig","17":"product_tag-bolzen-2","18":"product_tag-bolzen","19":"product_tag-diy","20":"product_tag-einzigartig","21":"product_tag-einzigartig-2","22":"product_tag-funktionsfahig","23":"product_tag-fur","24":"product_tag-glas","25":"product_tag-glasschmuck","26":"product_tag-grose","27":"product_tag-kaufen","28":"product_tag-kaufen-2","29":"product_tag-m-2","30":"product_tag-machen","31":"product_tag-metalclay","32":"product_tag-metallton","33":"product_tag-mitbraten","34":"product_tag-multi","35":"product_tag-nuss","36":"product_tag-nusse","37":"product_tag-ohrringe","38":"product_tag-online","39":"product_tag-ringe","40":"product_tag-ringkopf","41":"product_tag-rostfreier-stahl","42":"product_tag-schmuck","43":"product_tag-schmuck-andern","44":"product_tag-silberton","45":"product_tag-teile","46":"product_tag-unter-2","47":"product_tag-wobei","48":"product_shipping_class-standard","50":"first","51":"instock","52":"taxable","53":"shipping-taxable","54":"purchasable","55":"product-type-simple"},"acf":[],"_links":{"self":[{"href":"https:\/\/esquell.eu\/de\/wp-json\/wp\/v2\/product\/15257","targetHints":{"allow":["GET"]}}],"collection":[{"href":"https:\/\/esquell.eu\/de\/wp-json\/wp\/v2\/product"}],"about":[{"href":"https:\/\/esquell.eu\/de\/wp-json\/wp\/v2\/types\/product"}],"replies":[{"embeddable":true,"href":"https:\/\/esquell.eu\/de\/wp-json\/wp\/v2\/comments?post=15257"}],"wp:featuredmedia":[{"embeddable":true,"href":"https:\/\/esquell.eu\/de\/wp-json\/wp\/v2\/media\/7715"}],"wp:attachment":[{"href":"https:\/\/esquell.eu\/de\/wp-json\/wp\/v2\/media?parent=15257"}],"wp:term":[{"taxonomy":"more","embeddable":true,"href":"https:\/\/esquell.eu\/de\/wp-json\/wp\/v2\/more?post=15257"},{"taxonomy":"product_brand","embeddable":true,"href":"https:\/\/esquell.eu\/de\/wp-json\/wp\/v2\/product_brand?post=15257"},{"taxonomy":"product_cat","embeddable":true,"href":"https:\/\/esquell.eu\/de\/wp-json\/wp\/v2\/product_cat?post=15257"},{"taxonomy":"product_tag","embeddable":true,"href":"https:\/\/esquell.eu\/de\/wp-json\/wp\/v2\/product_tag?post=15257"}],"curies":[{"name":"wp","href":"https:\/\/api.w.org\/{rel}","templated":true}]}}