{"id":15255,"date":"2025-04-03T09:15:17","date_gmt":"2025-04-03T09:15:17","guid":{"rendered":"https:\/\/esquell.eu\/product\/mini-magnet-zum-herstellen-eigener-schlitten-aus-metallton-verpackt-pro-10-stueck\/"},"modified":"2025-11-08T20:26:16","modified_gmt":"2025-11-08T20:26:16","slug":"mini-magnet-zum-herstellen-eigener-schlitten-aus-metallton-verpackt-pro-10-stueck","status":"publish","type":"product","link":"https:\/\/esquell.eu\/de\/produkt\/mini-magnet-zum-herstellen-eigener-schlitten-aus-metallton-verpackt-pro-10-stueck\/","title":{"rendered":"Mini-Magnet zum Herstellen eigener Schlitten aus Metallton. Verpackt pro 10 St\u00fcck"},"content":{"rendered":"<div class=\"product-addition-content\">\n<p>Mini-Magnete.<\/p>\n<p>Gr\u00f6\u00dfe 5 mm x 1,5 mm. Verpackt pro 10 St\u00fcck <\/p>\n<p>Geeignet f\u00fcr die Herstellung von Spangen aus Metallton (Silberton, Bronzeton, Kupferton)<\/p>\n<p>Wenn Sie z.B. hohle runde R\u00f6hren aus Metal Clay herstellen, deren Innenma\u00df etwas gr\u00f6\u00dfer ist als der Durchmesser des Magneten, er\u00f6ffnen sich unbegrenzte M\u00f6glichkeiten f\u00fcr die Gestaltung von Metal Clay Schl\u00f6ssern. Auch andere Formen, in die der Magnet eingearbeitet werden kann, sind m\u00f6glich. Auch geeignet f\u00fcr andere Arten von Ton wie Fimo, Cernit, Polymer Clay, etc.  <\/p>\n<p>Nicht mitbacken. Nach dem Backen mit Schmuckkleber befestigen. <\/p>\n<\/div>\n","protected":false},"excerpt":{"rendered":"<p>Mini-Magnete.<\/p>\n<p>Gr\u00f6\u00dfe 5 mm x 1,5 mm. Verpackt pro 10 St\u00fcck <\/p>\n<p>&nbsp;<\/p>\n<p>Geeignet f\u00fcr die Herstellung von Spangen aus Metallton (Silberton, Bronzeton, Kupferton)<\/p>\n<p>Wenn Sie z.B. hohle runde R\u00f6hren aus Metal Clay herstellen, deren Innenma\u00df etwas gr\u00f6\u00dfer ist als der Durchmesser des Magneten, er\u00f6ffnen sich unbegrenzte M\u00f6glichkeiten f\u00fcr die Gestaltung von Metal Clay Schl\u00f6ssern. Auch andere Formen, in die der Magnet eingearbeitet werden kann, sind m\u00f6glich. Auch geeignet f\u00fcr andere Arten von Ton wie Fimo, Cernit, Polymer Clay, etc.  <\/p>\n<p>Nicht mitbacken. Nach dem Backen mit <a href=\"?ObjectPath=\/Shops\/83636376\/Products\/AM0008\">Schmuckkleber<\/a> befestigen. <\/p>\n","protected":false},"featured_media":7147,"comment_status":"closed","ping_status":"closed","template":"","meta":{"_acf_changed":false,"_seopress_robots_primary_cat":"none","_seopress_titles_title":"","_seopress_titles_desc":"","_seopress_robots_index":""},"more":[],"product_brand":[6365],"product_cat":[14167,14168],"product_tag":[9102,7803,6948,7798,6817,6773,6438,6944,21527,9168,7812,9618,6929,7084,6903,7123,6936,7676,9098,7804,7128,21525,6494,12865,8502,7799,6793,8512,12853,7802,7672,6934,6769,12875,6822,9678,11644,7148,6946,9135,8487,6786,6885,8261,7147,6905,6932,6950,8498,9106,6952,7801,6421,14182,21519,21523,14188,14185,21521,9090,6441,7800,6373,21520,9094,18260,12099,6788,7806,6938,12869,7674,14807,14173,6928,10726,6940,8496,14179,6419,6820,10473,7539,6779,6671,6490,14170,14176,10625,6556,21524,6784,6795,12847,8483,21526,12539,6783,14808,21522,14806,7796],"class_list":{"0":"post-15255","1":"product","2":"type-product","3":"status-publish","4":"has-post-thumbnail","6":"product_brand-l1","7":"product_cat-925-sterling-silber","8":"product_cat-andere-metalle-2","9":"product_tag-aarschot","10":"product_tag-almelo","11":"product_tag-almere","12":"product_tag-amersfoort","13":"product_tag-amsterdam","14":"product_tag-antwerpen","15":"product_tag-artclaysilver","16":"product_tag-assen","17":"product_tag-asten-valkenswaard","18":"product_tag-barneveld","19":"product_tag-beilen","20":"product_tag-beste","21":"product_tag-blei","22":"product_tag-breda","23":"product_tag-bronze-ton","24":"product_tag-brucke","25":"product_tag-brussel","26":"product_tag-cernit","27":"product_tag-courtrai","28":"product_tag-delft","29":"product_tag-den-haag","30":"product_tag-deurne","31":"product_tag-diy","32":"product_tag-domburg","33":"product_tag-dronten","34":"product_tag-eindhoven","35":"product_tag-einkaufen","36":"product_tag-emmeloord","37":"product_tag-enkhuizen","38":"product_tag-enschede","39":"product_tag-fimo","40":"product_tag-gent","41":"product_tag-goldton","42":"product_tag-gouda","43":"product_tag-groningen","44":"product_tag-hardenberg","45":"product_tag-harlingen","46":"product_tag-hasselt","47":"product_tag-heerenveen","48":"product_tag-helmond","49":"product_tag-hoogeveen","50":"product_tag-kaufen","51":"product_tag-kaufen-2","52":"product_tag-klein-2","53":"product_tag-knokke","54":"product_tag-kupferton","55":"product_tag-leeuwarden","56":"product_tag-lelystad","57":"product_tag-lemmer","58":"product_tag-lokeren","59":"product_tag-luttich","60":"product_tag-maastricht","61":"product_tag-machen","62":"product_tag-magnet","63":"product_tag-magnete","64":"product_tag-magnetschlosser","65":"product_tag-magnetverschluss","66":"product_tag-magnetverschlusse","67":"product_tag-magnetverschlusse-2","68":"product_tag-mechelen","69":"product_tag-metallton","70":"product_tag-middelburg","71":"product_tag-mini","72":"product_tag-mini-magnete","73":"product_tag-namen-leuven","74":"product_tag-nieuwegein","75":"product_tag-ommen-2","76":"product_tag-online","77":"product_tag-oss","78":"product_tag-ostende","79":"product_tag-ouddorp","80":"product_tag-polymer-clay","81":"product_tag-renesse","82":"product_tag-roosendaal","83":"product_tag-rotterdam","84":"product_tag-rund","85":"product_tag-scheveningen","86":"product_tag-schliesungen","87":"product_tag-schlosser","88":"product_tag-schmuck","89":"product_tag-schmuck-2","90":"product_tag-schmuck-selber-machen-2","91":"product_tag-schmuckteile","92":"product_tag-selbstgemacht","93":"product_tag-silber-2","94":"product_tag-silberton","95":"product_tag-sperren-3","96":"product_tag-spijkenisse","97":"product_tag-tilburg","98":"product_tag-ton-3","99":"product_tag-uden","100":"product_tag-unter-2","101":"product_tag-utrecht","102":"product_tag-veghel","103":"product_tag-venlo","104":"product_tag-venray","105":"product_tag-verschluss","106":"product_tag-wobei","107":"product_tag-woerden","108":"product_tag-zefl","109":"product_tag-zierikzee","110":"product_tag-zwolle","111":"product_shipping_class-standard","113":"first","114":"instock","115":"taxable","116":"shipping-taxable","117":"purchasable","118":"product-type-simple"},"acf":[],"_links":{"self":[{"href":"https:\/\/esquell.eu\/de\/wp-json\/wp\/v2\/product\/15255","targetHints":{"allow":["GET"]}}],"collection":[{"href":"https:\/\/esquell.eu\/de\/wp-json\/wp\/v2\/product"}],"about":[{"href":"https:\/\/esquell.eu\/de\/wp-json\/wp\/v2\/types\/product"}],"replies":[{"embeddable":true,"href":"https:\/\/esquell.eu\/de\/wp-json\/wp\/v2\/comments?post=15255"}],"wp:featuredmedia":[{"embeddable":true,"href":"https:\/\/esquell.eu\/de\/wp-json\/wp\/v2\/media\/7147"}],"wp:attachment":[{"href":"https:\/\/esquell.eu\/de\/wp-json\/wp\/v2\/media?parent=15255"}],"wp:term":[{"taxonomy":"more","embeddable":true,"href":"https:\/\/esquell.eu\/de\/wp-json\/wp\/v2\/more?post=15255"},{"taxonomy":"product_brand","embeddable":true,"href":"https:\/\/esquell.eu\/de\/wp-json\/wp\/v2\/product_brand?post=15255"},{"taxonomy":"product_cat","embeddable":true,"href":"https:\/\/esquell.eu\/de\/wp-json\/wp\/v2\/product_cat?post=15255"},{"taxonomy":"product_tag","embeddable":true,"href":"https:\/\/esquell.eu\/de\/wp-json\/wp\/v2\/product_tag?post=15255"}],"curies":[{"name":"wp","href":"https:\/\/api.w.org\/{rel}","templated":true}]}}