{"id":15213,"date":"2025-04-03T09:15:49","date_gmt":"2025-04-03T09:15:49","guid":{"rendered":"https:\/\/esquell.eu\/product\/glasnuggets-verschiedene-farben-10x10-mm-5-stueck-acs-fuer-glasfusing\/"},"modified":"2025-04-03T09:15:49","modified_gmt":"2025-04-03T09:15:49","slug":"glasnuggets-verschiedene-farben-10x10-mm-5-stueck-acs-fuer-glasfusing","status":"publish","type":"product","link":"https:\/\/esquell.eu\/de\/produkt\/glasnuggets-verschiedene-farben-10x10-mm-5-stueck-acs-fuer-glasfusing\/","title":{"rendered":"Glasnuggets verschiedene Farben 10&#215;10 mm, 5 St\u00fcck ACS f\u00fcr Glasfusing"},"content":{"rendered":"<p>Glasnuggets, Cabochons, Verschiedene Farben. Das Glas (Bulls Eye) muss zun\u00e4chst zu einem Glasnugget\/Cabochon verschmolzen werden und kann dann in Silberton eingearbeitet werden, um Schmuck herzustellen. Das Glas hat einen COE 90 (Ausdehnungskoeffizient). 5 St\u00fcck pro Beutel.   <\/p>\n","protected":false},"excerpt":{"rendered":"<p>Glasnuggets, Cabochons, Verschiedene Farben. Das Glas (Bulls Eye) muss zun\u00e4chst zu einem Glasnugget\/Cabochon verschmolzen werden und kann dann in Silberton eingearbeitet werden, um Schmuck herzustellen. Das Glas hat einen COE 90 (Ausdehnungskoeffizient). 5 St\u00fcck pro Beutel.   <\/p>\n","protected":false},"featured_media":7140,"comment_status":"closed","ping_status":"closed","template":"","meta":{"_acf_changed":false,"_seopress_robots_primary_cat":"none","_seopress_titles_title":"","_seopress_titles_desc":"","_seopress_robots_index":""},"more":[],"product_brand":[6413],"product_cat":[10777],"product_tag":[14127,14123,14125,7957,10815,13624,7808,14115,14117,10846,13386,8858,13387,14101,10866,6490,14121,14119],"class_list":{"0":"post-15213","1":"product","2":"type-product","3":"status-publish","4":"has-post-thumbnail","6":"product_brand-acs","7":"product_cat-glas-und-glasreste","8":"product_tag-14127","9":"product_tag-auge","10":"product_tag-ausdehnungskoeffizient","11":"product_tag-cabochon","12":"product_tag-coe","13":"product_tag-einheiten","14":"product_tag-glas","15":"product_tag-glascabochon","16":"product_tag-glasnugget","17":"product_tag-glasschmelzen-2","18":"product_tag-glasschmelzen-3","19":"product_tag-glasschmelzen","20":"product_tag-glassfush","21":"product_tag-in-wallung-bringen","22":"product_tag-schmelzen-3","23":"product_tag-silberton","24":"product_tag-stiere","25":"product_tag-verschmolzen","26":"product_shipping_class-standard","27":"pa_kleur-blau","28":"pa_kleur-dunkelgrun","29":"pa_kleur-helles-grun","30":"pa_kleur-helles-weis","31":"pa_kleur-hellviolett","33":"first","34":"instock","35":"taxable","36":"shipping-taxable","37":"purchasable","38":"product-type-variable"},"acf":[],"_links":{"self":[{"href":"https:\/\/esquell.eu\/de\/wp-json\/wp\/v2\/product\/15213","targetHints":{"allow":["GET"]}}],"collection":[{"href":"https:\/\/esquell.eu\/de\/wp-json\/wp\/v2\/product"}],"about":[{"href":"https:\/\/esquell.eu\/de\/wp-json\/wp\/v2\/types\/product"}],"replies":[{"embeddable":true,"href":"https:\/\/esquell.eu\/de\/wp-json\/wp\/v2\/comments?post=15213"}],"wp:featuredmedia":[{"embeddable":true,"href":"https:\/\/esquell.eu\/de\/wp-json\/wp\/v2\/media\/7140"}],"wp:attachment":[{"href":"https:\/\/esquell.eu\/de\/wp-json\/wp\/v2\/media?parent=15213"}],"wp:term":[{"taxonomy":"more","embeddable":true,"href":"https:\/\/esquell.eu\/de\/wp-json\/wp\/v2\/more?post=15213"},{"taxonomy":"product_brand","embeddable":true,"href":"https:\/\/esquell.eu\/de\/wp-json\/wp\/v2\/product_brand?post=15213"},{"taxonomy":"product_cat","embeddable":true,"href":"https:\/\/esquell.eu\/de\/wp-json\/wp\/v2\/product_cat?post=15213"},{"taxonomy":"product_tag","embeddable":true,"href":"https:\/\/esquell.eu\/de\/wp-json\/wp\/v2\/product_tag?post=15213"}],"curies":[{"name":"wp","href":"https:\/\/api.w.org\/{rel}","templated":true}]}}