{"id":15144,"date":"2025-04-03T09:17:04","date_gmt":"2025-04-03T09:17:04","guid":{"rendered":"https:\/\/esquell.eu\/product\/unregelmaessige-natuerliche-kieselsteine-mix-1-assorted-ca-40-gramm\/"},"modified":"2025-11-20T23:52:16","modified_gmt":"2025-11-20T23:52:16","slug":"unregelmaessige-natuerliche-kieselsteine-mix-1-assorted-ca-40-gramm","status":"publish","type":"product","link":"https:\/\/esquell.eu\/de\/produkt\/unregelmaessige-natuerliche-kieselsteine-mix-1-assorted-ca-40-gramm\/","title":{"rendered":"Unregelm\u00e4\u00dfige nat\u00fcrliche Kieselsteine. Mix 1 Assorted. ca. 40 Gramm"},"content":{"rendered":"<p>Assortierte unregelm\u00e4\u00dfige Kieselsteine. Mindestens 10 Sorten pro Beutel. <\/p>\n<p>Mit kleinen Steinen mischen, durchschnittlich 2-8 mm<\/p>\n<p>Insgesamt 40 Gramm pro Beutel.<\/p>\n<p>(auch \u00e4hnliche Steine wie die Beispielringe, Bilder, sind im Angebot)<\/p>\n<p>Unter anderem.<\/p>\n<p>Gr\u00fcner Aventurin<\/p>\n<p>Das Auge des Tigers<\/p>\n<p>Labradorit<\/p>\n<p>Granat<\/p>\n<p>Rosa Quarz<\/p>\n<p>Bergkristall<\/p>\n<p>Mondstein<\/p>\n<p>Blauer Aventurin<\/p>\n<p>Apatit<\/p>\n<p>Amazonit<\/p>\n<p>Flurit<\/p>\n<p>Aquamarin<\/p>\n<p>Lapislazuli<\/p>\n","protected":false},"excerpt":{"rendered":"<p>Assortierte unregelm\u00e4\u00dfige Kieselsteine. Mindestens 10 Sorten pro Beutel. <\/p>\n<p>Mit kleinen Steinen mischen, durchschnittlich 2-8 mm<\/p>\n<p>Insgesamt 40 Gramm pro Beutel.<\/p>\n<p>(auch \u00e4hnliche Steine wie die Beispielringe, Bilder, sind im Angebot)<\/p>\n<p>Unter anderem.<\/p>\n<p>Gr\u00fcner Aventurin<\/p>\n<p>Das Auge des Tigers<\/p>\n<p>Labradorit<\/p>\n<p>Granat<\/p>\n<p>Rosa Quarz<\/p>\n<p>Bergkristall<\/p>\n<p>Mondstein<\/p>\n<p>Blauer Aventurin<\/p>\n<p>Apatit<\/p>\n<p>Amazonit<\/p>\n<p>Flurit<\/p>\n<p>Aquamarin<\/p>\n<p>Lapislazuli<\/p>\n<p>&nbsp;<\/p>\n<p>&nbsp;<\/p>\n<p>Kombinieren Sie mit<\/p>\n<p><a href=\"https:\/\/www.esquell.nl\/p\/anti-krimp-compound-voor-metaalklei-zilverklei\"><strong><u>Anti-Schrumpf-Compound f\u00fcr Silberton \/ Metallton<\/u><\/strong><\/a><\/p>\n<p><a href=\"https:\/\/www.esquell.nl\/p\/led-en-uv-resin-25-gram-extra-helder-en-extra-hard-japan-r-1075\"><strong><u>LED und UV-Superharz.<\/u><\/strong><\/a><\/p>\n<p>&nbsp;<\/p>\n","protected":false},"featured_media":15145,"comment_status":"closed","ping_status":"closed","template":"","meta":{"_acf_changed":false,"_seopress_robots_primary_cat":"none","_seopress_titles_title":"","_seopress_titles_desc":"","_seopress_robots_index":""},"more":[],"product_brand":[6365],"product_cat":[13179],"product_tag":[14017,12897,14015,14021,14003,14001,14019,7680,7017,7808,14009,14005,6421,7317,14011,14013,6419,14023,15997,12331,14007,11566],"class_list":{"0":"post-15144","1":"product","2":"type-product","3":"status-publish","4":"has-post-thumbnail","6":"product_brand-l1","7":"product_cat-cabochons-andere-formen","8":"product_tag-amazonit","9":"product_tag-amethyst","10":"product_tag-apatit","11":"product_tag-aquamarin","12":"product_tag-aventurin","13":"product_tag-bio","14":"product_tag-flurite","15":"product_tag-formulare","16":"product_tag-fur","17":"product_tag-glas","18":"product_tag-grob-2","19":"product_tag-labradorit","20":"product_tag-machen","21":"product_tag-naturstein","22":"product_tag-rouch","23":"product_tag-ruch","24":"product_tag-schmuck","25":"product_tag-skurril","26":"product_tag-skurril-2","27":"product_tag-tigerauge","28":"product_tag-unregelmasig-2","29":"product_tag-unregelmasig","30":"product_shipping_class-standard","32":"first","33":"instock","34":"sale","35":"taxable","36":"shipping-taxable","37":"purchasable","38":"product-type-simple"},"acf":[],"_links":{"self":[{"href":"https:\/\/esquell.eu\/de\/wp-json\/wp\/v2\/product\/15144","targetHints":{"allow":["GET"]}}],"collection":[{"href":"https:\/\/esquell.eu\/de\/wp-json\/wp\/v2\/product"}],"about":[{"href":"https:\/\/esquell.eu\/de\/wp-json\/wp\/v2\/types\/product"}],"replies":[{"embeddable":true,"href":"https:\/\/esquell.eu\/de\/wp-json\/wp\/v2\/comments?post=15144"}],"wp:featuredmedia":[{"embeddable":true,"href":"https:\/\/esquell.eu\/de\/wp-json\/wp\/v2\/media\/15145"}],"wp:attachment":[{"href":"https:\/\/esquell.eu\/de\/wp-json\/wp\/v2\/media?parent=15144"}],"wp:term":[{"taxonomy":"more","embeddable":true,"href":"https:\/\/esquell.eu\/de\/wp-json\/wp\/v2\/more?post=15144"},{"taxonomy":"product_brand","embeddable":true,"href":"https:\/\/esquell.eu\/de\/wp-json\/wp\/v2\/product_brand?post=15144"},{"taxonomy":"product_cat","embeddable":true,"href":"https:\/\/esquell.eu\/de\/wp-json\/wp\/v2\/product_cat?post=15144"},{"taxonomy":"product_tag","embeddable":true,"href":"https:\/\/esquell.eu\/de\/wp-json\/wp\/v2\/product_tag?post=15144"}],"curies":[{"name":"wp","href":"https:\/\/api.w.org\/{rel}","templated":true}]}}