{"id":15119,"date":"2025-04-03T09:20:27","date_gmt":"2025-04-03T09:20:27","guid":{"rendered":"https:\/\/esquell.eu\/product\/prometheus-backofen-pro-1-programmierbar\/"},"modified":"2026-03-23T20:22:31","modified_gmt":"2026-03-23T20:22:31","slug":"prometheus-backofen-pro-1-programmierbar","status":"publish","type":"product","link":"https:\/\/esquell.eu\/de\/produkt\/prometheus-backofen-pro-1-programmierbar\/","title":{"rendered":"Prometheus Backofen Pro-1 programmierbar"},"content":{"rendered":"<p>Dieser Brennofen mit Digitalanzeige und Thermostat eignet sich f\u00fcr Art Clay Silber, Kupfer und Gold, Prometheus Bronze, Glas, Emaillieren, kleine Keramikgegenst\u00e4nde, Glasfusing, Glasperlen usw. Fassungsverm\u00f6gen 1175 cm3. Digitale Temperaturregelung.   Inklusive englischsprachigem Handbuch. 2 Jahre Garantie (bei normalem Gebrauch und ordnungsgem\u00e4\u00dfer Lagerung). Wird standardm\u00e4\u00dfig ohne optionale Glasplatte (ZK0013A) geliefert. RAM-Funktion: Die digitale Steuerung dieses Backofens ist in 8 verschiedenen Programmen mit bis zu 5 Schritten programmierbar.<\/p>\n<p><u><strong>Die Prometheus-\u00d6fen werden standardm\u00e4\u00dfig ohne Glimmerfenster geliefert. Insbesondere bei der Verwendung des Ofens zum Glasschmelzen ist es ratsam, ein Glimmerglas einzusetzen.  <\/strong><\/u><\/p>\n<p>Technische Daten:<\/p>\n<ul>\n<li>Spannungen:220 VAmps:3.2 A<\/li>\n<li>Wattzahl:700 WTemp.<\/li>\n<li>Steuerung:Digital, 9 Programme mit jeweils 5 Schritten<\/li>\n<li>Max. Temperatur:1000 \u00baC <\/li>\n<li>\u00c4u\u00dfere Abmessungen:Breite: 22,5 cm x Tiefe: 22,0 cm x H\u00f6he: 28,0 cm<\/li>\n<li>Innenma\u00dfe:Breite: 11,5 cm x Tiefe: 13,0 cm x H\u00f6he: 7,0 cm<\/li>\n<li>Gewicht:5,7 kg<\/li>\n<li>Garantie:2 Jahre; ausgenommen unsachgem\u00e4\u00dfe Lagerung und Verwendung<\/li>\n<\/ul>\n<p>Auch verf\u00fcgbar<br \/>\nPro 1 (Nicht programmierbar)<\/p>\n<p>Pro 7 PRG (Extra gro\u00df und programmierbar)<\/p>\n","protected":false},"excerpt":{"rendered":"<p>Hinweis: Liefertermin um den 25. M\u00e4rz<\/p>\n<p>&nbsp;<\/p>\n<p>Dieser Brennofen mit Digitalanzeige und Thermostat eignet sich f\u00fcr Art Clay Silber, Kupfer und Gold, Prometheus Bronze, Glas, Emaillieren, kleine Keramikgegenst\u00e4nde, Glasfusing, Glasperlen usw. Fassungsverm\u00f6gen 1175 cm3. Digitale Temperaturregelung.   Inklusive englischsprachigem Handbuch. 2 Jahre Garantie (bei normalem Gebrauch und ordnungsgem\u00e4\u00dfer Lagerung). Wird standardm\u00e4\u00dfig ohne optionale Glasplatte (ZK0013A) geliefert. RAM-Funktion: Die digitale Steuerung dieses Backofens ist in 8 verschiedenen Programmen mit bis zu 5 Schritten programmierbar.<\/p>\n<p>&nbsp;<\/p>\n<p><u><strong><a href=\"https:\/\/www.esquell.nl\/p\/mica-raam-voor-prometheus-oven-3-3-cm\">Die Prometheus-\u00d6fen werden standardm\u00e4\u00dfig ohne Glimmerfenster geliefert. Insbesondere bei der Verwendung des Ofens zum Glasschmelzen ist es ratsam, ein Glimmerglas einzusetzen.  <\/a><\/strong><\/u><\/p>\n<p>Technische Daten:<\/p>\n<ul>\n<li>Spannungen:220 VAmps:3.2 A<\/li>\n<li>Wattzahl:700 WTemp.<\/li>\n<li>Steuerung:Digital, 9 Programme mit jeweils 5 Schritten<\/li>\n<li>Max. Temperatur:1000 \u00baC <\/li>\n<li>\u00c4u\u00dfere Abmessungen:Breite: 22,5 cm x Tiefe: 22,0 cm x H\u00f6he: 28,0 cm<\/li>\n<li>Innenma\u00dfe:Breite: 11,5 cm x Tiefe: 13,0 cm x H\u00f6he: 7,0 cm<\/li>\n<li>Gewicht:5,7 kg<\/li>\n<li>Garantie:2 Jahre; ausgenommen unsachgem\u00e4\u00dfe Lagerung und Verwendung<\/li>\n<\/ul>\n<p>&nbsp;<\/p>\n","protected":false},"featured_media":31014,"comment_status":"closed","ping_status":"closed","template":"","meta":{"_acf_changed":false,"_seopress_robots_primary_cat":"none","_seopress_titles_title":"","_seopress_titles_desc":"","_seopress_robots_index":""},"more":[],"product_brand":[6518],"product_cat":[9853,7505,11310,7996],"product_tag":[9197,9087,6438,8543,9091,10908,11311,13937,7387,6903,11314,7197,9496,9095,13941,11874,13935,7808,10814,10766,6767,6769,6692,13939,8007,11313,8261,7111,7131,6905,6421,6444,7557,6441,11647,6682,8001,8005,11375,7133,10845,10866,6419,6417,8022,11315,8580,6435,6500],"class_list":{"0":"post-15119","1":"product","2":"type-product","3":"status-publish","4":"has-post-thumbnail","6":"product_brand-prometheus","7":"product_cat-bake-off","8":"product_cat-emaillierwerkzeuge-und-zubehor","9":"product_cat-ofen","10":"product_cat-werkzeuge-und-zubehor-fur-glas","11":"product_tag-9197","12":"product_tag-abbacken","13":"product_tag-artclaysilver","14":"product_tag-aussie","15":"product_tag-backofen","16":"product_tag-brennen","17":"product_tag-brennofen","18":"product_tag-brennofen-silber-ton","19":"product_tag-bronze","20":"product_tag-bronze-ton","21":"product_tag-digital","22":"product_tag-emaille","23":"product_tag-emaille-4","24":"product_tag-fackel","25":"product_tag-fackelbefeuerung","26":"product_tag-gasbrenner","27":"product_tag-gasherd","28":"product_tag-glas","29":"product_tag-glas-2","30":"product_tag-glasperlen","31":"product_tag-gold","32":"product_tag-goldton","33":"product_tag-handbuch","34":"product_tag-herd","35":"product_tag-keramik","36":"product_tag-keramik-4","37":"product_tag-klein-2","38":"product_tag-kunst-ton","39":"product_tag-kupfer","40":"product_tag-kupferton","41":"product_tag-machen","42":"product_tag-metalclay","43":"product_tag-metall","44":"product_tag-metallton","45":"product_tag-ofen","46":"product_tag-ohrringe","47":"product_tag-pmc","48":"product_tag-porzellan-2","49":"product_tag-porzellan-3","50":"product_tag-prometheus","51":"product_tag-schmelzen-2","52":"product_tag-schmelzen-3","53":"product_tag-schmuck","54":"product_tag-silber","55":"product_tag-silberlehm","56":"product_tag-thermostat","57":"product_tag-tipps","58":"product_tag-ton","59":"product_tag-ton-2","60":"product_shipping_class-standard","62":"first","63":"instock","64":"sale","65":"taxable","66":"shipping-taxable","67":"purchasable","68":"product-type-simple"},"acf":[],"_links":{"self":[{"href":"https:\/\/esquell.eu\/de\/wp-json\/wp\/v2\/product\/15119","targetHints":{"allow":["GET"]}}],"collection":[{"href":"https:\/\/esquell.eu\/de\/wp-json\/wp\/v2\/product"}],"about":[{"href":"https:\/\/esquell.eu\/de\/wp-json\/wp\/v2\/types\/product"}],"replies":[{"embeddable":true,"href":"https:\/\/esquell.eu\/de\/wp-json\/wp\/v2\/comments?post=15119"}],"wp:featuredmedia":[{"embeddable":true,"href":"https:\/\/esquell.eu\/de\/wp-json\/wp\/v2\/media\/31014"}],"wp:attachment":[{"href":"https:\/\/esquell.eu\/de\/wp-json\/wp\/v2\/media?parent=15119"}],"wp:term":[{"taxonomy":"more","embeddable":true,"href":"https:\/\/esquell.eu\/de\/wp-json\/wp\/v2\/more?post=15119"},{"taxonomy":"product_brand","embeddable":true,"href":"https:\/\/esquell.eu\/de\/wp-json\/wp\/v2\/product_brand?post=15119"},{"taxonomy":"product_cat","embeddable":true,"href":"https:\/\/esquell.eu\/de\/wp-json\/wp\/v2\/product_cat?post=15119"},{"taxonomy":"product_tag","embeddable":true,"href":"https:\/\/esquell.eu\/de\/wp-json\/wp\/v2\/product_tag?post=15119"}],"curies":[{"name":"wp","href":"https:\/\/api.w.org\/{rel}","templated":true}]}}