{"id":15111,"date":"2025-04-03T09:20:27","date_gmt":"2025-04-03T09:20:27","guid":{"rendered":"https:\/\/esquell.eu\/product\/polierpaste-fuer-metalle-150-g-acs-f-0311\/"},"modified":"2026-03-23T20:21:13","modified_gmt":"2026-03-23T20:21:13","slug":"polierpaste-fuer-metalle-150-g-acs-f-0311","status":"publish","type":"product","link":"https:\/\/esquell.eu\/de\/produkt\/polierpaste-fuer-metalle-150-g-acs-f-0311\/","title":{"rendered":"Polierpaste f\u00fcr Metalle Pikal Care 150 g ACS F-0311"},"content":{"rendered":"<p>Polierpaste zum Reinigen, Sch\u00fctzen und Gl\u00e4nzen von (Edel-)Metallen.<br \/>\nGut einreiben und dann mit einem Poliertuch auf Hochglanz polieren.<\/p>\n","protected":false},"excerpt":{"rendered":"<p>Polierpaste zum Reinigen, Sch\u00fctzen und Gl\u00e4nzen von (Edel-)Metallen. Gut einreiben und dann mit einem Poliertuch auf Hochglanz polieren <\/p>\n","protected":false},"featured_media":27257,"comment_status":"closed","ping_status":"closed","template":"","meta":{"_acf_changed":false,"_seopress_robots_primary_cat":"none","_seopress_titles_title":"","_seopress_titles_desc":"","_seopress_robots_index":""},"more":[],"product_brand":[6413],"product_cat":[6596,7361],"product_tag":[6488,6508,6506,8120,6689,7919,11258,6415,7387,6903,10323,6494,13902,13926,13924,9979,13928,6895,7555,13912,10520,13908,19749,13910,6994,7171,9865,13922,13904,6786,6498,7131,6905,6421,7756,8137,6441,8770,9199,6682,13906,6891,11262,9262,10325,13914,21480,13913,19871,21481,6496,13929,10313,13920,8051,13916,9202,20200,14617,6419,7021,6889,6558,6901,13551,6417,6812,6490,6996,6500,6556,6893,6784,10391,13918,6814,6429,6783],"class_list":{"0":"post-15111","1":"product","2":"type-product","3":"status-publish","4":"has-post-thumbnail","6":"product_brand-acs","7":"product_cat-grundlegende-werkzeuge","8":"product_cat-schleifen-feilen-und-polieren","9":"product_tag-6488","10":"product_tag-6508","11":"product_tag-6506","12":"product_tag-antik","13":"product_tag-armband","14":"product_tag-armbander-2","15":"product_tag-besuchen-sie","16":"product_tag-billig","17":"product_tag-bronze","18":"product_tag-bronze-ton","19":"product_tag-die","20":"product_tag-diy","21":"product_tag-dunkel","22":"product_tag-edelmetall-spiegelpolitur","23":"product_tag-edelmetalle-2","24":"product_tag-einzigartig","25":"product_tag-erste","26":"product_tag-es","27":"product_tag-formbare","28":"product_tag-gepflegt","29":"product_tag-glanz","30":"product_tag-glanzen","31":"product_tag-glanzen-2","32":"product_tag-glanzt","33":"product_tag-gut","34":"product_tag-gut-2","35":"product_tag-harz-2","36":"product_tag-hohes-glas","37":"product_tag-inhalt-2","38":"product_tag-kaufen","39":"product_tag-kunst","40":"product_tag-kupfer","41":"product_tag-kupferton","42":"product_tag-machen","43":"product_tag-metall-2","44":"product_tag-metall-3","45":"product_tag-metallton","46":"product_tag-ohrring","47":"product_tag-ohrring-2","48":"product_tag-ohrringe","49":"product_tag-ohrstecker-8","50":"product_tag-online-shop","51":"product_tag-personlich-2","52":"product_tag-polieren","53":"product_tag-polieren-2","54":"product_tag-polierpaste","55":"product_tag-polierpaste-2","56":"product_tag-poliertuch","57":"product_tag-poliertuch-2","58":"product_tag-poliertuch-4","59":"product_tag-recycelt","60":"product_tag-recycelt-4","61":"product_tag-reinigung-2","62":"product_tag-reinigungstuch","63":"product_tag-sauber","64":"product_tag-sauerstoff","65":"product_tag-schleifen-2","66":"product_tag-schleifkissen-2","67":"product_tag-schleifpapier","68":"product_tag-schmuck","69":"product_tag-schmuck-3","70":"product_tag-shop","71":"product_tag-sie-selbst","72":"product_tag-sie-selbst-2","73":"product_tag-siehe","74":"product_tag-silber","75":"product_tag-silber-3","76":"product_tag-silberton","77":"product_tag-sollid","78":"product_tag-ton-2","79":"product_tag-ton-3","80":"product_tag-tun","81":"product_tag-unter-2","82":"product_tag-uv","83":"product_tag-wartung","84":"product_tag-webshop","85":"product_tag-wirklich","86":"product_tag-wobei","87":"product_shipping_class-standard","89":"first","90":"instock","91":"taxable","92":"shipping-taxable","93":"purchasable","94":"product-type-simple"},"acf":[],"_links":{"self":[{"href":"https:\/\/esquell.eu\/de\/wp-json\/wp\/v2\/product\/15111","targetHints":{"allow":["GET"]}}],"collection":[{"href":"https:\/\/esquell.eu\/de\/wp-json\/wp\/v2\/product"}],"about":[{"href":"https:\/\/esquell.eu\/de\/wp-json\/wp\/v2\/types\/product"}],"replies":[{"embeddable":true,"href":"https:\/\/esquell.eu\/de\/wp-json\/wp\/v2\/comments?post=15111"}],"wp:featuredmedia":[{"embeddable":true,"href":"https:\/\/esquell.eu\/de\/wp-json\/wp\/v2\/media\/27257"}],"wp:attachment":[{"href":"https:\/\/esquell.eu\/de\/wp-json\/wp\/v2\/media?parent=15111"}],"wp:term":[{"taxonomy":"more","embeddable":true,"href":"https:\/\/esquell.eu\/de\/wp-json\/wp\/v2\/more?post=15111"},{"taxonomy":"product_brand","embeddable":true,"href":"https:\/\/esquell.eu\/de\/wp-json\/wp\/v2\/product_brand?post=15111"},{"taxonomy":"product_cat","embeddable":true,"href":"https:\/\/esquell.eu\/de\/wp-json\/wp\/v2\/product_cat?post=15111"},{"taxonomy":"product_tag","embeddable":true,"href":"https:\/\/esquell.eu\/de\/wp-json\/wp\/v2\/product_tag?post=15111"}],"curies":[{"name":"wp","href":"https:\/\/api.w.org\/{rel}","templated":true}]}}