{"id":15094,"date":"2025-04-03T09:20:27","date_gmt":"2025-04-03T09:20:27","guid":{"rendered":"https:\/\/esquell.eu\/product\/werkzeugsatz-fuer-die-ringherstellung-4-teilig\/"},"modified":"2025-11-08T19:45:43","modified_gmt":"2025-11-08T19:45:43","slug":"werkzeugsatz-fuer-die-ringherstellung-4-teilig","status":"publish","type":"product","link":"https:\/\/esquell.eu\/de\/produkt\/werkzeugsatz-fuer-die-ringherstellung-4-teilig\/","title":{"rendered":"Werkzeugsatz f\u00fcr die Ringherstellung 4-teilig"},"content":{"rendered":"<p>4-teiliges Set mit Werkzeugen zum Zuschneiden, Herstellen und Modellieren von Ringen aus Metallton.<\/p>\n<ul>\n<li>Schmuckhammer mit Gummikopf<\/li>\n<li>Holzringst\u00e4bchen ( Tribulett)<\/li>\n<li>B\u00fcndel von Metallringen, japanische Gr\u00f6\u00dfe<\/li>\n<li>Metallringschiene mit Ringgr\u00f6\u00dfen, Universalgr\u00f6\u00dfe<\/li>\n<\/ul>\n","protected":false},"excerpt":{"rendered":"<p>4-teiliges Set mit Werkzeugen zum Zuschneiden, Herstellen und Modellieren von Ringen.<\/p>\n<ul>\n<li>Schmuckhammer mit Gummikopf<\/li>\n<li>Holzringst\u00e4bchen ( Tribulett)<\/li>\n<li>B\u00fcndel von Metallringen, japanische Gr\u00f6\u00dfe<\/li>\n<li>Metallringschiene mit Ringgr\u00f6\u00dfen, Universalgr\u00f6\u00dfe<\/li>\n<\/ul>\n<p>&nbsp;<\/p>\n","protected":false},"featured_media":15102,"comment_status":"closed","ping_status":"closed","template":"","meta":{"_acf_changed":false,"_seopress_robots_primary_cat":"none","_seopress_titles_title":"","_seopress_titles_desc":"","_seopress_robots_index":""},"more":[],"product_brand":[6365],"product_cat":[7717,7882],"product_tag":[6488,6508,6506,6715,13221,6492,13388,13357,13761,6494,9979,13220,6895,7555,7680,9788,11312,13861,11308,13223,13252,9982,9980,8544,11691,6897,7222,7336,13865,8105,6498,6421,13348,13851,6444,7557,8137,6441,8696,8001,13859,6777,10653,13863,13856,11378,6419,7021,6899,6558,6901,6417,6812,6490,6996,6500,6556,11341,6893,13849,21483,7337,13853,13857,9818,13855,21482],"class_list":{"0":"post-15094","1":"product","2":"type-product","3":"status-publish","4":"has-post-thumbnail","6":"product_brand-l1","7":"product_cat-verkauf","8":"product_cat-werkzeuge-fur-ringe","9":"product_tag-6488","10":"product_tag-6508","11":"product_tag-6506","12":"product_tag-arbeit","13":"product_tag-arbeitshammer","14":"product_tag-artclay","15":"product_tag-berechnen","16":"product_tag-bestimmen","17":"product_tag-bundel-ringe","18":"product_tag-diy","19":"product_tag-einzigartig","20":"product_tag-einzigartig-2","21":"product_tag-es","22":"product_tag-formbare","23":"product_tag-formulare","24":"product_tag-gemacht","25":"product_tag-grose","26":"product_tag-grose-2","27":"product_tag-grosen","28":"product_tag-hammer","29":"product_tag-hammer-2","30":"product_tag-hand","31":"product_tag-handgefertigt","32":"product_tag-hobby","33":"product_tag-holz","34":"product_tag-ihr","35":"product_tag-japanisch-2","36":"product_tag-japanisch-3","37":"product_tag-japanische-grose","38":"product_tag-kreativ","39":"product_tag-kunst","40":"product_tag-machen","41":"product_tag-masnahme","42":"product_tag-messen-2","43":"product_tag-metalclay","44":"product_tag-metall","45":"product_tag-metall-3","46":"product_tag-metallton","47":"product_tag-modellierung-2","48":"product_tag-pmc","49":"product_tag-recycelt-3","50":"product_tag-ringe","51":"product_tag-ringgrose","52":"product_tag-ringgrosen","53":"product_tag-ringwald","54":"product_tag-ringwerkzeuge","55":"product_tag-schmuck","56":"product_tag-schmuck-3","57":"product_tag-selbst","58":"product_tag-sie-selbst","59":"product_tag-sie-selbst-2","60":"product_tag-silber","61":"product_tag-silber-3","62":"product_tag-silberton","63":"product_tag-sollid","64":"product_tag-ton-2","65":"product_tag-ton-3","66":"product_tag-tribulett","67":"product_tag-tun","68":"product_tag-universal","69":"product_tag-universal-2","70":"product_tag-unter-3","71":"product_tag-vergrosern","72":"product_tag-wald","73":"product_tag-wertvoll","74":"product_tag-wertvoll-2","75":"product_tag-wertvoll-3","76":"product_shipping_class-standard","78":"first","79":"instock","80":"taxable","81":"shipping-taxable","82":"purchasable","83":"product-type-simple"},"acf":[],"_links":{"self":[{"href":"https:\/\/esquell.eu\/de\/wp-json\/wp\/v2\/product\/15094","targetHints":{"allow":["GET"]}}],"collection":[{"href":"https:\/\/esquell.eu\/de\/wp-json\/wp\/v2\/product"}],"about":[{"href":"https:\/\/esquell.eu\/de\/wp-json\/wp\/v2\/types\/product"}],"replies":[{"embeddable":true,"href":"https:\/\/esquell.eu\/de\/wp-json\/wp\/v2\/comments?post=15094"}],"wp:featuredmedia":[{"embeddable":true,"href":"https:\/\/esquell.eu\/de\/wp-json\/wp\/v2\/media\/15102"}],"wp:attachment":[{"href":"https:\/\/esquell.eu\/de\/wp-json\/wp\/v2\/media?parent=15094"}],"wp:term":[{"taxonomy":"more","embeddable":true,"href":"https:\/\/esquell.eu\/de\/wp-json\/wp\/v2\/more?post=15094"},{"taxonomy":"product_brand","embeddable":true,"href":"https:\/\/esquell.eu\/de\/wp-json\/wp\/v2\/product_brand?post=15094"},{"taxonomy":"product_cat","embeddable":true,"href":"https:\/\/esquell.eu\/de\/wp-json\/wp\/v2\/product_cat?post=15094"},{"taxonomy":"product_tag","embeddable":true,"href":"https:\/\/esquell.eu\/de\/wp-json\/wp\/v2\/product_tag?post=15094"}],"curies":[{"name":"wp","href":"https:\/\/api.w.org\/{rel}","templated":true}]}}