{"id":15093,"date":"2025-04-03T09:20:27","date_gmt":"2025-04-03T09:20:27","guid":{"rendered":"https:\/\/esquell.eu\/product\/schleifpad-m3-rot-320-600-zr-059\/"},"modified":"2026-03-05T16:32:41","modified_gmt":"2026-03-05T16:32:41","slug":"schleifpad-m3-rot-320-600-zr-059","status":"publish","type":"product","link":"https:\/\/esquell.eu\/de\/produkt\/schleifpad-m3-rot-320-600-zr-059\/","title":{"rendered":"Schleifpad M3 rot 320-600 ZR-059"},"content":{"rendered":"<p>Schleifpad grob zum Finishen\/Schleifen von z.B. Metallton in Tonform oder zum Schleifen von gebranntem Metall<br \/>\nAuch f\u00fcr andere Metallarten geeignet.<\/p>\n<p>Geeignet f\u00fcr Nass- und Trockenschliff.<br \/>\nReihenfolge der Anwendung von grob nach fein: rot, blau, gr\u00fcn.<\/p>\n","protected":false},"excerpt":{"rendered":"<p>Grobe Schleifscheibe f\u00fcr die Bearbeitung von Silberton.<\/p>\n<p>Reihenfolge der Verwendung von grob nach fein: rot, blau, gr\u00fcn.<\/p>\n<p>Die Schleifpads sind sowohl f\u00fcr die Verwendung auf dem Ton als auch auf dem gebrannten Werkst\u00fcck geeignet.<\/p>\n<p>Die Pads lassen sich f\u00fcr feine Arbeiten leicht zuschneiden.<\/p>\n<p>1150 * 140* 5mm<\/p>\n<p>&nbsp;<\/p>\n<p>Dieses grobe Schmirgeltuch hat eine K\u00f6rnung von 320 &#8211; 600 (Superfine) und ist ideal zum Schleifen und Polieren Ihrer Werkst\u00fccke. Sie verwenden dieses Tuch immer zuerst und erst dann das mittlere (Ultrafine) und schlie\u00dflich das feine (Microfine). Diese Schmirgelt\u00fccher sind sowohl f\u00fcr getrockneten als auch f\u00fcr erhitzten Ton geeignet. Die Farbe dieses Artikels kann von der auf dem Foto gezeigten abweichen. 115 x 140 x 5mm    <\/p>\n","protected":false},"featured_media":15095,"comment_status":"closed","ping_status":"closed","template":"","meta":{"_acf_changed":false,"_seopress_robots_primary_cat":"none","_seopress_titles_title":"","_seopress_titles_desc":"","_seopress_robots_index":""},"more":[],"product_brand":[13848],"product_cat":[6596,7361],"product_tag":[21661,10514,10518,13852,6444,6441,9262,9202,13850,6419,6490,13854],"class_list":{"0":"post-15093","1":"product","2":"type-product","3":"status-publish","4":"has-post-thumbnail","6":"product_brand-vanesch","7":"product_cat-grundlegende-werkzeuge","8":"product_cat-schleifen-feilen-und-polieren","9":"product_tag-finition","10":"product_tag-hochglanz","11":"product_tag-hochglanzpolitur","12":"product_tag-m3","13":"product_tag-metalclay","14":"product_tag-metallton","15":"product_tag-polieren","16":"product_tag-schleifen-2","17":"product_tag-schleifpads","18":"product_tag-schmuck","19":"product_tag-silberton","20":"product_tag-softback","21":"product_shipping_class-standard","22":"pa_korrel-1200-1500","23":"pa_korrel-320-600","24":"pa_korrel-800-1000","25":"pa_korrel-satz-mit-3","27":"first","28":"instock","29":"sale","30":"taxable","31":"shipping-taxable","32":"purchasable","33":"product-type-variable"},"acf":[],"_links":{"self":[{"href":"https:\/\/esquell.eu\/de\/wp-json\/wp\/v2\/product\/15093","targetHints":{"allow":["GET"]}}],"collection":[{"href":"https:\/\/esquell.eu\/de\/wp-json\/wp\/v2\/product"}],"about":[{"href":"https:\/\/esquell.eu\/de\/wp-json\/wp\/v2\/types\/product"}],"replies":[{"embeddable":true,"href":"https:\/\/esquell.eu\/de\/wp-json\/wp\/v2\/comments?post=15093"}],"wp:featuredmedia":[{"embeddable":true,"href":"https:\/\/esquell.eu\/de\/wp-json\/wp\/v2\/media\/15095"}],"wp:attachment":[{"href":"https:\/\/esquell.eu\/de\/wp-json\/wp\/v2\/media?parent=15093"}],"wp:term":[{"taxonomy":"more","embeddable":true,"href":"https:\/\/esquell.eu\/de\/wp-json\/wp\/v2\/more?post=15093"},{"taxonomy":"product_brand","embeddable":true,"href":"https:\/\/esquell.eu\/de\/wp-json\/wp\/v2\/product_brand?post=15093"},{"taxonomy":"product_cat","embeddable":true,"href":"https:\/\/esquell.eu\/de\/wp-json\/wp\/v2\/product_cat?post=15093"},{"taxonomy":"product_tag","embeddable":true,"href":"https:\/\/esquell.eu\/de\/wp-json\/wp\/v2\/product_tag?post=15093"}],"curies":[{"name":"wp","href":"https:\/\/api.w.org\/{rel}","templated":true}]}}