{"id":15072,"date":"2025-04-03T09:20:27","date_gmt":"2025-04-03T09:20:27","guid":{"rendered":"https:\/\/esquell.eu\/product\/loetpinzette-hitzebestaendige-selbstdichtende-pinzette-kreuzpinzette\/"},"modified":"2026-03-05T16:32:22","modified_gmt":"2026-03-05T16:32:22","slug":"loetpinzette-hitzebestaendige-selbstdichtende-pinzette-kreuzpinzette","status":"publish","type":"product","link":"https:\/\/esquell.eu\/de\/produkt\/loetpinzette-hitzebestaendige-selbstdichtende-pinzette-kreuzpinzette\/","title":{"rendered":"L\u00f6tpinzette, hitzebest\u00e4ndige, selbstdichtende Pinzette, Kreuzpinzette"},"content":{"rendered":"<p>L\u00f6tpinzette. Selbstschlie\u00dfend. Feuerfest.   Autolock<\/p>\n<p>Diese Pinzette h\u00e4lt Ihr Werkst\u00fcck vor Ihnen, ohne dass Sie es quetschen m\u00fcssen.<\/p>\n<p>N\u00fctzlich zum L\u00f6ten, Brennen, etc.<\/p>\n<p>Auch unter der UV-Lampe geeignet, wenn Sie mit UV-Harz arbeiten. Unter der Lampe wird Ihr Werkst\u00fcck hei\u00df. Die Pinzette kann dann das Werkst\u00fcck festhalten.  <\/p>\n","protected":false},"excerpt":{"rendered":"<p>L\u00f6tpinzette. Selbstschlie\u00dfend. Feuerfest.  <\/p>\n<p>Diese Pinzette h\u00e4lt Ihr Werkst\u00fcck vor Ihnen, ohne dass Sie es quetschen m\u00fcssen.<\/p>\n<p>Auch unter der UV-Lampe geeignet, wenn Sie mit UV-Harz arbeiten. Unter der Lampe wird Ihr Werkst\u00fcck hei\u00df. Die Pinzette kann dann das Werkst\u00fcck festhalten.  <\/p>\n<p>&nbsp;<\/p>\n<p>&nbsp;<\/p>\n","protected":false},"featured_media":15078,"comment_status":"closed","ping_status":"closed","template":"","meta":{"_acf_changed":false,"_seopress_robots_primary_cat":"none","_seopress_titles_title":"","_seopress_titles_desc":"","_seopress_robots_index":""},"more":[],"product_brand":[6703,6917],"product_cat":[9853,6596,9857,7434],"product_tag":[9197,6488,6508,6506,10393,6817,6802,6689,9208,13806,6458,6415,6840,6603,8559,13800,6883,6826,8617,13816,13814,11890,6842,7680,6680,6824,6830,6822,6692,8763,9609,9865,13074,6836,6786,13750,13810,21907,6775,6844,8135,11798,13817,6444,7557,7955,8392,6832,8395,8770,9199,6682,8946,9200,9302,6788,6828,11889,8001,6806,6496,13191,8092,6777,9202,13803,6419,6820,8767,6889,9195,6558,6417,6812,11714,11892,11711,13808,6464,6920,13812,6834,8608,9204,6500,6784,6795,10391,9206,11703,7072,6814,6690,7441,6605,6818,8658,6783,7064,6838,7068,7735,13134],"class_list":{"0":"post-15072","1":"product","2":"type-product","3":"status-publish","4":"has-post-thumbnail","6":"product_brand-bm","7":"product_brand-hh","8":"product_cat-bake-off","9":"product_cat-grundlegende-werkzeuge","10":"product_cat-loten","11":"product_cat-zange-und-pinzette","12":"product_tag-9197","13":"product_tag-6488","14":"product_tag-6508","15":"product_tag-6506","16":"product_tag-acrylharz","17":"product_tag-amsterdam","18":"product_tag-angebot","19":"product_tag-armband","20":"product_tag-assecoires","21":"product_tag-auto","22":"product_tag-belgien","23":"product_tag-billig","24":"product_tag-brabant","25":"product_tag-cool","26":"product_tag-cooltools","27":"product_tag-danemark","28":"product_tag-deutschland","29":"product_tag-drenthe","30":"product_tag-feinsilber","31":"product_tag-fest","32":"product_tag-feuer-2","33":"product_tag-feuerfest","34":"product_tag-flevoland","35":"product_tag-formulare","36":"product_tag-frankreich","37":"product_tag-friesland","38":"product_tag-gelderland","39":"product_tag-groningen","40":"product_tag-handbuch","41":"product_tag-handbucher","42":"product_tag-harz","43":"product_tag-harz-2","44":"product_tag-hitzebestandig","45":"product_tag-holland","46":"product_tag-kaufen","47":"product_tag-kitt","48":"product_tag-kreuzpinzette","49":"product_tag-kreuzpinzette-2","50":"product_tag-kurzwarengeschaft","51":"product_tag-limburg","52":"product_tag-loten","53":"product_tag-lotpaste","54":"product_tag-lotpinzette","55":"product_tag-metalclay","56":"product_tag-metall","57":"product_tag-naturlich","58":"product_tag-nop","59":"product_tag-norden","60":"product_tag-nordholland","61":"product_tag-ohrring","62":"product_tag-ohrring-2","63":"product_tag-ohrringe","64":"product_tag-ohrstecker-2","65":"product_tag-ohrstecker-3","66":"product_tag-ohrstecker-5","67":"product_tag-online","68":"product_tag-overijssel","69":"product_tag-pinzette","70":"product_tag-pmc","71":"product_tag-rabatt","72":"product_tag-recycelt","73":"product_tag-resistent","74":"product_tag-ring","75":"product_tag-ringe","76":"product_tag-schleifen-2","77":"product_tag-schliesen-2","78":"product_tag-schmuck","79":"product_tag-schmuck-2","80":"product_tag-schmuck-5","81":"product_tag-shop","82":"product_tag-shop-2","83":"product_tag-sie-selbst","84":"product_tag-silber","85":"product_tag-silber-3","86":"product_tag-silberlot","87":"product_tag-silberlotpaste","88":"product_tag-soft","89":"product_tag-sperren-2","90":"product_tag-stein","91":"product_tag-sterling","92":"product_tag-stiftsatz","93":"product_tag-sud","94":"product_tag-sudholland","95":"product_tag-textur","96":"product_tag-ton-2","97":"product_tag-unter-2","98":"product_tag-utrecht","99":"product_tag-uv","100":"product_tag-vorlagen","101":"product_tag-warme-2","102":"product_tag-wattenmeer","103":"product_tag-webshop","104":"product_tag-werkstatten","105":"product_tag-werkzeug-2","106":"product_tag-werkzeuge","107":"product_tag-werkzeuge-2","108":"product_tag-wissensbasis","109":"product_tag-wobei","110":"product_tag-workshop","111":"product_tag-zeeland","112":"product_tag-zirkoniumdioxid","113":"product_tag-zu-verkaufen","114":"product_tag-zu-verkaufen-3","115":"product_shipping_class-standard","117":"first","118":"instock","119":"taxable","120":"shipping-taxable","121":"purchasable","122":"product-type-simple"},"acf":[],"_links":{"self":[{"href":"https:\/\/esquell.eu\/de\/wp-json\/wp\/v2\/product\/15072","targetHints":{"allow":["GET"]}}],"collection":[{"href":"https:\/\/esquell.eu\/de\/wp-json\/wp\/v2\/product"}],"about":[{"href":"https:\/\/esquell.eu\/de\/wp-json\/wp\/v2\/types\/product"}],"replies":[{"embeddable":true,"href":"https:\/\/esquell.eu\/de\/wp-json\/wp\/v2\/comments?post=15072"}],"wp:featuredmedia":[{"embeddable":true,"href":"https:\/\/esquell.eu\/de\/wp-json\/wp\/v2\/media\/15078"}],"wp:attachment":[{"href":"https:\/\/esquell.eu\/de\/wp-json\/wp\/v2\/media?parent=15072"}],"wp:term":[{"taxonomy":"more","embeddable":true,"href":"https:\/\/esquell.eu\/de\/wp-json\/wp\/v2\/more?post=15072"},{"taxonomy":"product_brand","embeddable":true,"href":"https:\/\/esquell.eu\/de\/wp-json\/wp\/v2\/product_brand?post=15072"},{"taxonomy":"product_cat","embeddable":true,"href":"https:\/\/esquell.eu\/de\/wp-json\/wp\/v2\/product_cat?post=15072"},{"taxonomy":"product_tag","embeddable":true,"href":"https:\/\/esquell.eu\/de\/wp-json\/wp\/v2\/product_tag?post=15072"}],"curies":[{"name":"wp","href":"https:\/\/api.w.org\/{rel}","templated":true}]}}