{"id":15064,"date":"2025-04-03T09:20:37","date_gmt":"2025-04-03T09:20:37","guid":{"rendered":"https:\/\/esquell.eu\/product\/set-aus-holzringstaebchen-und-metallringbuendel-mit-passringen\/"},"modified":"2025-11-08T19:46:58","modified_gmt":"2025-11-08T19:46:58","slug":"set-aus-holzringstaebchen-und-metallringbuendel-mit-passringen","status":"publish","type":"product","link":"https:\/\/esquell.eu\/de\/produkt\/set-aus-holzringstaebchen-und-metallringbuendel-mit-passringen\/","title":{"rendered":"Set aus Holzringst\u00e4bchen und Metallringb\u00fcndel mit Passringen"},"content":{"rendered":"<p>Set, h\u00f6lzerner Ringstab ( Tribulet) mit Ringb\u00fcndel mit Passringen. Japanische Gr\u00f6\u00dfen 1-33, geeignet f\u00fcr Silver Clay. <\/p>\n","protected":false},"excerpt":{"rendered":"<p>Set, h\u00f6lzerner Ringstab ( Tribulet) mit Ringb\u00fcndel mit Passringen. Japanische Gr\u00f6\u00dfen 1-33, geeignet f\u00fcr Silver Clay. <\/p>\n<p><a href=\"?ObjectPath=\/Shops\/83636376\/Kategorien\/%22UITLEG%20DE%20 EXAMPLES%20ARTCLAY%22\/HANDLING_RINGS\">In den Ringen der Wissensdatenbank.  <\/a><\/p>\n","protected":false},"featured_media":4418,"comment_status":"closed","ping_status":"closed","template":"","meta":{"_acf_changed":false,"_seopress_robots_primary_cat":"none","_seopress_titles_title":"","_seopress_titles_desc":"","_seopress_robots_index":""},"more":[],"product_brand":[6365],"product_cat":[7882],"product_tag":[6488,6508,6506,6942,6817,6802,6492,8126,6944,13357,6887,6415,6840,13761,6494,6826,9193,7747,8512,8477,13759,6842,7555,7680,6824,6830,6822,11308,8124,11858,6836,11691,7222,6498,8504,6932,6844,6421,6444,6441,13767,8696,13765,8392,6832,8395,8389,6788,13769,6828,13763,11860,8092,6777,10653,11339,9085,6889,9195,6417,6490,7340,7507,6834,8608,6435,6500,6556,11341,9416,6795,7072,6690,7064,6838,7796],"class_list":{"0":"post-15064","1":"product","2":"type-product","3":"status-publish","4":"has-post-thumbnail","6":"product_brand-l1","7":"product_cat-werkzeuge-fur-ringe","8":"product_tag-6488","9":"product_tag-6508","10":"product_tag-6506","11":"product_tag-alkmaar","12":"product_tag-amsterdam","13":"product_tag-angebot","14":"product_tag-artclay","15":"product_tag-artclaysilvershop","16":"product_tag-assen","17":"product_tag-bestimmen","18":"product_tag-biegsames-silber","19":"product_tag-billig","20":"product_tag-brabant","21":"product_tag-bundel-ringe","22":"product_tag-diy","23":"product_tag-drenthe","24":"product_tag-einsteigerpakete-2","25":"product_tag-einstellen","26":"product_tag-emmeloord","27":"product_tag-emmen","28":"product_tag-entwurfe","29":"product_tag-flevoland","30":"product_tag-formbare","31":"product_tag-formulare","32":"product_tag-friesland","33":"product_tag-gelderland","34":"product_tag-groningen","35":"product_tag-grosen","36":"product_tag-harderwijk","37":"product_tag-hintere-ecke","38":"product_tag-holland","39":"product_tag-holz","40":"product_tag-japanisch-2","41":"product_tag-kunst","42":"product_tag-lager","43":"product_tag-leeuwarden","44":"product_tag-limburg","45":"product_tag-machen","46":"product_tag-metalclay","47":"product_tag-metallton","48":"product_tag-modell","49":"product_tag-modellierung-2","50":"product_tag-montagering","51":"product_tag-nop","52":"product_tag-norden","53":"product_tag-nordholland","54":"product_tag-nordost-polder","55":"product_tag-online","56":"product_tag-osten-2","57":"product_tag-overijssel","58":"product_tag-passende-ringe","59":"product_tag-polder","60":"product_tag-ring","61":"product_tag-ringe","62":"product_tag-ringgrose","63":"product_tag-ringstock","64":"product_tag-schrumpfung","65":"product_tag-shop","66":"product_tag-shop-2","67":"product_tag-silber","68":"product_tag-silberton","69":"product_tag-silverclay-co-uk","70":"product_tag-starterset","71":"product_tag-sud","72":"product_tag-sudholland","73":"product_tag-ton","74":"product_tag-ton-2","75":"product_tag-ton-3","76":"product_tag-tribulett","77":"product_tag-twente","78":"product_tag-utrecht","79":"product_tag-wattenmeer","80":"product_tag-werkstatten","81":"product_tag-workshop","82":"product_tag-zeeland","83":"product_tag-zwolle","84":"product_shipping_class-standard","86":"first","87":"instock","88":"taxable","89":"shipping-taxable","90":"purchasable","91":"product-type-simple"},"acf":[],"_links":{"self":[{"href":"https:\/\/esquell.eu\/de\/wp-json\/wp\/v2\/product\/15064","targetHints":{"allow":["GET"]}}],"collection":[{"href":"https:\/\/esquell.eu\/de\/wp-json\/wp\/v2\/product"}],"about":[{"href":"https:\/\/esquell.eu\/de\/wp-json\/wp\/v2\/types\/product"}],"replies":[{"embeddable":true,"href":"https:\/\/esquell.eu\/de\/wp-json\/wp\/v2\/comments?post=15064"}],"wp:featuredmedia":[{"embeddable":true,"href":"https:\/\/esquell.eu\/de\/wp-json\/wp\/v2\/media\/4418"}],"wp:attachment":[{"href":"https:\/\/esquell.eu\/de\/wp-json\/wp\/v2\/media?parent=15064"}],"wp:term":[{"taxonomy":"more","embeddable":true,"href":"https:\/\/esquell.eu\/de\/wp-json\/wp\/v2\/more?post=15064"},{"taxonomy":"product_brand","embeddable":true,"href":"https:\/\/esquell.eu\/de\/wp-json\/wp\/v2\/product_brand?post=15064"},{"taxonomy":"product_cat","embeddable":true,"href":"https:\/\/esquell.eu\/de\/wp-json\/wp\/v2\/product_cat?post=15064"},{"taxonomy":"product_tag","embeddable":true,"href":"https:\/\/esquell.eu\/de\/wp-json\/wp\/v2\/product_tag?post=15064"}],"curies":[{"name":"wp","href":"https:\/\/api.w.org\/{rel}","templated":true}]}}