{"id":15054,"date":"2025-04-03T09:20:37","date_gmt":"2025-04-03T09:20:37","guid":{"rendered":"https:\/\/esquell.eu\/product\/beizpulver-150-g\/"},"modified":"2026-03-10T12:56:35","modified_gmt":"2026-03-10T12:56:35","slug":"beizpulver-150-g","status":"publish","type":"product","link":"https:\/\/esquell.eu\/de\/produkt\/beizpulver-150-g\/","title":{"rendered":"Beizpulver 150 g"},"content":{"rendered":"<p>Beizpulver ist ein 100% nat\u00fcrliches, ungiftiges Auskochmittel zur sicheren Entfernung von Oxidation aus Metallen wie Kupfer, Bronze und Silber. Es eignet sich auch zum Entfernen von Flussmittel und Verf\u00e4rbungen nach dem L\u00f6ten. <\/p>\n<p><strong>Verwendung:<br \/>\n<\/strong>Geben Sie 1 Essl\u00f6ffel Beizpulver in 200 ml kochendes Wasser.<strong><br \/>\n<\/strong>Legen Sie Ihren Schmuck hinein und lassen Sie ihn 10 Minuten oder l\u00e4nger einwirken. Nehmen Sie das Schmuckst\u00fcck heraus und sp\u00fclen Sie es mit klarem Wasser ab. Picklean ist ungiftig f\u00fcr die Umwelt und kann \u00fcber die Kanalisation entsorgt werden.  <\/p>\n<p><strong>Wichtig<br \/>\n<\/strong>Verwenden Sie eine Messing- oder Plastikpinzette, um Ihren Schmuck wieder aus dem Bad zu nehmen.<\/p>\n<p><strong>Wiederverwendbar<br \/>\n<\/strong>Die L\u00f6sung kann \u00f6fters verwendet werden. Erw\u00e4rmen Sie die L\u00f6sung in der Mikrowelle, auf einer Kerze oder auf einer elektrischen Platte. <strong><br \/>\n<\/strong>Kristalle, die sich verh\u00e4rtet haben, l\u00f6sen sich einfach wieder auf.<strong><br \/>\n<\/strong>Wenn die L\u00f6sung tr\u00fcbe oder blau wird, wechseln Sie das Bad.<strong><br \/>\n<\/strong><\/p>\n<p><strong>Metall Ton<\/strong><\/p>\n<p>Picklean-Pulver wird verwendet, um Ablagerungen aufzul\u00f6sen, die nach dem Brennen von Silber-, Bronze- oder Kupferton zur\u00fcckbleiben.<\/p>\n<p>Dieses Produkt entfernt die Oxidation von frisch gel\u00f6tetem Schmuck und von SV 950 und SV 925 Teilen, die zusammen mit Art Clay Objekten gebrannt wurden.<\/p>\n","protected":false},"excerpt":{"rendered":"<p>Beizpulver ist ein 100% nat\u00fcrliches, ungiftiges Auskochmittel zur sicheren Entfernung von Oxidation aus Metallen wie Kupfer, Bronze und Silber. Es eignet sich auch zum Entfernen von Flussmittel und Verf\u00e4rbungen nach dem L\u00f6ten. <\/p>\n<p>&nbsp;<\/p>\n<p><strong>Verwendung:<br \/>\n<\/strong>Geben Sie 1 Essl\u00f6ffel Beizpulver in 200 ml kochendes Wasser.  <strong><br \/>\n<\/strong>Legen Sie Ihren Schmuck hinein und lassen Sie ihn 10 Minuten oder l\u00e4nger einwirken. Nehmen Sie das Schmuckst\u00fcck heraus und sp\u00fclen Sie es mit klarem Wasser ab. Picklean ist ungiftig f\u00fcr die Umwelt und kann \u00fcber die Kanalisation entsorgt werden.  <\/p>\n<p><strong> <\/strong><\/p>\n<p><strong>Wichtig<br \/>\n<\/strong>Verwenden Sie eine Messing- oder Plastikpinzette, um Ihren Schmuck wieder aus dem Bad zu nehmen.<\/p>\n<p>&nbsp;<\/p>\n<p><strong>Wiederverwendbar<br \/>\n<\/strong>Die L\u00f6sung kann \u00f6fters verwendet werden. Erw\u00e4rmen Sie die L\u00f6sung in der Mikrowelle, auf einer Kerze oder auf einer elektrischen Platte.   <strong><br \/>\n<\/strong>Kristalle, die sich verh\u00e4rtet haben, l\u00f6sen sich einfach wieder auf.  <strong><br \/>\n<\/strong>Wenn die L\u00f6sung tr\u00fcbe oder blau wird, wechseln Sie das Bad.<strong><br \/>\n<\/strong><\/p>\n<p><strong> <\/strong><\/p>\n<p><strong>Metall Ton<\/strong><\/p>\n<p>Picklean-Pulver wird verwendet, um Ablagerungen aufzul\u00f6sen, die nach dem Brennen von Silber-, Bronze- oder Kupferton zur\u00fcckbleiben.<\/p>\n<p>Dieses Produkt entfernt die Oxidation von frisch gel\u00f6tetem Schmuck und von SV 950 und SV 925 Teilen, die zusammen mit Art Clay Objekten gebrannt wurden.<\/p>\n<p>&nbsp;<\/p>\n<p><strong> <\/strong><\/p>\n<p>&nbsp;<\/p>\n<p>&nbsp;<\/p>\n<p>&nbsp;<\/p>\n<p>&nbsp;<\/p>\n<p>&nbsp;<\/p>\n<p>&nbsp;<\/p>\n<p>&nbsp;<\/p>\n","protected":false},"featured_media":15055,"comment_status":"closed","ping_status":"closed","template":"","meta":{"_acf_changed":false,"_seopress_robots_primary_cat":"none","_seopress_titles_title":"","_seopress_titles_desc":"","_seopress_robots_index":""},"more":[],"product_brand":[6518],"product_cat":[9857],"product_tag":[13530,9862,6492,6699,6438,13704,13702,6458,6677,13703,7387,6903,10317,13701,6680,7547,7349,7350,10575,11650,6498,7131,6905,6679,7545,7756,6455,10315,7633,13705,10484,7193,10007,11059,6419,6417,6812,7354,9790,7086,7352,6490,6500,9914],"class_list":{"0":"post-15054","1":"product","2":"type-product","3":"status-publish","4":"has-post-thumbnail","6":"product_brand-prometheus","7":"product_cat-loten","8":"product_tag-abkochung","9":"product_tag-angreifen","10":"product_tag-artclay","11":"product_tag-artclayacademy","12":"product_tag-artclaysilver","13":"product_tag-atzen","14":"product_tag-beizen","15":"product_tag-belgien","16":"product_tag-belgien-2","17":"product_tag-boil-off","18":"product_tag-bronze","19":"product_tag-bronze-ton","20":"product_tag-entfernen","21":"product_tag-ergebnis-2","22":"product_tag-frankreich","23":"product_tag-frankreich-2","24":"product_tag-goldschmied","25":"product_tag-goldschmiede","26":"product_tag-korner","27":"product_tag-kraut","28":"product_tag-kunst","29":"product_tag-kupfer","30":"product_tag-kupferton","31":"product_tag-luxemburg","32":"product_tag-luxemburg-2","33":"product_tag-metall-2","34":"product_tag-niederlande","35":"product_tag-oxidation","36":"product_tag-oxidieren","37":"product_tag-picklean","38":"product_tag-poliertrommel","39":"product_tag-pulver","40":"product_tag-ressource","41":"product_tag-schmieden","42":"product_tag-schmuck","43":"product_tag-silber","44":"product_tag-silber-3","45":"product_tag-silberschmied","46":"product_tag-silberschmied-2","47":"product_tag-silberschmiede","48":"product_tag-silberschmiede-2","49":"product_tag-silberton","50":"product_tag-ton-2","51":"product_tag-wasser","52":"product_shipping_class-standard","54":"first","55":"instock","56":"taxable","57":"shipping-taxable","58":"purchasable","59":"product-type-simple"},"acf":[],"_links":{"self":[{"href":"https:\/\/esquell.eu\/de\/wp-json\/wp\/v2\/product\/15054","targetHints":{"allow":["GET"]}}],"collection":[{"href":"https:\/\/esquell.eu\/de\/wp-json\/wp\/v2\/product"}],"about":[{"href":"https:\/\/esquell.eu\/de\/wp-json\/wp\/v2\/types\/product"}],"replies":[{"embeddable":true,"href":"https:\/\/esquell.eu\/de\/wp-json\/wp\/v2\/comments?post=15054"}],"wp:featuredmedia":[{"embeddable":true,"href":"https:\/\/esquell.eu\/de\/wp-json\/wp\/v2\/media\/15055"}],"wp:attachment":[{"href":"https:\/\/esquell.eu\/de\/wp-json\/wp\/v2\/media?parent=15054"}],"wp:term":[{"taxonomy":"more","embeddable":true,"href":"https:\/\/esquell.eu\/de\/wp-json\/wp\/v2\/more?post=15054"},{"taxonomy":"product_brand","embeddable":true,"href":"https:\/\/esquell.eu\/de\/wp-json\/wp\/v2\/product_brand?post=15054"},{"taxonomy":"product_cat","embeddable":true,"href":"https:\/\/esquell.eu\/de\/wp-json\/wp\/v2\/product_cat?post=15054"},{"taxonomy":"product_tag","embeddable":true,"href":"https:\/\/esquell.eu\/de\/wp-json\/wp\/v2\/product_tag?post=15054"}],"curies":[{"name":"wp","href":"https:\/\/api.w.org\/{rel}","templated":true}]}}