{"id":15027,"date":"2025-04-03T09:20:37","date_gmt":"2025-04-03T09:20:37","guid":{"rendered":"https:\/\/esquell.eu\/product\/fasermatte-hitzebestaendig-225x15-cm-acs-d-0011\/"},"modified":"2026-01-10T17:02:30","modified_gmt":"2026-01-10T17:02:30","slug":"fasermatte-hitzebestaendig-225x15-cm-acs-d-0011","status":"publish","type":"product","link":"https:\/\/esquell.eu\/de\/produkt\/fasermatte-hitzebestaendig-225x15-cm-acs-d-0011\/","title":{"rendered":"Fasermatte Hitzebest\u00e4ndig 22,5&#215;15 cm ACS (D-0011)"},"content":{"rendered":"<p>Die hitzebest\u00e4ndige Fasermatte wird beim Erhitzen von Metallton verwendet.<br \/>\nSie k\u00f6nnen die Fasermatte auch verwenden, um sehr zerbrechlichen Schmuck zu sch\u00fctzen, wie z.B. Spritzton oder Korkton.<br \/>\nSie k\u00f6nnen auch einen Streifen der Fasermatte zum Schutz abschneiden und um den Schmuck wickeln, bevor Sie ihn in den Ofen legen. Verwenden Sie das Fasertuch nicht ohne es.<br \/>\nVerwenden Sie Handschuhe, wenn Sie mit dem Fasertuch arbeiten.<br \/>\nVermeiden Sie das Einatmen des Staubs und waschen Sie sich nach der Verwendung die H\u00e4nde. <\/p>\n","protected":false},"excerpt":{"rendered":"<p>Die hitzebest\u00e4ndige Fasermatte wird beim Erhitzen von Metallton verwendet. Sie k\u00f6nnen die Fasermatte auch verwenden, um sehr zerbrechlichen Schmuck zu sch\u00fctzen, z.B. Spray Clay oder Kork Clay. Sie k\u00f6nnen auch einen Streifen von der Faserdecke zum Schutz abschneiden und ihn um den Schmuck wickeln, bevor Sie ihn in den Brennofen legen. Verwenden Sie das Fasertuch nicht ohne Fasertuch.<br \/>\nTragen Sie bei der Arbeit mit dem Fasertuch Handschuhe. Vermeiden Sie das Einatmen des Staubs und waschen Sie sich nach dem Gebrauch die H\u00e4nde.    <\/p>\n","protected":false},"featured_media":15030,"comment_status":"closed","ping_status":"closed","template":"","meta":{"_acf_changed":false,"_seopress_robots_primary_cat":"none","_seopress_titles_title":"","_seopress_titles_desc":"","_seopress_robots_index":""},"more":[],"product_brand":[6413],"product_cat":[9853],"product_tag":[9091,11311,6903,13682,13461,13074,7137,6421,6441,11647,7133,6777,13685,6490,13687],"class_list":{"0":"post-15027","1":"product","2":"type-product","3":"status-publish","4":"has-post-thumbnail","6":"product_brand-acs","7":"product_cat-bake-off","8":"product_tag-backofen","9":"product_tag-brennofen","10":"product_tag-bronze-ton","11":"product_tag-fasermatte","12":"product_tag-faserplatten","13":"product_tag-hitzebestandig","14":"product_tag-kupferton-2","15":"product_tag-machen","16":"product_tag-metallton","17":"product_tag-ofen","18":"product_tag-prometheus","19":"product_tag-ringe","20":"product_tag-schutzverstarkung","21":"product_tag-silberton","22":"product_tag-unterstutzung-4","23":"product_shipping_class-standard","25":"first","26":"instock","27":"taxable","28":"shipping-taxable","29":"purchasable","30":"product-type-simple"},"acf":[],"_links":{"self":[{"href":"https:\/\/esquell.eu\/de\/wp-json\/wp\/v2\/product\/15027","targetHints":{"allow":["GET"]}}],"collection":[{"href":"https:\/\/esquell.eu\/de\/wp-json\/wp\/v2\/product"}],"about":[{"href":"https:\/\/esquell.eu\/de\/wp-json\/wp\/v2\/types\/product"}],"replies":[{"embeddable":true,"href":"https:\/\/esquell.eu\/de\/wp-json\/wp\/v2\/comments?post=15027"}],"wp:featuredmedia":[{"embeddable":true,"href":"https:\/\/esquell.eu\/de\/wp-json\/wp\/v2\/media\/15030"}],"wp:attachment":[{"href":"https:\/\/esquell.eu\/de\/wp-json\/wp\/v2\/media?parent=15027"}],"wp:term":[{"taxonomy":"more","embeddable":true,"href":"https:\/\/esquell.eu\/de\/wp-json\/wp\/v2\/more?post=15027"},{"taxonomy":"product_brand","embeddable":true,"href":"https:\/\/esquell.eu\/de\/wp-json\/wp\/v2\/product_brand?post=15027"},{"taxonomy":"product_cat","embeddable":true,"href":"https:\/\/esquell.eu\/de\/wp-json\/wp\/v2\/product_cat?post=15027"},{"taxonomy":"product_tag","embeddable":true,"href":"https:\/\/esquell.eu\/de\/wp-json\/wp\/v2\/product_tag?post=15027"}],"curies":[{"name":"wp","href":"https:\/\/api.w.org\/{rel}","templated":true}]}}