{"id":15026,"date":"2025-04-03T09:20:37","date_gmt":"2025-04-03T09:20:37","guid":{"rendered":"https:\/\/esquell.eu\/product\/loetstein-feuerfest-hitzebestaendig-vermiculit-ca-20012025\/"},"modified":"2025-11-25T18:09:09","modified_gmt":"2025-11-25T18:09:09","slug":"loetstein-feuerfest-hitzebestaendig-vermiculit-ca-20012025","status":"publish","type":"product","link":"https:\/\/esquell.eu\/de\/produkt\/loetstein-feuerfest-hitzebestaendig-vermiculit-ca-20012025\/","title":{"rendered":"L\u00f6tstein. Feuerfest, hitzebest\u00e4ndig. Vermiculit ca. 200*120*25"},"content":{"rendered":"<p>Feuerfest, hitzebest\u00e4ndig. L\u00f6tstein. Vermiculit.  <\/p>\n<p>Zur Verwendung als Untergrund beim L\u00f6ten.<br \/>\nAuch als Untergrund zum Brennen von Metallton geeignet<\/p>\n","protected":false},"excerpt":{"rendered":"<p>Feuerfester L\u00f6tstein. Vermiculit. <\/p>\n<p>Zur Verwendung als Unterlage beim L\u00f6ten oder Brennen von Silberton mit dem Handbrenner.<\/p>\n<p>Abmessungen ca.<\/p>\n<p>ca. 200*120*25<\/p>\n","protected":false},"featured_media":27268,"comment_status":"closed","ping_status":"closed","template":"","meta":{"_acf_changed":false,"_seopress_robots_primary_cat":"none","_seopress_titles_title":"","_seopress_titles_desc":"","_seopress_robots_index":""},"more":[],"product_brand":[13679],"product_cat":[9853,6596,9857],"product_tag":[6488,6506,6446,6948,6817,6802,6773,7999,6492,6438,6458,6415,11900,11722,6840,11898,7123,6494,6826,6895,9095,11890,7555,21543,6824,6830,21544,6934,7349,6822,6994,7171,6692,13074,6836,11864,6897,6673,6786,8105,13681,8504,6950,6844,11902,8135,11798,11708,6421,6444,6441,8110,6455,6832,6788,6891,6828,12818,6424,6928,11230,11059,6419,8104,17806,6899,6889,6901,6417,6812,8102,11714,7086,7352,6490,21542,7334,11859,6834,8119,8112,13684,6893,6784,7337,6795,13666,6449,8121,7072,7994,7373,7441,6783,7064,6838,7796],"class_list":{"0":"post-15026","1":"product","2":"type-product","3":"status-publish","4":"has-post-thumbnail","6":"product_brand-diender","7":"product_cat-bake-off","8":"product_cat-grundlegende-werkzeuge","9":"product_cat-loten","10":"product_tag-6488","11":"product_tag-6506","12":"product_tag-aida","13":"product_tag-almere","14":"product_tag-amsterdam","15":"product_tag-angebot","16":"product_tag-antwerpen","17":"product_tag-arbeitsbeschreibung","18":"product_tag-artclay","19":"product_tag-artclaysilver","20":"product_tag-belgien","21":"product_tag-billig","22":"product_tag-borax","23":"product_tag-boraxin","24":"product_tag-brabant","25":"product_tag-brenner","26":"product_tag-brucke","27":"product_tag-diy","28":"product_tag-drenthe","29":"product_tag-es","30":"product_tag-fackel","31":"product_tag-feuerfest","32":"product_tag-formbare","33":"product_tag-freundinnentag","34":"product_tag-friesland","35":"product_tag-gelderland","36":"product_tag-gemutlich","37":"product_tag-gent","38":"product_tag-goldschmied","39":"product_tag-groningen","40":"product_tag-gut","41":"product_tag-gut-2","42":"product_tag-handbuch","43":"product_tag-hitzebestandig","44":"product_tag-holland","45":"product_tag-holzkohle","46":"product_tag-ihr","47":"product_tag-japan","48":"product_tag-kaufen","49":"product_tag-kreativ","50":"product_tag-kreativ-2","51":"product_tag-lager","52":"product_tag-lelystad","53":"product_tag-limburg","54":"product_tag-lotdraht","55":"product_tag-loten","56":"product_tag-lotpaste","57":"product_tag-lotplatte","58":"product_tag-machen","59":"product_tag-metalclay","60":"product_tag-metallton","61":"product_tag-mutter","62":"product_tag-niederlande","63":"product_tag-norden","64":"product_tag-online","65":"product_tag-online-shop","66":"product_tag-overijssel","67":"product_tag-paket-2","68":"product_tag-rein","69":"product_tag-rotterdam","70":"product_tag-saure","71":"product_tag-schmieden","72":"product_tag-schmuck","73":"product_tag-schmuck-workshop","74":"product_tag-schon-2","75":"product_tag-selbst","76":"product_tag-shop","77":"product_tag-sie-selbst-2","78":"product_tag-silber","79":"product_tag-silber-3","80":"product_tag-silber-ton-workshop","81":"product_tag-silberlot","82":"product_tag-silberschmiede","83":"product_tag-silberschmiede-2","84":"product_tag-silberton","85":"product_tag-standort","86":"product_tag-stein-2","87":"product_tag-substrat","88":"product_tag-sud","89":"product_tag-tag-bei","90":"product_tag-tochter","91":"product_tag-toos","92":"product_tag-tun","93":"product_tag-unter-2","94":"product_tag-unter-3","95":"product_tag-utrecht","96":"product_tag-vermiculit","97":"product_tag-verteiler","98":"product_tag-von-2","99":"product_tag-wattenmeer","100":"product_tag-website","101":"product_tag-werkzeug","102":"product_tag-werkzeug-2","103":"product_tag-wobei","104":"product_tag-workshop","105":"product_tag-zeeland","106":"product_tag-zwolle","107":"product_shipping_class-standard","109":"first","110":"instock","111":"taxable","112":"shipping-taxable","113":"purchasable","114":"product-type-simple"},"acf":[],"_links":{"self":[{"href":"https:\/\/esquell.eu\/de\/wp-json\/wp\/v2\/product\/15026","targetHints":{"allow":["GET"]}}],"collection":[{"href":"https:\/\/esquell.eu\/de\/wp-json\/wp\/v2\/product"}],"about":[{"href":"https:\/\/esquell.eu\/de\/wp-json\/wp\/v2\/types\/product"}],"replies":[{"embeddable":true,"href":"https:\/\/esquell.eu\/de\/wp-json\/wp\/v2\/comments?post=15026"}],"wp:featuredmedia":[{"embeddable":true,"href":"https:\/\/esquell.eu\/de\/wp-json\/wp\/v2\/media\/27268"}],"wp:attachment":[{"href":"https:\/\/esquell.eu\/de\/wp-json\/wp\/v2\/media?parent=15026"}],"wp:term":[{"taxonomy":"more","embeddable":true,"href":"https:\/\/esquell.eu\/de\/wp-json\/wp\/v2\/more?post=15026"},{"taxonomy":"product_brand","embeddable":true,"href":"https:\/\/esquell.eu\/de\/wp-json\/wp\/v2\/product_brand?post=15026"},{"taxonomy":"product_cat","embeddable":true,"href":"https:\/\/esquell.eu\/de\/wp-json\/wp\/v2\/product_cat?post=15026"},{"taxonomy":"product_tag","embeddable":true,"href":"https:\/\/esquell.eu\/de\/wp-json\/wp\/v2\/product_tag?post=15026"}],"curies":[{"name":"wp","href":"https:\/\/api.w.org\/{rel}","templated":true}]}}