{"id":15021,"date":"2025-04-03T09:20:37","date_gmt":"2025-04-03T09:20:37","guid":{"rendered":"https:\/\/esquell.eu\/product\/vermiculit-granulat-feuerfester-traeger-fuer-metallton\/"},"modified":"2025-12-05T18:09:41","modified_gmt":"2025-12-05T18:09:41","slug":"vermiculit-granulat-feuerfester-traeger-fuer-metallton","status":"publish","type":"product","link":"https:\/\/esquell.eu\/de\/produkt\/vermiculit-granulat-feuerfester-traeger-fuer-metallton\/","title":{"rendered":"Vermiculit-Granulat. Feuerfester Tr\u00e4ger f\u00fcr Metallton ."},"content":{"rendered":"<p>Vermiculit-Granulat. Feuerfester Tr\u00e4ger f\u00fcr Projekte mit Metallton. <\/p>\n<p>Oder Unterst\u00fctzung beim L\u00f6ten.<\/p>\n<p>Feines Korn.<\/p>\n<p>Inhalt ca. 40 Gramm<\/p>\n<p>Vermiculite &#8211; ideale Unterlage zum Brennen von Metallton<br \/>\nVerwenden Sie Vermiculite als Unterlage, wenn Sie ungleichm\u00e4\u00dfige Formen im Brennofen brennen. Sch\u00fctten Sie das Vermiculit in einen hitzebest\u00e4ndigen Beh\u00e4lter und legen Sie Ihr Metalltonprojekt hinein. <\/p>\n","protected":false},"excerpt":{"rendered":"<p>Vermiculit-Granulat. Feuerfester Tr\u00e4ger f\u00fcr Projekte mit Metallton. <\/p>\n<p>Feines Korn.<\/p>\n<p>Inhalt ca. 40 Gramm<\/p>\n<p>Vermiculite &#8211; ideale Unterlage zum Brennen von Metallton<br \/>\nVerwenden Sie Vermiculite als Unterlage, wenn Sie ungleichm\u00e4\u00dfige Formen im Brennofen brennen. Sch\u00fctten Sie das Vermiculit in einen hitzebest\u00e4ndigen Beh\u00e4lter und legen Sie Ihr Metalltonprojekt hinein. <\/p>\n","protected":false},"featured_media":7659,"comment_status":"closed","ping_status":"closed","template":"","meta":{"_acf_changed":false,"_seopress_robots_primary_cat":"none","_seopress_titles_title":"","_seopress_titles_desc":"","_seopress_robots_index":""},"more":[],"product_brand":[10821],"product_cat":[9853,6596,9857,7882],"product_tag":[9087,6446,6492,6438,6458,6677,6790,6793,8545,11890,6680,7547,8123,13668,8679,6800,7171,10778,13074,6673,6786,6885,13671,6679,7545,6444,6441,6455,6788,6777,6784,10723,13670,21549,13666,21548,6449,6814,6783],"class_list":{"0":"post-15021","1":"product","2":"type-product","3":"status-publish","4":"has-post-thumbnail","6":"product_brand-div","7":"product_cat-bake-off","8":"product_cat-grundlegende-werkzeuge","9":"product_cat-loten","10":"product_cat-werkzeuge-fur-ringe","11":"product_tag-abbacken","12":"product_tag-aida","13":"product_tag-artclay","14":"product_tag-artclaysilver","15":"product_tag-belgien","16":"product_tag-belgien-2","17":"product_tag-bestellung","18":"product_tag-einkaufen","19":"product_tag-einkaufen-3","20":"product_tag-feuerfest","21":"product_tag-frankreich","22":"product_tag-frankreich-2","23":"product_tag-geben","24":"product_tag-getreide","25":"product_tag-google","26":"product_tag-gramm","27":"product_tag-gut-2","28":"product_tag-gut-4","29":"product_tag-hitzebestandig","30":"product_tag-japan","31":"product_tag-kaufen","32":"product_tag-kaufen-2","33":"product_tag-liter","34":"product_tag-luxemburg","35":"product_tag-luxemburg-2","36":"product_tag-metalclay","37":"product_tag-metallton","38":"product_tag-niederlande","39":"product_tag-online","40":"product_tag-ringe","41":"product_tag-unter-2","42":"product_tag-unterstutzung","43":"product_tag-unterstutzung-3","44":"product_tag-unterstutzung-5","45":"product_tag-vermiculit","46":"product_tag-vermiculit-2","47":"product_tag-verteiler","48":"product_tag-webshop","49":"product_tag-wobei","50":"product_shipping_class-standard","52":"first","53":"instock","54":"taxable","55":"shipping-taxable","56":"purchasable","57":"product-type-simple"},"acf":[],"_links":{"self":[{"href":"https:\/\/esquell.eu\/de\/wp-json\/wp\/v2\/product\/15021","targetHints":{"allow":["GET"]}}],"collection":[{"href":"https:\/\/esquell.eu\/de\/wp-json\/wp\/v2\/product"}],"about":[{"href":"https:\/\/esquell.eu\/de\/wp-json\/wp\/v2\/types\/product"}],"replies":[{"embeddable":true,"href":"https:\/\/esquell.eu\/de\/wp-json\/wp\/v2\/comments?post=15021"}],"wp:featuredmedia":[{"embeddable":true,"href":"https:\/\/esquell.eu\/de\/wp-json\/wp\/v2\/media\/7659"}],"wp:attachment":[{"href":"https:\/\/esquell.eu\/de\/wp-json\/wp\/v2\/media?parent=15021"}],"wp:term":[{"taxonomy":"more","embeddable":true,"href":"https:\/\/esquell.eu\/de\/wp-json\/wp\/v2\/more?post=15021"},{"taxonomy":"product_brand","embeddable":true,"href":"https:\/\/esquell.eu\/de\/wp-json\/wp\/v2\/product_brand?post=15021"},{"taxonomy":"product_cat","embeddable":true,"href":"https:\/\/esquell.eu\/de\/wp-json\/wp\/v2\/product_cat?post=15021"},{"taxonomy":"product_tag","embeddable":true,"href":"https:\/\/esquell.eu\/de\/wp-json\/wp\/v2\/product_tag?post=15021"}],"curies":[{"name":"wp","href":"https:\/\/api.w.org\/{rel}","templated":true}]}}