{"id":15011,"date":"2025-04-03T09:20:37","date_gmt":"2025-04-03T09:20:37","guid":{"rendered":"https:\/\/esquell.eu\/product\/thermofix-fixierpaste-zum-loeten\/"},"modified":"2026-01-10T17:01:55","modified_gmt":"2026-01-10T17:01:55","slug":"thermofix-fixierpaste-zum-loeten","status":"publish","type":"product","link":"https:\/\/esquell.eu\/de\/produkt\/thermofix-fixierpaste-zum-loeten\/","title":{"rendered":"Thermofix Fixierpaste zum L\u00f6ten"},"content":{"rendered":"<p>Pasta zum Sichern von kleinen Gegenst\u00e4nden beim L\u00f6ten, um das L\u00f6ten zu erleichtern<br \/>\nPasta ist wiederverwendbar.<\/p>\n<p>Inhalt 500 Gramm<\/p>\n<p>THERMO-FIX L\u00f6tpaste, L\u00f6tpaste, Schwei\u00dfpaste, Feuerfestpaste (Made in Germany)<br \/>\nL\u00f6tpaste zum Fixieren und Halten kleiner Werkst\u00fccke beim L\u00f6ten oder Schwei\u00dfen. Sch\u00fctzt auch temperaturempfindliche Teile vor der direkten Hitze der Flamme. Haftet bei leichtem Druck perfekt auf dem Werkst\u00fcck.  <\/p>\n<p>Asbest- und graphitfrei, erzeugt keine D\u00e4mpfe<\/p>\n<p>Gebrauchsanweisung:<br \/>\nDr\u00fccken Sie die Paste mit einer Schicht von ca. 5 &#8211; 10 mm leicht auf das Werkst\u00fcck.<br \/>\nLeicht angetrocknete Paste kann mit Wasser wieder weich geknetet werden.<\/p>\n","protected":false},"excerpt":{"rendered":"<p>Pasta zum Sichern von kleinen Gegenst\u00e4nden beim L\u00f6ten, um das L\u00f6ten zu erleichtern<br \/>\nPasta ist wiederverwendbar.<\/p>\n<p>Inhalt 500 Gramm<\/p>\n<p>&nbsp;<\/p>\n<p>THERMO-FIX L\u00f6tpaste, L\u00f6tpaste, Schwei\u00dfpaste, Feuerfestpaste (Made in Germany)<br \/>\nL\u00f6tpaste zum Fixieren und Halten kleiner Werkst\u00fccke beim L\u00f6ten oder Schwei\u00dfen. Sch\u00fctzt auch temperaturempfindliche Teile vor der direkten Hitze der Flamme. Haftet bei leichtem Druck perfekt auf dem Werkst\u00fcck.  <\/p>\n<p>Asbest- und graphitfrei, erzeugt keine D\u00e4mpfe<\/p>\n<p>Gebrauchsanweisung:<br \/>\nDr\u00fccken Sie die Paste mit einer Schicht von ca. 5 &#8211; 10 mm leicht auf das Werkst\u00fcck.<br \/>\nLeicht angetrocknete Paste kann mit Wasser wieder weich geknetet werden.<\/p>\n<p>&nbsp;<\/p>\n","protected":false},"featured_media":15012,"comment_status":"closed","ping_status":"closed","template":"","meta":{"_acf_changed":false,"_seopress_robots_primary_cat":"none","_seopress_titles_title":"","_seopress_titles_desc":"","_seopress_robots_index":""},"more":[],"product_brand":[6703],"product_cat":[9857],"product_tag":[13643,10583,13074,8261,8135,11828,13641,13639,6419,6781,13637],"class_list":{"0":"post-15011","1":"product","2":"type-product","3":"status-publish","4":"has-post-thumbnail","6":"product_brand-bm","7":"product_cat-loten","8":"product_tag-fikseer","9":"product_tag-fix","10":"product_tag-hitzebestandig","11":"product_tag-klein-2","12":"product_tag-loten","13":"product_tag-loten-3","14":"product_tag-objekte","15":"product_tag-scheispaste","16":"product_tag-schmuck","17":"product_tag-teile","18":"product_tag-thermo","19":"product_shipping_class-standard","21":"first","22":"instock","23":"taxable","24":"shipping-taxable","25":"purchasable","26":"product-type-simple"},"acf":[],"_links":{"self":[{"href":"https:\/\/esquell.eu\/de\/wp-json\/wp\/v2\/product\/15011","targetHints":{"allow":["GET"]}}],"collection":[{"href":"https:\/\/esquell.eu\/de\/wp-json\/wp\/v2\/product"}],"about":[{"href":"https:\/\/esquell.eu\/de\/wp-json\/wp\/v2\/types\/product"}],"replies":[{"embeddable":true,"href":"https:\/\/esquell.eu\/de\/wp-json\/wp\/v2\/comments?post=15011"}],"wp:featuredmedia":[{"embeddable":true,"href":"https:\/\/esquell.eu\/de\/wp-json\/wp\/v2\/media\/15012"}],"wp:attachment":[{"href":"https:\/\/esquell.eu\/de\/wp-json\/wp\/v2\/media?parent=15011"}],"wp:term":[{"taxonomy":"more","embeddable":true,"href":"https:\/\/esquell.eu\/de\/wp-json\/wp\/v2\/more?post=15011"},{"taxonomy":"product_brand","embeddable":true,"href":"https:\/\/esquell.eu\/de\/wp-json\/wp\/v2\/product_brand?post=15011"},{"taxonomy":"product_cat","embeddable":true,"href":"https:\/\/esquell.eu\/de\/wp-json\/wp\/v2\/product_cat?post=15011"},{"taxonomy":"product_tag","embeddable":true,"href":"https:\/\/esquell.eu\/de\/wp-json\/wp\/v2\/product_tag?post=15011"}],"curies":[{"name":"wp","href":"https:\/\/api.w.org\/{rel}","templated":true}]}}