{"id":15000,"date":"2025-04-03T09:20:37","date_gmt":"2025-04-03T09:20:37","guid":{"rendered":"https:\/\/esquell.eu\/product\/fluoron-universal-flussmittel-fuer-gold-und-silber-100ml\/"},"modified":"2026-04-01T17:38:59","modified_gmt":"2026-04-01T17:38:59","slug":"fluoron-universal-flussmittel-fuer-gold-und-silber-100ml","status":"publish","type":"product","link":"https:\/\/esquell.eu\/de\/produkt\/fluoron-universal-flussmittel-fuer-gold-und-silber-100ml\/","title":{"rendered":"Fluoron Universal-Flussmittel f\u00fcr Gold und Silber- 100ml"},"content":{"rendered":"<p>Fluoron Universalflussmittel f\u00fcr Gold und Silber- 100ml<br \/>\nSofort verwendbar &#8211; geeignet f\u00fcr Temperaturen von 500\u00b0C &#8211; 800\u00b0C<\/p>\n<p>Flussmittel erleichtert das L\u00f6ten und sorgt f\u00fcr ein starkes und dauerhaftes Ergebnis.<br \/>\nPerfekt f\u00fcr professionelle Juweliere und Bastler, die bei ihrer Arbeit auf h\u00f6chste Qualit\u00e4t achten!<\/p>\n<p>Auch f\u00fcr Silberknete geeignet<\/p>\n<p>Siehe Produktdatenblatt f\u00fcr Sicherheitswarnungen.<\/p>\n<p>&nbsp;<\/p>\n<p>&nbsp;<\/p>\n","protected":false},"excerpt":{"rendered":"<p>Fluoron Universalflussmittel f\u00fcr Gold und Silber- 100ml<br \/>\nSofort verwendbar &#8211; geeignet f\u00fcr Temperaturen von 500\u00b0C &#8211; 800\u00b0C<\/p>\n<p>&nbsp;<\/p>\n<p>Siehe Produktdatenblatt f\u00fcr Sicherheitswarnungen.<\/p>\n<p>&nbsp;<\/p>\n<p>&nbsp;<\/p>\n<p><strong>Gef\u00e4hrdungsbestimmende Komponenten<\/strong><\/p>\n<p>Bors\u00e4ure, Borax Dekahydrat<\/p>\n<p>&nbsp;<\/p>\n<p><strong>Gefahrenwarnungen<\/strong><\/p>\n<p><strong>H332<\/strong><\/p>\n<p>Sch\u00e4dlich beim Einatmen.<\/p>\n<p>&nbsp;<\/p>\n<p><strong>H360FD<\/strong><\/p>\n<p>Kann die Fruchtbarkeit beeintr\u00e4chtigen. Kann das ungeborene Kind sch\u00e4digen. <\/p>\n<p>&nbsp;<\/p>\n<p><strong>Empfehlungen zur Sicherheit<\/strong><\/p>\n<p><strong>P280<\/strong><\/p>\n<p>Tragen Sie Schutzhandschuhe\/Schutzkleidung\/Augenschutz\/Gesichtsschutz\/Geh\u00f6rschutz.<\/p>\n<p>&nbsp;<\/p>\n<p><strong>P261<\/strong><\/p>\n<p>Vermeiden Sie das Einatmen von Staub\/Rauch\/Gas\/Nebel\/Dampf\/Aerosol.<\/p>\n<p>&nbsp;<\/p>\n<p><strong>P304 + P340<\/strong><\/p>\n<p>NACH EINATMEN: Bringen Sie die Person an die frische Luft und stellen Sie sicher, dass sie leicht atmen kann.<\/p>\n<p>&nbsp;<\/p>\n<p><strong>P312<\/strong><\/p>\n<p>Wenn Sie sich unwohl f\u00fchlen, wenden Sie sich an ein ANTIGIFCENTRUM\/einen Arzt.<\/p>\n<p>&nbsp;<\/p>\n<p><strong>P405<\/strong><\/p>\n<p>Hinter Schloss und Riegel halten.<\/p>\n<p>&nbsp;<\/p>\n<p><strong>P501<\/strong><\/p>\n<p>Entsorgen Sie den Inhalt und die Verpackung gem\u00e4\u00df den lokalen\/regionalen\/nationalen\/internationalen Vorschriften.<\/p>\n<p>&nbsp;<\/p>\n<p><strong>CAS-Nummer<\/strong><\/p>\n<p>1303-96-4, Borax-Decahydrat<\/p>\n<p>&nbsp;<\/p>\n<p><strong>CAS-Nummer<\/strong><\/p>\n<p>10043-35-3, Bors\u00e4ure<\/p>\n<p>&nbsp;<\/p>\n","protected":false},"featured_media":15003,"comment_status":"closed","ping_status":"closed","template":"","meta":{"_acf_changed":false,"_seopress_robots_primary_cat":"none","_seopress_titles_title":"","_seopress_titles_desc":"","_seopress_robots_index":""},"more":[],"product_brand":[],"product_cat":[9857],"product_tag":[6488,6506,6948,6817,6773,6492,13596,11862,11910,6458,13598,11722,11898,7123,6936,6494,13600,12508,9978,6895,9095,13594,13602,11725,11896,7555,6824,6830,6934,6822,6692,11717,6836,6897,6498,6775,8504,10710,6844,8135,11798,11708,6421,6444,7557,7756,8137,6441,6455,6832,6828,6424,6928,6419,8104,6899,6558,6417,6812,11714,7404,11711,6996,6834,6500,6556,6893,6795,6690,6429,7064,6838,7796],"class_list":{"0":"post-15000","1":"product","2":"type-product","3":"status-publish","4":"has-post-thumbnail","6":"product_cat-loten","7":"product_tag-6488","8":"product_tag-6506","9":"product_tag-almere","10":"product_tag-amsterdam","11":"product_tag-antwerpen","12":"product_tag-artclay","13":"product_tag-backgitter","14":"product_tag-basis","15":"product_tag-basis-2","16":"product_tag-belgien","17":"product_tag-blueflux","18":"product_tag-boraxin","19":"product_tag-brenner","20":"product_tag-brucke","21":"product_tag-brussel","22":"product_tag-diy","23":"product_tag-drente","24":"product_tag-edel-2","25":"product_tag-edelmetall","26":"product_tag-es","27":"product_tag-fackel","28":"product_tag-flussigkeit","29":"product_tag-flussmittel","30":"product_tag-flux","31":"product_tag-flux-2","32":"product_tag-formbare","33":"product_tag-friesland","34":"product_tag-gelderland","35":"product_tag-gent","36":"product_tag-groningen","37":"product_tag-handbuch","38":"product_tag-hart","39":"product_tag-holland","40":"product_tag-ihr","41":"product_tag-kunst","42":"product_tag-kurzwarengeschaft","43":"product_tag-lager","44":"product_tag-leleystad","45":"product_tag-limburg","46":"product_tag-loten","47":"product_tag-lotpaste","48":"product_tag-lotplatte","49":"product_tag-machen","50":"product_tag-metalclay","51":"product_tag-metall","52":"product_tag-metall-2","53":"product_tag-metall-3","54":"product_tag-metallton","55":"product_tag-niederlande","56":"product_tag-norden","57":"product_tag-overijssel","58":"product_tag-rein","59":"product_tag-rotterdam","60":"product_tag-schmuck","61":"product_tag-schmuck-workshop","62":"product_tag-selbst","63":"product_tag-sie-selbst","64":"product_tag-silber","65":"product_tag-silber-3","66":"product_tag-silberlot","67":"product_tag-silberton-2","68":"product_tag-soft","69":"product_tag-sollid","70":"product_tag-sud","71":"product_tag-ton-2","72":"product_tag-ton-3","73":"product_tag-tun","74":"product_tag-utrecht","75":"product_tag-werkstatten","76":"product_tag-wirklich","77":"product_tag-workshop","78":"product_tag-zeeland","79":"product_tag-zwolle","80":"product_shipping_class-standard","82":"first","83":"instock","84":"taxable","85":"shipping-taxable","86":"purchasable","87":"product-type-simple"},"acf":[],"_links":{"self":[{"href":"https:\/\/esquell.eu\/de\/wp-json\/wp\/v2\/product\/15000","targetHints":{"allow":["GET"]}}],"collection":[{"href":"https:\/\/esquell.eu\/de\/wp-json\/wp\/v2\/product"}],"about":[{"href":"https:\/\/esquell.eu\/de\/wp-json\/wp\/v2\/types\/product"}],"replies":[{"embeddable":true,"href":"https:\/\/esquell.eu\/de\/wp-json\/wp\/v2\/comments?post=15000"}],"wp:featuredmedia":[{"embeddable":true,"href":"https:\/\/esquell.eu\/de\/wp-json\/wp\/v2\/media\/15003"}],"wp:attachment":[{"href":"https:\/\/esquell.eu\/de\/wp-json\/wp\/v2\/media?parent=15000"}],"wp:term":[{"taxonomy":"more","embeddable":true,"href":"https:\/\/esquell.eu\/de\/wp-json\/wp\/v2\/more?post=15000"},{"taxonomy":"product_brand","embeddable":true,"href":"https:\/\/esquell.eu\/de\/wp-json\/wp\/v2\/product_brand?post=15000"},{"taxonomy":"product_cat","embeddable":true,"href":"https:\/\/esquell.eu\/de\/wp-json\/wp\/v2\/product_cat?post=15000"},{"taxonomy":"product_tag","embeddable":true,"href":"https:\/\/esquell.eu\/de\/wp-json\/wp\/v2\/product_tag?post=15000"}],"curies":[{"name":"wp","href":"https:\/\/api.w.org\/{rel}","templated":true}]}}