{"id":14985,"date":"2025-04-03T09:20:45","date_gmt":"2025-04-03T09:20:45","guid":{"rendered":"https:\/\/esquell.eu\/product\/vitrex-pulver\/"},"modified":"2025-12-22T15:40:34","modified_gmt":"2025-12-22T15:40:34","slug":"vitrex-pulver","status":"publish","type":"product","link":"https:\/\/esquell.eu\/de\/produkt\/vitrex-pulver\/","title":{"rendered":"Vitrex Pulver"},"content":{"rendered":"<p>Vitrex 500 Gramm<\/p>\n<p>Reinigungsmittel f\u00fcr Edelmetalle.<br \/>\nMax. 70\u00b0C.<br \/>\n125 gr\/Liter<\/p>\n<p><strong>Gef\u00e4hrdungsbestimmende Komponenten<\/strong><\/p>\n<p>Natriumhydrogensulfat<\/p>\n<p><strong>Gefahrenhinweise<\/strong><\/p>\n<p><strong>H318<\/strong><\/p>\n<p>Verursacht schwere Augensch\u00e4den.<\/p>\n<p><strong>Empfehlungen zur Sicherheit<\/strong><\/p>\n<p><strong>P280<\/strong><\/p>\n<p>Tragen Sie einen Augenschutz\/Gesichtsschutz.<\/p>\n<p><strong>P305 + P351 + P338<\/strong><\/p>\n<p>Bei Kontakt mit den Augen<\/p>\n<p>Sp\u00fclen Sie mehrere Minuten lang vorsichtig mit Wasser nach; nehmen Sie die Kontaktlinsen heraus, wenn m\u00f6glich; sp\u00fclen Sie weiter.<\/p>\n<p><strong>P310<\/strong><\/p>\n<p>Suchen Sie sofort ein ANTIGIFCENTRUM\/einen Arzt auf.<\/p>\n<p><strong>CAS-Nummer<\/strong><\/p>\n<p>7681-38-1<\/p>\n","protected":false},"excerpt":{"rendered":"<p>Vitrex 500 Gramm<\/p>\n<p>Reinigungsmittel f\u00fcr Edelmetalle.<br \/>\nMax. 70\u00b0C.<br \/>\n125 gr\/Liter<\/p>\n<p>&nbsp;<\/p>\n<p><strong>Gef\u00e4hrdungsbestimmende Komponenten<\/strong><\/p>\n<p>Natriumhydrogensulfat<\/p>\n<p>&nbsp;<\/p>\n<p><strong>Gefahrenhinweise<\/strong><\/p>\n<p><strong>H318<\/strong><\/p>\n<p>Verursacht schwere Augensch\u00e4den.<\/p>\n<p>&nbsp;<\/p>\n<p><strong>Empfehlungen zur Sicherheit<\/strong><\/p>\n<p><strong>P280<\/strong><\/p>\n<p>Tragen Sie einen Augenschutz\/Gesichtsschutz.<\/p>\n<p>&nbsp;<\/p>\n<p><strong>P305 + P351 + P338<\/strong><\/p>\n<p>Bei Kontakt mit den Augen<\/p>\n<p>Sp\u00fclen Sie mehrere Minuten lang vorsichtig mit Wasser nach; nehmen Sie die Kontaktlinsen heraus, wenn m\u00f6glich; sp\u00fclen Sie weiter.<\/p>\n<p>&nbsp;<\/p>\n<p><strong>P310<\/strong><\/p>\n<p>Suchen Sie sofort ein ANTIGIFCENTRUM\/einen Arzt auf.<\/p>\n<p>&nbsp;<\/p>\n<p><strong>CAS-Nummer<\/strong><\/p>\n<p>7681-38-1<\/p>\n<p>&nbsp;<\/p>\n","protected":false},"featured_media":14986,"comment_status":"closed","ping_status":"closed","template":"","meta":{"_acf_changed":false,"_seopress_robots_primary_cat":"none","_seopress_titles_title":"","_seopress_titles_desc":"","_seopress_robots_index":""},"more":[],"product_brand":[6703],"product_cat":[9857],"product_tag":[13530,9978,7745,13532],"class_list":{"0":"post-14985","1":"product","2":"type-product","3":"status-publish","4":"has-post-thumbnail","6":"product_brand-bm","7":"product_cat-loten","8":"product_tag-abkochung","9":"product_tag-edelmetall","10":"product_tag-edelmetalle","11":"product_tag-vitrex","12":"product_shipping_class-standard","14":"first","15":"instock","16":"taxable","17":"shipping-taxable","18":"purchasable","19":"product-type-simple"},"acf":[],"_links":{"self":[{"href":"https:\/\/esquell.eu\/de\/wp-json\/wp\/v2\/product\/14985","targetHints":{"allow":["GET"]}}],"collection":[{"href":"https:\/\/esquell.eu\/de\/wp-json\/wp\/v2\/product"}],"about":[{"href":"https:\/\/esquell.eu\/de\/wp-json\/wp\/v2\/types\/product"}],"replies":[{"embeddable":true,"href":"https:\/\/esquell.eu\/de\/wp-json\/wp\/v2\/comments?post=14985"}],"wp:featuredmedia":[{"embeddable":true,"href":"https:\/\/esquell.eu\/de\/wp-json\/wp\/v2\/media\/14986"}],"wp:attachment":[{"href":"https:\/\/esquell.eu\/de\/wp-json\/wp\/v2\/media?parent=14985"}],"wp:term":[{"taxonomy":"more","embeddable":true,"href":"https:\/\/esquell.eu\/de\/wp-json\/wp\/v2\/more?post=14985"},{"taxonomy":"product_brand","embeddable":true,"href":"https:\/\/esquell.eu\/de\/wp-json\/wp\/v2\/product_brand?post=14985"},{"taxonomy":"product_cat","embeddable":true,"href":"https:\/\/esquell.eu\/de\/wp-json\/wp\/v2\/product_cat?post=14985"},{"taxonomy":"product_tag","embeddable":true,"href":"https:\/\/esquell.eu\/de\/wp-json\/wp\/v2\/product_tag?post=14985"}],"curies":[{"name":"wp","href":"https:\/\/api.w.org\/{rel}","templated":true}]}}