{"id":14977,"date":"2025-04-03T09:20:45","date_gmt":"2025-04-03T09:20:45","guid":{"rendered":"https:\/\/esquell.eu\/product\/brenner-handloeten-gasbrenner-auf-butangas\/"},"modified":"2026-02-14T10:33:57","modified_gmt":"2026-02-14T10:33:57","slug":"brenner-handloeten-gasbrenner-auf-butangas","status":"publish","type":"product","link":"https:\/\/esquell.eu\/de\/produkt\/brenner-handloeten-gasbrenner-auf-butangas\/","title":{"rendered":"Brenner Handl\u00f6ten Gasbrenner auf Butangas"},"content":{"rendered":"<p>Fantastischer professioneller Mikrobrenner zum Weich- und Hartl\u00f6ten und Brennen von Silberton.<br \/>\nDer Brenner hat eine piezoelektrische Z\u00fcndung.<br \/>\nNachf\u00fcllbar mit normalem Feuerzeuggas, Butangas<br \/>\nSehr stabil dank integriertem Sicherheitsfu\u00df.<br \/>\nDie Flammengr\u00f6\u00dfe ist stufenlos einstellbar.<\/p>\n<p>M50<\/p>\n","protected":false},"excerpt":{"rendered":"<p>Die Fackel ist mit einer automatischen Z\u00fcndung ausgestattet. Nachf\u00fcllbar mit normalem Feuerzeuggas, Butangas Sehr stabil dank des integrierten Sicherheitsfu\u00dfes. <\/p>\n","protected":false},"featured_media":14981,"comment_status":"closed","ping_status":"closed","template":"","meta":{"_acf_changed":false,"_seopress_robots_primary_cat":"none","_seopress_titles_title":"","_seopress_titles_desc":"","_seopress_robots_index":""},"more":[],"product_brand":[13524],"product_cat":[9853,6596,9857,7717],"product_tag":[9087,6446,6492,6438,6677,6458,6790,10908,10917,13526,6675,6883,6494,9095,11319,6680,13525,11874,10579,10896,6673,6885,6498,8135,6679,7545,6421,6444,6441,9448,6455,6788,6820,6419,6812,6490,6500],"class_list":{"0":"post-14977","1":"product","2":"type-product","3":"status-publish","4":"has-post-thumbnail","6":"product_brand-wiegman","7":"product_cat-bake-off","8":"product_cat-grundlegende-werkzeuge","9":"product_cat-loten","10":"product_cat-verkauf","11":"product_tag-abbacken","12":"product_tag-aida","13":"product_tag-artclay","14":"product_tag-artclaysilver","15":"product_tag-belgien-2","16":"product_tag-belgien","17":"product_tag-bestellung","18":"product_tag-brennen","19":"product_tag-butangas","20":"product_tag-clesius","21":"product_tag-craftlines","22":"product_tag-deutschland","23":"product_tag-diy","24":"product_tag-fackel","25":"product_tag-fichte","26":"product_tag-frankreich","27":"product_tag-gas","28":"product_tag-gasbrenner","29":"product_tag-grad","30":"product_tag-handfackel","31":"product_tag-japan","32":"product_tag-kaufen-2","33":"product_tag-kunst","34":"product_tag-loten","35":"product_tag-luxemburg","36":"product_tag-luxemburg-2","37":"product_tag-machen","38":"product_tag-metalclay","39":"product_tag-metallton","40":"product_tag-mtr","41":"product_tag-niederlande","42":"product_tag-online","43":"product_tag-schmuck-2","44":"product_tag-schmuck","45":"product_tag-silber-3","46":"product_tag-silberton","47":"product_tag-ton-2","48":"product_shipping_class-standard","50":"first","51":"instock","52":"sale","53":"taxable","54":"shipping-taxable","55":"purchasable","56":"product-type-simple"},"acf":[],"_links":{"self":[{"href":"https:\/\/esquell.eu\/de\/wp-json\/wp\/v2\/product\/14977","targetHints":{"allow":["GET"]}}],"collection":[{"href":"https:\/\/esquell.eu\/de\/wp-json\/wp\/v2\/product"}],"about":[{"href":"https:\/\/esquell.eu\/de\/wp-json\/wp\/v2\/types\/product"}],"replies":[{"embeddable":true,"href":"https:\/\/esquell.eu\/de\/wp-json\/wp\/v2\/comments?post=14977"}],"wp:featuredmedia":[{"embeddable":true,"href":"https:\/\/esquell.eu\/de\/wp-json\/wp\/v2\/media\/14981"}],"wp:attachment":[{"href":"https:\/\/esquell.eu\/de\/wp-json\/wp\/v2\/media?parent=14977"}],"wp:term":[{"taxonomy":"more","embeddable":true,"href":"https:\/\/esquell.eu\/de\/wp-json\/wp\/v2\/more?post=14977"},{"taxonomy":"product_brand","embeddable":true,"href":"https:\/\/esquell.eu\/de\/wp-json\/wp\/v2\/product_brand?post=14977"},{"taxonomy":"product_cat","embeddable":true,"href":"https:\/\/esquell.eu\/de\/wp-json\/wp\/v2\/product_cat?post=14977"},{"taxonomy":"product_tag","embeddable":true,"href":"https:\/\/esquell.eu\/de\/wp-json\/wp\/v2\/product_tag?post=14977"}],"curies":[{"name":"wp","href":"https:\/\/api.w.org\/{rel}","templated":true}]}}