{"id":14960,"date":"2025-04-03T09:20:55","date_gmt":"2025-04-03T09:20:55","guid":{"rendered":"https:\/\/esquell.eu\/product\/loetstift-titan\/"},"modified":"2025-11-20T23:49:02","modified_gmt":"2025-11-20T23:49:02","slug":"loetstift-titan","status":"publish","type":"product","link":"https:\/\/esquell.eu\/de\/produkt\/loetstift-titan\/","title":{"rendered":"L\u00f6tstift. Titan"},"content":{"rendered":"<p>Titanium soldering pen, soldering pick.<br \/>\nBringt das L\u00f6tzinn m\u00fchelos an seinen Platz und h\u00e4lt es fest.<\/p>\n<p>* Die Farbe des Griffs kann variieren.<\/p>\n","protected":false},"excerpt":{"rendered":"<p>L\u00f6tstift aus Titan, L\u00f6tpickel. Bringt das L\u00f6tzinn m\u00fchelos an seinen Platz und h\u00e4lt es fest. <\/p>\n<p>&nbsp;<\/p>\n<p>* Die Farbe des Griffs kann variieren.<\/p>\n","protected":false},"featured_media":14967,"comment_status":"closed","ping_status":"closed","template":"","meta":{"_acf_changed":false,"_seopress_robots_primary_cat":"none","_seopress_titles_title":"","_seopress_titles_desc":"","_seopress_robots_index":""},"more":[],"product_brand":[6703],"product_cat":[9853,9857],"product_tag":[6790,6494,6793,13483,6452,11741,6786,6885,13479,7019,13475,8135,11733,11828,13473,13471,21496,13472,6421,8671,7134,6788,6820,6419,7465,13481,13469,13477,6779,8525,13470,7337,6784,6449,10111,6783],"class_list":{"0":"post-14960","1":"product","2":"type-product","3":"status-publish","4":"has-post-thumbnail","6":"product_brand-bm","7":"product_cat-bake-off","8":"product_cat-loten","9":"product_tag-bestellung","10":"product_tag-diy","11":"product_tag-einkaufen","12":"product_tag-goldschmiedewerkzeuge","13":"product_tag-groshandel","14":"product_tag-halten","15":"product_tag-kaufen","16":"product_tag-kaufen-2","17":"product_tag-legen","18":"product_tag-liefert","19":"product_tag-lotei","20":"product_tag-loten","21":"product_tag-loten-2","22":"product_tag-loten-3","23":"product_tag-lotkolben","24":"product_tag-lotwerkzeuge","25":"product_tag-lotzubehor-2","26":"product_tag-lotzubehor","27":"product_tag-machen","28":"product_tag-mit-dem","29":"product_tag-nudeln","30":"product_tag-online","31":"product_tag-schmuck-2","32":"product_tag-schmuck","33":"product_tag-schmuckwerkzeuge","34":"product_tag-schmuckwerkzeuge-4","35":"product_tag-schmuckzubehor-6","36":"product_tag-seine","37":"product_tag-selbstgemacht","38":"product_tag-spot","39":"product_tag-stift-2","40":"product_tag-unter-3","41":"product_tag-unter-2","42":"product_tag-verteiler","43":"product_tag-wahlen-sie","44":"product_tag-wobei","45":"product_shipping_class-standard","47":"first","48":"instock","49":"taxable","50":"shipping-taxable","51":"purchasable","52":"product-type-simple"},"acf":[],"_links":{"self":[{"href":"https:\/\/esquell.eu\/de\/wp-json\/wp\/v2\/product\/14960","targetHints":{"allow":["GET"]}}],"collection":[{"href":"https:\/\/esquell.eu\/de\/wp-json\/wp\/v2\/product"}],"about":[{"href":"https:\/\/esquell.eu\/de\/wp-json\/wp\/v2\/types\/product"}],"replies":[{"embeddable":true,"href":"https:\/\/esquell.eu\/de\/wp-json\/wp\/v2\/comments?post=14960"}],"wp:featuredmedia":[{"embeddable":true,"href":"https:\/\/esquell.eu\/de\/wp-json\/wp\/v2\/media\/14967"}],"wp:attachment":[{"href":"https:\/\/esquell.eu\/de\/wp-json\/wp\/v2\/media?parent=14960"}],"wp:term":[{"taxonomy":"more","embeddable":true,"href":"https:\/\/esquell.eu\/de\/wp-json\/wp\/v2\/more?post=14960"},{"taxonomy":"product_brand","embeddable":true,"href":"https:\/\/esquell.eu\/de\/wp-json\/wp\/v2\/product_brand?post=14960"},{"taxonomy":"product_cat","embeddable":true,"href":"https:\/\/esquell.eu\/de\/wp-json\/wp\/v2\/product_cat?post=14960"},{"taxonomy":"product_tag","embeddable":true,"href":"https:\/\/esquell.eu\/de\/wp-json\/wp\/v2\/product_tag?post=14960"}],"curies":[{"name":"wp","href":"https:\/\/api.w.org\/{rel}","templated":true}]}}