{"id":14948,"date":"2025-04-03T09:20:55","date_gmt":"2025-04-03T09:20:55","guid":{"rendered":"https:\/\/esquell.eu\/product\/loetplatte-keramik-135-95-cm-d-0023\/"},"modified":"2025-11-25T18:09:20","modified_gmt":"2025-11-25T18:09:20","slug":"loetplatte-keramik-135-95-cm-d-0023","status":"publish","type":"product","link":"https:\/\/esquell.eu\/de\/produkt\/loetplatte-keramik-135-95-cm-d-0023\/","title":{"rendered":"L\u00f6tplatte Keramik 13,5 * 9,5 cm (D-0023)"},"content":{"rendered":"<p>Keramische L\u00f6tplatte. Die ideale Arbeitsfl\u00e4che f\u00fcr Ihre L\u00f6tarbeiten. <\/p>\n","protected":false},"excerpt":{"rendered":"<p>Keramische L\u00f6tplatte. Die ideale Arbeitsfl\u00e4che f\u00fcr Ihre L\u00f6tarbeiten. <\/p>\n","protected":false},"featured_media":7609,"comment_status":"closed","ping_status":"closed","template":"","meta":{"_acf_changed":false,"_seopress_robots_primary_cat":"none","_seopress_titles_title":"","_seopress_titles_desc":"","_seopress_robots_index":""},"more":[],"product_brand":[6365],"product_cat":[9857],"product_tag":[6802,13192,13462,6415,8014,6786,10899,11313,8135,11708,6788,6806,6889,6417,6490,6784,6783],"class_list":{"0":"post-14948","1":"product","2":"type-product","3":"status-publish","4":"has-post-thumbnail","6":"product_brand-l1","7":"product_cat-loten","8":"product_tag-angebot","9":"product_tag-arbeitsflache","10":"product_tag-arbeitsplatz","11":"product_tag-billig","12":"product_tag-einkaufen-2","13":"product_tag-kaufen","14":"product_tag-keramik-3","15":"product_tag-keramik-4","16":"product_tag-loten","17":"product_tag-lotplatte","18":"product_tag-online","19":"product_tag-rabatt","20":"product_tag-shop","21":"product_tag-silber","22":"product_tag-silberton","23":"product_tag-unter-2","24":"product_tag-wobei","25":"product_shipping_class-standard","27":"first","28":"instock","29":"taxable","30":"shipping-taxable","31":"purchasable","32":"product-type-simple"},"acf":[],"_links":{"self":[{"href":"https:\/\/esquell.eu\/de\/wp-json\/wp\/v2\/product\/14948","targetHints":{"allow":["GET"]}}],"collection":[{"href":"https:\/\/esquell.eu\/de\/wp-json\/wp\/v2\/product"}],"about":[{"href":"https:\/\/esquell.eu\/de\/wp-json\/wp\/v2\/types\/product"}],"replies":[{"embeddable":true,"href":"https:\/\/esquell.eu\/de\/wp-json\/wp\/v2\/comments?post=14948"}],"wp:featuredmedia":[{"embeddable":true,"href":"https:\/\/esquell.eu\/de\/wp-json\/wp\/v2\/media\/7609"}],"wp:attachment":[{"href":"https:\/\/esquell.eu\/de\/wp-json\/wp\/v2\/media?parent=14948"}],"wp:term":[{"taxonomy":"more","embeddable":true,"href":"https:\/\/esquell.eu\/de\/wp-json\/wp\/v2\/more?post=14948"},{"taxonomy":"product_brand","embeddable":true,"href":"https:\/\/esquell.eu\/de\/wp-json\/wp\/v2\/product_brand?post=14948"},{"taxonomy":"product_cat","embeddable":true,"href":"https:\/\/esquell.eu\/de\/wp-json\/wp\/v2\/product_cat?post=14948"},{"taxonomy":"product_tag","embeddable":true,"href":"https:\/\/esquell.eu\/de\/wp-json\/wp\/v2\/product_tag?post=14948"}],"curies":[{"name":"wp","href":"https:\/\/api.w.org\/{rel}","templated":true}]}}