{"id":14933,"date":"2025-04-03T09:20:55","date_gmt":"2025-04-03T09:20:55","guid":{"rendered":"https:\/\/esquell.eu\/product\/ofenpaste-kiln-wash-zum-schutz-der-keramik-im-inneren-des-ofens\/"},"modified":"2025-04-03T09:20:55","modified_gmt":"2025-04-03T09:20:55","slug":"ofenpaste-kiln-wash-zum-schutz-der-keramik-im-inneren-des-ofens","status":"publish","type":"product","link":"https:\/\/esquell.eu\/de\/produkt\/ofenpaste-kiln-wash-zum-schutz-der-keramik-im-inneren-des-ofens\/","title":{"rendered":"Ofenpaste, Kiln Wash zum Schutz der Keramik im Inneren des Ofens."},"content":{"rendered":"<p>Kiln Wash wird auf die Bodenplatte des Ofens aufgetragen, um zu verhindern, dass Glas-, Emaille-, Metallton- und Glasurr\u00fcckst\u00e4nde an der Bodenplatte des Ofens haften bleiben.<\/p>\n<p>Mischen Sie 1\/4 Tasse des Pulvers mit so viel Wasser, dass eine cremige Konsistenz entsteht.<\/p>\n<p>Der Anstrich kann mit einem alten, aber sauberen Pinsel aufgetragen werden. Tragen Sie ihn in 1 Schicht auf und lassen Sie ihn gr\u00fcndlich trocknen. Mehrere Anstriche sind nicht erforderlich.  <\/p>\n<p>Wenn Glas-, Emaille- oder Glasurreste an der Ofenplatte haften, k\u00f6nnen Sie diese jetzt einfach mit Handwerkzeugen abschleifen. Beim Schleifen fliegen Materialst\u00fccke umher, daher sollten Sie dies im Freien tun und eine Maske und eine Schutzbrille tragen, um sich zu sch\u00fctzen.<\/p>\n<p>Kiln Wash kann in allen \u00d6fen bis zu 1300\u00b0Grad C verwendet werden.<\/p>\n<p>Nachdem Sie die Reste von Glas, Emaille oder Glasur entfernt haben, tragen Sie eine neue Schicht Ofenreiniger auf die Innenseite des Ofens auf. Auf diese Weise sch\u00fctzen Sie das Innere des Ofens optimal, der Ofen bleibt sauber und aufger\u00e4umt, was zu sauberen Werkst\u00fccken und einer l\u00e4ngeren Lebensdauer Ihres Ofens f\u00fchrt. <\/p>\n<p>Sicherheit.<\/p>\n<p>Brennhilfsmittel enth\u00e4lt Silizium, daher ist es ratsam, die notwendigen Vorsichtsma\u00dfnahmen zu treffen. Dazu geh\u00f6rt das Tragen einer guten Staubmaske und von Handschuhen. Auch eine Schutzbrille kann n\u00fctzlich sein. Denken Sie daran, sich vor einer Pause oder nach der Arbeit immer die H\u00e4nde zu waschen.  <\/p>\n","protected":false},"excerpt":{"rendered":"<p>Kiln Wash wird auf die Bodenplatte des Ofens aufgetragen, um zu verhindern, dass Glas-, Emaille-, Metallton- und Glasurr\u00fcckst\u00e4nde an der Bodenplatte des Ofens haften bleiben.<\/p>\n<p>&nbsp;<\/p>\n<p>Mischen Sie 1\/4 Tasse des Pulvers mit so viel Wasser, dass eine cremige Konsistenz entsteht.<\/p>\n<p>&nbsp;<\/p>\n<p>Der Anstrich kann mit einem alten, aber sauberen Pinsel aufgetragen werden. Tragen Sie ihn in 1 Schicht auf und lassen Sie ihn gr\u00fcndlich trocknen. Mehrere Anstriche sind nicht erforderlich.  <\/p>\n<p>&nbsp;<\/p>\n<p>Wenn Glas-, Emaille- oder Glasurreste an der Ofenplatte haften, k\u00f6nnen Sie diese jetzt einfach mit Handwerkzeugen abschleifen. Beim Schleifen fliegen Materialst\u00fccke umher, daher sollten Sie dies im Freien tun und eine Maske und eine Schutzbrille tragen, um sich zu sch\u00fctzen.<\/p>\n<p>Kiln Wash kann in allen \u00d6fen bis zu 1300\u00b0Grad C verwendet werden.<\/p>\n<p>&nbsp;<\/p>\n<p>Nachdem Sie die Reste von Glas, Emaille oder Glasur entfernt haben, tragen Sie eine neue Schicht Ofenreiniger auf die Innenseite des Ofens auf. Auf diese Weise sch\u00fctzen Sie das Innere des Ofens optimal, der Ofen bleibt sauber und aufger\u00e4umt, was zu sauberen Werkst\u00fccken und einer l\u00e4ngeren Lebensdauer Ihres Ofens f\u00fchrt. <\/p>\n<p>&nbsp;<\/p>\n<p>Sicherheit.<\/p>\n<p>Brennhilfsmittel enth\u00e4lt Silizium, daher ist es ratsam, die notwendigen Vorsichtsma\u00dfnahmen zu treffen. Dazu geh\u00f6rt das Tragen einer guten Staubmaske und von Handschuhen. Auch eine Schutzbrille kann n\u00fctzlich sein. Denken Sie daran, sich vor einer Pause oder nach der Arbeit immer die H\u00e4nde zu waschen.  <\/p>\n<p>&nbsp;<\/p>\n<p>&nbsp;<\/p>\n","protected":false},"featured_media":7610,"comment_status":"closed","ping_status":"closed","template":"","meta":{"_acf_changed":false,"_seopress_robots_primary_cat":"none","_seopress_titles_title":"","_seopress_titles_desc":"","_seopress_robots_index":""},"more":[],"product_brand":[6595],"product_cat":[9853,7505,11310,7996],"product_tag":[9091,11311,7136,13374,13370,11313,13435,7134,11647,7133,7082,13372,9904,13437,6490,13433],"class_list":{"0":"post-14933","1":"product","2":"type-product","3":"status-publish","4":"has-post-thumbnail","6":"product_brand-coole-tools","7":"product_cat-bake-off","8":"product_cat-emaillierwerkzeuge-und-zubehor","9":"product_cat-ofen","10":"product_cat-werkzeuge-und-zubehor-fur-glas","11":"product_tag-backofen","12":"product_tag-brennofen","13":"product_tag-einfugen-2","14":"product_tag-faser","15":"product_tag-glasschmelzofen","16":"product_tag-keramik-4","17":"product_tag-kilnwash","18":"product_tag-nudeln","19":"product_tag-ofen","20":"product_tag-prometheus","21":"product_tag-reparatur","22":"product_tag-reparatur-3","23":"product_tag-schutz","24":"product_tag-schutzschicht","25":"product_tag-silberton","26":"product_tag-waschen","27":"product_shipping_class-standard","29":"first","30":"instock","31":"taxable","32":"shipping-taxable","33":"purchasable","34":"product-type-simple"},"acf":[],"_links":{"self":[{"href":"https:\/\/esquell.eu\/de\/wp-json\/wp\/v2\/product\/14933","targetHints":{"allow":["GET"]}}],"collection":[{"href":"https:\/\/esquell.eu\/de\/wp-json\/wp\/v2\/product"}],"about":[{"href":"https:\/\/esquell.eu\/de\/wp-json\/wp\/v2\/types\/product"}],"replies":[{"embeddable":true,"href":"https:\/\/esquell.eu\/de\/wp-json\/wp\/v2\/comments?post=14933"}],"wp:featuredmedia":[{"embeddable":true,"href":"https:\/\/esquell.eu\/de\/wp-json\/wp\/v2\/media\/7610"}],"wp:attachment":[{"href":"https:\/\/esquell.eu\/de\/wp-json\/wp\/v2\/media?parent=14933"}],"wp:term":[{"taxonomy":"more","embeddable":true,"href":"https:\/\/esquell.eu\/de\/wp-json\/wp\/v2\/more?post=14933"},{"taxonomy":"product_brand","embeddable":true,"href":"https:\/\/esquell.eu\/de\/wp-json\/wp\/v2\/product_brand?post=14933"},{"taxonomy":"product_cat","embeddable":true,"href":"https:\/\/esquell.eu\/de\/wp-json\/wp\/v2\/product_cat?post=14933"},{"taxonomy":"product_tag","embeddable":true,"href":"https:\/\/esquell.eu\/de\/wp-json\/wp\/v2\/product_tag?post=14933"}],"curies":[{"name":"wp","href":"https:\/\/api.w.org\/{rel}","templated":true}]}}