{"id":14916,"date":"2025-04-03T09:20:55","date_gmt":"2025-04-03T09:20:55","guid":{"rendered":"https:\/\/esquell.eu\/product\/glimmerfenster-fuer-prometheus-ofen-33-cm\/"},"modified":"2025-11-08T19:51:07","modified_gmt":"2025-11-08T19:51:07","slug":"glimmerfenster-fuer-prometheus-ofen-33-cm","status":"publish","type":"product","link":"https:\/\/esquell.eu\/de\/produkt\/glimmerfenster-fuer-prometheus-ofen-33-cm\/","title":{"rendered":"Glimmerfenster f\u00fcr Prometheus Ofen 3*3 cm"},"content":{"rendered":"<p>Dieses Glas von mika kann zum Verschlie\u00dfen des Lochs in der Backofent\u00fcr von prometheus verwendet werden<\/p>\n<p>3 x 3cm<\/p>\n<p>Um das Mika-Fenster einzubauen, ben\u00f6tigen Sie einen Kreuzschlitzschraubendreher.<\/p>\n<p>L\u00f6sen Sie die Schrauben vorsichtig ein wenig, damit Sie den Glimmer dahinter abnehmen k\u00f6nnen. .<\/p>\n<p>Wenn das Fenster an der richtigen Stelle sitzt, ziehen Sie die Schrauben vorsichtig fest.<\/p>\n<p>* Prometheus-\u00d6fen werden standardm\u00e4\u00dfig ohne Glimmer geliefert. Besonders wenn Sie den Ofen zum Glasschmelzen verwenden, ist es ratsam, ein Glimmerglas zu verwenden. <\/p>\n<p><strong>ACHTUNG:<\/strong> Ziehen Sie die Schrauben nicht zu fest an. Wenn die Schrauben zu fest angezogen werden, kann die T\u00fcr zusammenbrechen <\/p>\n","protected":false},"excerpt":{"rendered":"<p>&nbsp;<\/p>\n<p>Dieses Glas von mika kann zum Verschlie\u00dfen des Lochs in der Backofent\u00fcr von prometheus verwendet werden<\/p>\n<p>3 x 3cm<\/p>\n<p>Um das Mika-Fenster einzubauen, ben\u00f6tigen Sie einen Kreuzschlitzschraubendreher.<\/p>\n<p>L\u00f6sen Sie die Schrauben vorsichtig ein wenig, damit Sie den Glimmer dahinter abnehmen k\u00f6nnen. .<\/p>\n<p>Wenn das Fenster an der richtigen Stelle sitzt, ziehen Sie die Schrauben vorsichtig fest.<\/p>\n<p>&nbsp;<\/p>\n<p>* Prometheus-\u00d6fen werden standardm\u00e4\u00dfig ohne Glimmer geliefert. Besonders wenn Sie den Ofen zum Glasschmelzen verwenden, ist es ratsam, ein Glimmerglas zu verwenden. <\/p>\n<p>&nbsp;<\/p>\n<p><strong>ACHTUNG:<\/strong> Ziehen Sie die Schrauben nicht zu fest an. Wenn die Schrauben zu fest angezogen werden, kann die T\u00fcr zusammenbrechen <\/p>\n","protected":false},"featured_media":7616,"comment_status":"closed","ping_status":"closed","template":"","meta":{"_acf_changed":false,"_seopress_robots_primary_cat":"none","_seopress_titles_title":"","_seopress_titles_desc":"","_seopress_robots_index":""},"more":[],"product_brand":[10821,6518],"product_cat":[7505,11310,7996],"product_tag":[9087,6492,6438,9091,11311,6903,11193,11191,7017,7808,13386,13370,13387,11397,10813,6905,6444,6441,11400,7133,6490],"class_list":{"0":"post-14916","1":"product","2":"type-product","3":"status-publish","4":"has-post-thumbnail","6":"product_brand-div","7":"product_brand-prometheus","8":"product_cat-emaillierwerkzeuge-und-zubehor","9":"product_cat-ofen","10":"product_cat-werkzeuge-und-zubehor-fur-glas","11":"product_tag-abbacken","12":"product_tag-artclay","13":"product_tag-artclaysilver","14":"product_tag-backofen","15":"product_tag-brennofen","16":"product_tag-bronze-ton","17":"product_tag-emailleofen","18":"product_tag-emaillierofen","19":"product_tag-fur","20":"product_tag-glas","21":"product_tag-glasschmelzen-3","22":"product_tag-glasschmelzofen","23":"product_tag-glassfush","24":"product_tag-glimmer","25":"product_tag-hotpot","26":"product_tag-kupferton","27":"product_tag-metalclay","28":"product_tag-metallton","29":"product_tag-mika","30":"product_tag-prometheus","31":"product_tag-silberton","32":"product_shipping_class-standard","34":"first","35":"instock","36":"taxable","37":"shipping-taxable","38":"purchasable","39":"product-type-simple"},"acf":[],"_links":{"self":[{"href":"https:\/\/esquell.eu\/de\/wp-json\/wp\/v2\/product\/14916","targetHints":{"allow":["GET"]}}],"collection":[{"href":"https:\/\/esquell.eu\/de\/wp-json\/wp\/v2\/product"}],"about":[{"href":"https:\/\/esquell.eu\/de\/wp-json\/wp\/v2\/types\/product"}],"replies":[{"embeddable":true,"href":"https:\/\/esquell.eu\/de\/wp-json\/wp\/v2\/comments?post=14916"}],"wp:featuredmedia":[{"embeddable":true,"href":"https:\/\/esquell.eu\/de\/wp-json\/wp\/v2\/media\/7616"}],"wp:attachment":[{"href":"https:\/\/esquell.eu\/de\/wp-json\/wp\/v2\/media?parent=14916"}],"wp:term":[{"taxonomy":"more","embeddable":true,"href":"https:\/\/esquell.eu\/de\/wp-json\/wp\/v2\/more?post=14916"},{"taxonomy":"product_brand","embeddable":true,"href":"https:\/\/esquell.eu\/de\/wp-json\/wp\/v2\/product_brand?post=14916"},{"taxonomy":"product_cat","embeddable":true,"href":"https:\/\/esquell.eu\/de\/wp-json\/wp\/v2\/product_cat?post=14916"},{"taxonomy":"product_tag","embeddable":true,"href":"https:\/\/esquell.eu\/de\/wp-json\/wp\/v2\/product_tag?post=14916"}],"curies":[{"name":"wp","href":"https:\/\/api.w.org\/{rel}","templated":true}]}}