{"id":14880,"date":"2025-04-03T09:21:06","date_gmt":"2025-04-03T09:21:06","guid":{"rendered":"https:\/\/esquell.eu\/product\/nylonhammer-25-mm\/"},"modified":"2025-11-08T19:52:27","modified_gmt":"2025-11-08T19:52:27","slug":"nylonhammer-25-mm","status":"publish","type":"product","link":"https:\/\/esquell.eu\/de\/produkt\/nylonhammer-25-mm\/","title":{"rendered":"Nylonhammer 25 mm"},"content":{"rendered":"<p>Ideal f\u00fcr die Metallbearbeitung, um Metalle zu formen.<br \/>\nDank des weichen Kopfes wird das Metall nicht besch\u00e4digt.<br \/>\nDieser Nylonhammer hat einen doppelten Kopf, mit einem Mittelst\u00fcck aus Stahl.<br \/>\nDer Hammer ist r\u00fcckschlagfrei<\/p>\n","protected":false},"excerpt":{"rendered":"<p>Ideal f\u00fcr die Metallbearbeitung, um Metalle zu formen. Schlie\u00dflich besch\u00e4digt der weiche Kopf das Metall nicht. Dieser Nylonhammer hat einen Doppelkopf mit einem Mittelst\u00fcck aus Stahl. Der Hammer ist schlagfest   <\/p>\n","protected":false},"featured_media":7584,"comment_status":"closed","ping_status":"closed","template":"","meta":{"_acf_changed":false,"_seopress_robots_primary_cat":"none","_seopress_titles_title":"","_seopress_titles_desc":"","_seopress_robots_index":""},"more":[],"product_brand":[6703],"product_cat":[13249,10426],"product_tag":[7803,6817,6802,6684,6773,6799,6438,6944,13334,6458,9618,6415,6929,6840,7084,7387,7123,6936,7804,6883,6494,6826,8502,8014,8512,8477,7802,6842,7680,6680,6824,6830,6934,6767,9186,6822,6452,13252,6946,6836,8487,6786,6885,13320,13328,6804,12083,7131,8504,6932,8498,6844,6952,7813,7801,6421,8491,8137,13338,7800,8696,7178,6455,6832,12695,13330,13332,13326,6682,6788,6891,13324,6828,8092,6777,13322,6928,13344,13336,13342,11059,6419,7509,6558,6417,7354,9790,7086,7352,6490,7340,6834,6784,7811,6795,8483,6694,8673,6814,6818,6783,6838,13340,7796],"class_list":{"0":"post-14880","1":"product","2":"type-product","3":"status-publish","4":"has-post-thumbnail","6":"product_brand-bm","7":"product_cat-hammer","8":"product_cat-metall","9":"product_tag-almelo","10":"product_tag-amsterdam","11":"product_tag-angebot","12":"product_tag-anhanger","13":"product_tag-antwerpen","14":"product_tag-apeldoorn","15":"product_tag-artclaysilver","16":"product_tag-assen","17":"product_tag-bearbeiten","18":"product_tag-belgien","19":"product_tag-beste","20":"product_tag-billig","21":"product_tag-blei","22":"product_tag-brabant","23":"product_tag-breda","24":"product_tag-bronze","25":"product_tag-brucke","26":"product_tag-brussel","27":"product_tag-delft","28":"product_tag-deutschland","29":"product_tag-diy","30":"product_tag-drenthe","31":"product_tag-dronten","32":"product_tag-einkaufen-2","33":"product_tag-emmeloord","34":"product_tag-emmen","35":"product_tag-enschede","36":"product_tag-flevoland","37":"product_tag-formulare","38":"product_tag-frankreich","39":"product_tag-friesland","40":"product_tag-gelderland","41":"product_tag-gent","42":"product_tag-gold","43":"product_tag-gronigen","44":"product_tag-groningen","45":"product_tag-groshandel","46":"product_tag-hammer-2","47":"product_tag-heerenveen","48":"product_tag-holland","49":"product_tag-hoogeveen","50":"product_tag-kaufen","51":"product_tag-kaufen-2","52":"product_tag-keine-2","53":"product_tag-kickback","54":"product_tag-kostenlos","55":"product_tag-kostenlos-2","56":"product_tag-kupfer","57":"product_tag-lager","58":"product_tag-leeuwarden","59":"product_tag-lemmer","60":"product_tag-limburg","61":"product_tag-luttich","62":"product_tag-luttich-2","63":"product_tag-maastricht","64":"product_tag-machen","65":"product_tag-meppel","66":"product_tag-metall-3","67":"product_tag-metallbearbeitung-2","68":"product_tag-middelburg","69":"product_tag-modellierung-2","70":"product_tag-nicht","71":"product_tag-niederlande","72":"product_tag-norden","73":"product_tag-nylon","74":"product_tag-nylonhammer","75":"product_tag-nylonkopf","76":"product_tag-ohne","77":"product_tag-ohrringe","78":"product_tag-online","79":"product_tag-online-shop","80":"product_tag-oosterhout","81":"product_tag-overijssel","82":"product_tag-ring","83":"product_tag-ringe","84":"product_tag-ringe-machen","85":"product_tag-rotterdam","86":"product_tag-saltelande","87":"product_tag-schaden","88":"product_tag-schiedam","89":"product_tag-schmieden","90":"product_tag-schmuck","91":"product_tag-senden","92":"product_tag-sie-selbst","93":"product_tag-silber","94":"product_tag-silberschmied","95":"product_tag-silberschmied-2","96":"product_tag-silberschmiede","97":"product_tag-silberschmiede-2","98":"product_tag-silberton","99":"product_tag-silverclay-co-uk","100":"product_tag-sud","101":"product_tag-unter-2","102":"product_tag-urk","103":"product_tag-utrecht","104":"product_tag-venlo","105":"product_tag-von","106":"product_tag-watteninseln","107":"product_tag-webshop","108":"product_tag-werkzeuge-2","109":"product_tag-wobei","110":"product_tag-zeeland","111":"product_tag-zilverkleinderland","112":"product_tag-zwolle","113":"product_shipping_class-standard","115":"first","116":"instock","117":"taxable","118":"shipping-taxable","119":"purchasable","120":"product-type-simple"},"acf":[],"_links":{"self":[{"href":"https:\/\/esquell.eu\/de\/wp-json\/wp\/v2\/product\/14880","targetHints":{"allow":["GET"]}}],"collection":[{"href":"https:\/\/esquell.eu\/de\/wp-json\/wp\/v2\/product"}],"about":[{"href":"https:\/\/esquell.eu\/de\/wp-json\/wp\/v2\/types\/product"}],"replies":[{"embeddable":true,"href":"https:\/\/esquell.eu\/de\/wp-json\/wp\/v2\/comments?post=14880"}],"wp:featuredmedia":[{"embeddable":true,"href":"https:\/\/esquell.eu\/de\/wp-json\/wp\/v2\/media\/7584"}],"wp:attachment":[{"href":"https:\/\/esquell.eu\/de\/wp-json\/wp\/v2\/media?parent=14880"}],"wp:term":[{"taxonomy":"more","embeddable":true,"href":"https:\/\/esquell.eu\/de\/wp-json\/wp\/v2\/more?post=14880"},{"taxonomy":"product_brand","embeddable":true,"href":"https:\/\/esquell.eu\/de\/wp-json\/wp\/v2\/product_brand?post=14880"},{"taxonomy":"product_cat","embeddable":true,"href":"https:\/\/esquell.eu\/de\/wp-json\/wp\/v2\/product_cat?post=14880"},{"taxonomy":"product_tag","embeddable":true,"href":"https:\/\/esquell.eu\/de\/wp-json\/wp\/v2\/product_tag?post=14880"}],"curies":[{"name":"wp","href":"https:\/\/api.w.org\/{rel}","templated":true}]}}