{"id":14828,"date":"2025-04-03T09:21:06","date_gmt":"2025-04-03T09:21:06","guid":{"rendered":"https:\/\/esquell.eu\/product\/teflon-arbeitsflaeche-xxl-225225-cm\/"},"modified":"2025-04-03T09:21:06","modified_gmt":"2025-04-03T09:21:06","slug":"teflon-arbeitsflaeche-xxl-225225-cm","status":"publish","type":"product","link":"https:\/\/esquell.eu\/de\/produkt\/teflon-arbeitsflaeche-xxl-225225-cm\/","title":{"rendered":"Teflon-Arbeitsfl\u00e4che XXL 22,5*22,5 cm"},"content":{"rendered":"<p>Hitzebest\u00e4ndige Arbeitsfl\u00e4che.22,5*22,5cm<\/p>\n<p>Extra dickes und robustes Teflon<\/p>\n<p>Sie brauchen keine weitere Arbeitsmatte mehr<\/p>\n","protected":false},"excerpt":{"rendered":"<p>Hitzebest\u00e4ndige Arbeitsfl\u00e4che.22,5*22,5cm<\/p>\n<p>Extra dickes und robustes Teflon<\/p>\n<p>Sie brauchen keine weitere Arbeitsmatte mehr<\/p>\n","protected":false},"featured_media":7591,"comment_status":"closed","ping_status":"closed","template":"","meta":{"_acf_changed":false,"_seopress_robots_primary_cat":"none","_seopress_titles_title":"","_seopress_titles_desc":"","_seopress_robots_index":""},"more":[],"product_brand":[10821],"product_cat":[6367,6596,8215],"product_tag":[13192,13194,17069,13196,7672,7017,13074,13190,6441,7674,13191,6490,13193,6435,6556,13195,21826,7511,11703],"class_list":{"0":"post-14828","1":"product","2":"type-product","3":"status-publish","4":"has-post-thumbnail","6":"product_brand-div","7":"product_cat-erganzende-materialien","8":"product_cat-grundlegende-werkzeuge","9":"product_cat-lehm","10":"product_tag-arbeitsflache","11":"product_tag-arbeitsmatte","12":"product_tag-arbeitsmatte-2","13":"product_tag-arbeitsmatten","14":"product_tag-fimo","15":"product_tag-fur","16":"product_tag-hitzebestandig","17":"product_tag-matt","18":"product_tag-metallton","19":"product_tag-polymer-clay","20":"product_tag-resistent","21":"product_tag-silberton","22":"product_tag-teflon","23":"product_tag-ton","24":"product_tag-ton-3","25":"product_tag-tonmatte","26":"product_tag-tonmatte-2","27":"product_tag-tonschmuck","28":"product_tag-warme-2","29":"product_shipping_class-standard","31":"first","32":"instock","33":"taxable","34":"shipping-taxable","35":"purchasable","36":"product-type-simple"},"acf":[],"_links":{"self":[{"href":"https:\/\/esquell.eu\/de\/wp-json\/wp\/v2\/product\/14828","targetHints":{"allow":["GET"]}}],"collection":[{"href":"https:\/\/esquell.eu\/de\/wp-json\/wp\/v2\/product"}],"about":[{"href":"https:\/\/esquell.eu\/de\/wp-json\/wp\/v2\/types\/product"}],"replies":[{"embeddable":true,"href":"https:\/\/esquell.eu\/de\/wp-json\/wp\/v2\/comments?post=14828"}],"wp:featuredmedia":[{"embeddable":true,"href":"https:\/\/esquell.eu\/de\/wp-json\/wp\/v2\/media\/7591"}],"wp:attachment":[{"href":"https:\/\/esquell.eu\/de\/wp-json\/wp\/v2\/media?parent=14828"}],"wp:term":[{"taxonomy":"more","embeddable":true,"href":"https:\/\/esquell.eu\/de\/wp-json\/wp\/v2\/more?post=14828"},{"taxonomy":"product_brand","embeddable":true,"href":"https:\/\/esquell.eu\/de\/wp-json\/wp\/v2\/product_brand?post=14828"},{"taxonomy":"product_cat","embeddable":true,"href":"https:\/\/esquell.eu\/de\/wp-json\/wp\/v2\/product_cat?post=14828"},{"taxonomy":"product_tag","embeddable":true,"href":"https:\/\/esquell.eu\/de\/wp-json\/wp\/v2\/product_tag?post=14828"}],"curies":[{"name":"wp","href":"https:\/\/api.w.org\/{rel}","templated":true}]}}