{"id":14780,"date":"2025-11-01T11:51:39","date_gmt":"2025-11-01T11:51:39","guid":{"rendered":"https:\/\/esquell.eu\/product\/set-naturstein-shattuckite-groesse-ca-1020mm\/"},"modified":"2025-11-01T11:51:39","modified_gmt":"2025-11-01T11:51:39","slug":"set-naturstein-shattuckite-groesse-ca-1020mm","status":"publish","type":"product","link":"https:\/\/esquell.eu\/de\/produkt\/set-naturstein-shattuckite-groesse-ca-1020mm\/","title":{"rendered":"Set Naturstein Shattuckite Gr\u00f6\u00dfe ca. 10*20mm"},"content":{"rendered":"<p>Set mit passenden Tropfen aus Shattuckite.<br \/>\nEinzigartig<\/p>\n<p>Ideal f\u00fcr die Herstellung von Naturstein-Ohrringen.<\/p>\n<p>Gr\u00f6\u00dfe ca. 10*20mm<\/p>\n<p>Shattuckit ist ein relativ seltenes Kupfersilikat und hat eine gr\u00fcne und\/oder blaue Farbe.<\/p>\n<p>Flacher Boden<\/p>\n<p>Steinplatte<\/p>\n<p>*Da es sich um einen Naturstein handelt, sind die Steine nicht vollkommen identisch. Sie sind jedoch aus demselben Stein geschnitten, so dass das Muster \u00fcbereinstimmt. <\/p>\n<p><a href=\"https:\/\/esquell.eu\/de\/product-categorie\/siedlungen-und-chatons\/\"><u>Suchen Sie hier nach passenden silbernen Gedecken und Schr\u00e4nken.<\/u><\/a><\/p>\n<p>Setzk\u00e4sten selbst herstellen?<\/p>\n<p><a href=\"https:\/\/esquell.eu\/?s=zetdraad\"><u>Schauen Sie hier nach Setzdraht<\/u><\/a><\/p>\n<p><u><a href=\"https:\/\/esquell.eu\/de\/produkt\/anti-schrumpf-compound-fuer-metallton-silberton-verschiedene-inhalte\/\">Suchen Sie hier nach Antischrumpfmittel f\u00fcr<\/a><a href=\"https:\/\/esquell.eu\/de\/produkt\/anti-schrumpf-compound-fuer-metallton-silberton-verschiedene-inhalte\/\"> Metallkl<\/a><a href=\"https:\/\/esquell.eu\/de\/produkt\/anti-schrumpf-compound-fuer-metallton-silberton-verschiedene-inhalte\/\">ei<\/a><a href=\"https:\/\/esquell.eu\/de\/produkt\/anti-schrumpf-compound-fuer-metallton-silberton-verschiedene-inhalte\/\"> \/ Silberton<\/a><strong><br \/>\n<\/strong><\/u><\/p>\n<p><a href=\"https:\/\/esquell.eu\/?s=sieradenlijm\">Schmuckkleber<\/a><\/p>\n<p><a href=\"https:\/\/esquell.eu\/?s=zetstaa\"><u>Setzstahl<\/u><\/a><\/p>\n","protected":false},"excerpt":{"rendered":"<p>Set mit passenden Tropfen aus Shattuckite. Einzigartig Ideal f\u00fcr die Herstellung von Naturstein-Ohrringen. Gr\u00f6\u00dfe ca. 10*20mm Shattuckit ist ein relativ seltenes Kupfersilikat und hat eine gr\u00fcne und\/oder blaue Farbe. Flacher Boden Steinplatte *Da es sich um einen Naturstein handelt, sind die Steine nicht vollkommen identisch. Sie sind jedoch aus demselben Stein geschnitten, so dass das&#8230;<\/p>\n","protected":false},"featured_media":10546,"comment_status":"closed","ping_status":"closed","template":"","meta":{"_acf_changed":false,"_seopress_robots_primary_cat":"none","_seopress_titles_title":"","_seopress_titles_desc":"","_seopress_robots_index":""},"more":[],"product_brand":[13178],"product_cat":[13179,11955],"product_tag":[],"class_list":{"0":"post-14780","1":"product","2":"type-product","3":"status-publish","4":"has-post-thumbnail","6":"product_brand-geboren","7":"product_cat-cabochons-andere-formen","8":"product_cat-neu","10":"first","11":"instock","12":"taxable","13":"shipping-taxable","14":"purchasable","15":"product-type-simple"},"acf":[],"_links":{"self":[{"href":"https:\/\/esquell.eu\/de\/wp-json\/wp\/v2\/product\/14780","targetHints":{"allow":["GET"]}}],"collection":[{"href":"https:\/\/esquell.eu\/de\/wp-json\/wp\/v2\/product"}],"about":[{"href":"https:\/\/esquell.eu\/de\/wp-json\/wp\/v2\/types\/product"}],"replies":[{"embeddable":true,"href":"https:\/\/esquell.eu\/de\/wp-json\/wp\/v2\/comments?post=14780"}],"wp:featuredmedia":[{"embeddable":true,"href":"https:\/\/esquell.eu\/de\/wp-json\/wp\/v2\/media\/10546"}],"wp:attachment":[{"href":"https:\/\/esquell.eu\/de\/wp-json\/wp\/v2\/media?parent=14780"}],"wp:term":[{"taxonomy":"more","embeddable":true,"href":"https:\/\/esquell.eu\/de\/wp-json\/wp\/v2\/more?post=14780"},{"taxonomy":"product_brand","embeddable":true,"href":"https:\/\/esquell.eu\/de\/wp-json\/wp\/v2\/product_brand?post=14780"},{"taxonomy":"product_cat","embeddable":true,"href":"https:\/\/esquell.eu\/de\/wp-json\/wp\/v2\/product_cat?post=14780"},{"taxonomy":"product_tag","embeddable":true,"href":"https:\/\/esquell.eu\/de\/wp-json\/wp\/v2\/product_tag?post=14780"}],"curies":[{"name":"wp","href":"https:\/\/api.w.org\/{rel}","templated":true}]}}