{"id":14594,"date":"2025-04-03T09:12:28","date_gmt":"2025-04-03T09:12:28","guid":{"rendered":"https:\/\/esquell.eu\/product\/diy-bausatz-silber-natur-anhaenger-oder-ohrringe-anfaengerfreundlich\/"},"modified":"2025-04-03T09:12:28","modified_gmt":"2025-04-03T09:12:28","slug":"diy-bausatz-silber-natur-anhaenger-oder-ohrringe-anfaengerfreundlich","status":"publish","type":"product","link":"https:\/\/esquell.eu\/de\/produkt\/diy-bausatz-silber-natur-anhaenger-oder-ohrringe-anfaengerfreundlich\/","title":{"rendered":"DIY-Bausatz Silber &#8220;Natur&#8221;-Anh\u00e4nger oder Ohrringe &#8211; Anf\u00e4ngerfreundlich"},"content":{"rendered":"<p>Dieses Paket enth\u00e4lt alles, was Sie f\u00fcr die Herstellung eines von der Natur inspirierten Anh\u00e4ngers oder von Ohrringen ben\u00f6tigen.<\/p>\n<p>Einschlie\u00dflich:<\/p>\n<ul>\n<li>Werkzeuge<\/li>\n<li>Silberner Ton<\/li>\n<li>Handbuch,<\/li>\n<li>Schimmelpilzmischung<\/li>\n<li>Silberteile<\/li>\n<\/ul>\n<p>* ohne Halskette<\/p>\n<p>Das Paket wurde von einem zertifizierten Ausbilder entwickelt \/ das Handbuch wurde von einem zertifizierten Ausbilder geschrieben.<\/p>\n","protected":false},"excerpt":{"rendered":"<p>Dieses Paket enth\u00e4lt alles, was Sie f\u00fcr die Herstellung eines von der Natur inspirierten Anh\u00e4ngers oder von Ohrringen ben\u00f6tigen.<\/p>\n<p>Einschlie\u00dflich:<\/p>\n<ul>\n<li>Werkzeuge<\/li>\n<li>Silberner Ton<\/li>\n<li>Handbuch,<\/li>\n<li>Schimmelpilzmischung<\/li>\n<li>Silberteile<\/li>\n<\/ul>\n<p>* ohne Halskette<\/p>\n<p>&nbsp;<\/p>\n<p>Das Paket wurde von einem zertifizierten Ausbilder entwickelt \/ das Handbuch wurde von einem zertifizierten Ausbilder geschrieben.<\/p>\n","protected":false},"featured_media":14599,"comment_status":"closed","ping_status":"closed","template":"","meta":{"_acf_changed":false,"_seopress_robots_primary_cat":"none","_seopress_titles_title":"","_seopress_titles_desc":"","_seopress_robots_index":""},"more":[],"product_brand":[10821],"product_cat":[7918,7717],"product_tag":[6488,6506,12827,12794,6494,12828,12796,6421,12792,8092,12826,6558,6812,6671,6417,8022,6490,6429,7068],"class_list":{"0":"post-14594","1":"product","2":"type-product","3":"status-publish","4":"has-post-thumbnail","6":"product_brand-div","7":"product_cat-starter-pakete","8":"product_cat-verkauf","9":"product_tag-6488","10":"product_tag-6506","11":"product_tag-anhanger-zum-selbermachen","12":"product_tag-dia-pack","13":"product_tag-diy","14":"product_tag-diykit","15":"product_tag-hipp","16":"product_tag-machen","17":"product_tag-paket","18":"product_tag-ring","19":"product_tag-selbstgemachter-schmuck-3","20":"product_tag-sie-selbst","21":"product_tag-silber-3","22":"product_tag-silber-2","23":"product_tag-silber","24":"product_tag-silberlehm","25":"product_tag-silberton","26":"product_tag-wirklich","27":"product_tag-zirkoniumdioxid","28":"product_shipping_class-standard","30":"first","31":"instock","32":"sale","33":"taxable","34":"shipping-taxable","35":"purchasable","36":"product-type-simple"},"acf":[],"_links":{"self":[{"href":"https:\/\/esquell.eu\/de\/wp-json\/wp\/v2\/product\/14594","targetHints":{"allow":["GET"]}}],"collection":[{"href":"https:\/\/esquell.eu\/de\/wp-json\/wp\/v2\/product"}],"about":[{"href":"https:\/\/esquell.eu\/de\/wp-json\/wp\/v2\/types\/product"}],"replies":[{"embeddable":true,"href":"https:\/\/esquell.eu\/de\/wp-json\/wp\/v2\/comments?post=14594"}],"wp:featuredmedia":[{"embeddable":true,"href":"https:\/\/esquell.eu\/de\/wp-json\/wp\/v2\/media\/14599"}],"wp:attachment":[{"href":"https:\/\/esquell.eu\/de\/wp-json\/wp\/v2\/media?parent=14594"}],"wp:term":[{"taxonomy":"more","embeddable":true,"href":"https:\/\/esquell.eu\/de\/wp-json\/wp\/v2\/more?post=14594"},{"taxonomy":"product_brand","embeddable":true,"href":"https:\/\/esquell.eu\/de\/wp-json\/wp\/v2\/product_brand?post=14594"},{"taxonomy":"product_cat","embeddable":true,"href":"https:\/\/esquell.eu\/de\/wp-json\/wp\/v2\/product_cat?post=14594"},{"taxonomy":"product_tag","embeddable":true,"href":"https:\/\/esquell.eu\/de\/wp-json\/wp\/v2\/product_tag?post=14594"}],"curies":[{"name":"wp","href":"https:\/\/api.w.org\/{rel}","templated":true}]}}