{"id":14587,"date":"2025-04-03T09:12:28","date_gmt":"2025-04-03T09:12:28","guid":{"rendered":"https:\/\/esquell.eu\/product\/diy-bausatz-silberring-mit-zirkonia-freundlich-fuer-anfaenger\/"},"modified":"2026-01-10T17:08:03","modified_gmt":"2026-01-10T17:08:03","slug":"diy-bausatz-silberring-mit-zirkonia-freundlich-fuer-anfaenger","status":"publish","type":"product","link":"https:\/\/esquell.eu\/de\/produkt\/diy-bausatz-silberring-mit-zirkonia-freundlich-fuer-anfaenger\/","title":{"rendered":"DIY Bausatz Silberring mit Zirkonia. Freundlich f\u00fcr Anf\u00e4nger"},"content":{"rendered":"<p>Dieses Paket enth\u00e4lt alles, was Sie f\u00fcr die Herstellung dieses trendigen Silberrings ben\u00f6tigen.<\/p>\n<p>Einschlie\u00dflich:<\/p>\n<ul>\n<li>Werkzeuge<\/li>\n<li>Silberner Ton<\/li>\n<li>Handbuch,<\/li>\n<li>Zirconias<\/li>\n<\/ul>\n<p>Das Paket wurde von einem zertifizierten Ausbilder entwickelt \/ das Handbuch wurde von einem zertifizierten Ausbilder geschrieben.<\/p>\n","protected":false},"excerpt":{"rendered":"<p>Dieses Paket enth\u00e4lt alles, was Sie f\u00fcr die Herstellung dieses trendigen Silberrings ben\u00f6tigen.<\/p>\n<p>Einschlie\u00dflich:<\/p>\n<ul>\n<li>Werkzeuge<\/li>\n<li>Silberner Ton<\/li>\n<li>Handbuch,<\/li>\n<li>Zirconias<\/li>\n<\/ul>\n<p>&nbsp;<\/p>\n<p>Das Paket wurde von einem zertifizierten Ausbilder entwickelt \/ das Handbuch wurde von einem zertifizierten Ausbilder geschrieben.<\/p>\n","protected":false},"featured_media":14595,"comment_status":"closed","ping_status":"closed","template":"","meta":{"_acf_changed":false,"_seopress_robots_primary_cat":"none","_seopress_titles_title":"","_seopress_titles_desc":"","_seopress_robots_index":""},"more":[],"product_brand":[10821],"product_cat":[7918,7717],"product_tag":[6488,6506,12794,6494,7747,12819,12823,12796,6421,15564,12818,12792,8092,6777,6558,6417,6812,6671,8022,6490,12821,7511,12825,6429,7068],"class_list":{"0":"post-14587","1":"product","2":"type-product","3":"status-publish","4":"has-post-thumbnail","6":"product_brand-div","7":"product_cat-starter-pakete","8":"product_cat-verkauf","9":"product_tag-6488","10":"product_tag-6506","11":"product_tag-dia-pack","12":"product_tag-diy","13":"product_tag-einstellen","14":"product_tag-farbring","15":"product_tag-hip","16":"product_tag-hipp","17":"product_tag-machen","18":"product_tag-paket-3","19":"product_tag-paket-2","20":"product_tag-paket","21":"product_tag-ring","22":"product_tag-ringe","23":"product_tag-sie-selbst","24":"product_tag-silber","25":"product_tag-silber-3","26":"product_tag-silber-2","27":"product_tag-silberlehm","28":"product_tag-silberton","29":"product_tag-tonringe","30":"product_tag-tonschmuck","31":"product_tag-trendy","32":"product_tag-wirklich","33":"product_tag-zirkoniumdioxid","34":"product_shipping_class-standard","36":"first","37":"instock","38":"sale","39":"taxable","40":"shipping-taxable","41":"purchasable","42":"product-type-simple"},"acf":[],"_links":{"self":[{"href":"https:\/\/esquell.eu\/de\/wp-json\/wp\/v2\/product\/14587","targetHints":{"allow":["GET"]}}],"collection":[{"href":"https:\/\/esquell.eu\/de\/wp-json\/wp\/v2\/product"}],"about":[{"href":"https:\/\/esquell.eu\/de\/wp-json\/wp\/v2\/types\/product"}],"replies":[{"embeddable":true,"href":"https:\/\/esquell.eu\/de\/wp-json\/wp\/v2\/comments?post=14587"}],"wp:featuredmedia":[{"embeddable":true,"href":"https:\/\/esquell.eu\/de\/wp-json\/wp\/v2\/media\/14595"}],"wp:attachment":[{"href":"https:\/\/esquell.eu\/de\/wp-json\/wp\/v2\/media?parent=14587"}],"wp:term":[{"taxonomy":"more","embeddable":true,"href":"https:\/\/esquell.eu\/de\/wp-json\/wp\/v2\/more?post=14587"},{"taxonomy":"product_brand","embeddable":true,"href":"https:\/\/esquell.eu\/de\/wp-json\/wp\/v2\/product_brand?post=14587"},{"taxonomy":"product_cat","embeddable":true,"href":"https:\/\/esquell.eu\/de\/wp-json\/wp\/v2\/product_cat?post=14587"},{"taxonomy":"product_tag","embeddable":true,"href":"https:\/\/esquell.eu\/de\/wp-json\/wp\/v2\/product_tag?post=14587"}],"curies":[{"name":"wp","href":"https:\/\/api.w.org\/{rel}","templated":true}]}}