{"id":14396,"date":"2025-04-03T09:13:55","date_gmt":"2025-04-03T09:13:55","guid":{"rendered":"https:\/\/esquell.eu\/product\/silberdraht-925-flach-verschiedene-breiten-pro-20-cm\/"},"modified":"2026-01-26T19:17:18","modified_gmt":"2026-01-26T19:17:18","slug":"silberdraht-925-flach-verschiedene-breiten-pro-20-cm","status":"publish","type":"product","link":"https:\/\/esquell.eu\/de\/produkt\/silberdraht-925-flach-verschiedene-breiten-pro-20-cm\/","title":{"rendered":"Silberdraht 925 flach Verschiedene Breiten pro 20 cm"},"content":{"rendered":"<p>Silberdraht 925 flach\/rechteckig, 1. Grad Silber<br \/>\nVerschiedene Gr\u00f6\u00dfen<br \/>\nSchienbeinschlaufe<br \/>\nPreis und Menge pro 20 cm<\/p>\n<p><strong>Die bestellte L\u00e4nge wird, soweit m\u00f6glich, in 1 St\u00fcck geliefert.<br \/>\nWenn es ein Muss ist, dass die Lieferung in 1 St\u00fcck erfolgt, geben Sie dies bitte bei der Bestellung im Kommentarfeld an.<\/strong><br \/>\n<strong>Wenn nicht genug auf Lager ist, senden Sie bitte eine E-Mail an info@esquell.eu. Wir k\u00f6nnen es dann f\u00fcr Sie bestellen. <\/strong><\/p>\n<ul>\n<li data-start=\"579\" data-end=\"597\">1. Ringe<br \/>\nSchneiden Sie das Schienbeinband zurecht, biegen Sie es zu einem Kreis und l\u00f6ten Sie die Enden zusammen. Feilen, schleifen und polieren Sie dann. Sie k\u00f6nnen die Au\u00dfenseite stempeln, h\u00e4mmern, um eine Struktur zu erhalten, oder Steinritzungen hinzuf\u00fcgen.  <\/li>\n<li data-start=\"814\" data-end=\"849\">2. Armb\u00e4nder oder Manschetten<br \/>\nBreite oder schmale Armb\u00e4nder k\u00f6nnen \u00fcber einen Handgelenkdorn gebogen werden. Je nach Dicke m\u00fcssen Sie vielleicht nicht einmal l\u00f6ten. Optional k\u00f6nnen Sie das Armband als Manschettenarmband offen lassen oder eine Schlie\u00dfe anbringen.  <\/li>\n<li data-start=\"1060\" data-end=\"1093\">3. Fassungen f\u00fcr Steine<br \/>\nAus schmalen Schindeln k\u00f6nnen Sie Fassungen f\u00fcr Cabochons oder facettierte Steine herstellen. In unserem Shop finden Sie auch speziellen Fassungsdraht. Dieser besteht aus 999er Silber und ist d\u00fcnner. Der Spezialdraht ist auch zum Brennen mit Silberton geeignet   <\/li>\n<li data-start=\"1184\" data-end=\"1217\">4. Halskettenelemente<br \/>\nGerade oder gebogene St\u00fccke von Shin-Band k\u00f6nnen als Mittelst\u00fccke f\u00fcr einen Anh\u00e4nger oder eine Halskette verwendet werden.<\/li>\n<li data-start=\"1320\" data-end=\"1352\">5. Namensschilder oder Anh\u00e4nger<br \/>\nStempeln Sie Namen, Koordinaten oder Symbole in das Band und verwandeln Sie es in einen Anh\u00e4nger oder Schl\u00fcsselanh\u00e4nger.<\/li>\n<li data-start=\"1450\" data-end=\"1471\">6. Ohrringe<br \/>\nGerade oder geschwungene Silberstreifen sind als Ohrringelement minimalistisch und modern.<\/li>\n<\/ul>\n","protected":false},"excerpt":{"rendered":"<p>Silberdraht 925 flach \/ rechteckig 3mm * 1mm<\/p>\n<p>Preis und Abnahme pro 20 cm<\/p>\n<p>1. Klasse Silber<\/p>\n<p>&nbsp;<\/p>\n<p>Die bestellte L\u00e4nge wird, soweit m\u00f6glich, in 1 L\u00e4nge geliefert.<br \/>\nWenn Sie wirklich 1 L\u00e4nge ben\u00f6tigen, geben Sie dies bitte bei der Bestellung im Kommentarfeld an.<\/p>\n<p>&nbsp;<\/p>\n<p>Nicht genug auf Lager? Dann schicken Sie uns eine E-Mail an info@esquell. Wenn m\u00f6glich, bestellen wir es f\u00fcr Sie. <\/p>\n<p>&nbsp;<\/p>\n","protected":false},"featured_media":14508,"comment_status":"closed","ping_status":"closed","template":"","meta":{"_acf_changed":false,"_seopress_robots_primary_cat":"none","_seopress_titles_title":"","_seopress_titles_desc":"","_seopress_robots_index":""},"more":[],"product_brand":[6703],"product_cat":[12421],"product_tag":[6488,6506,7803,6948,6817,8713,6773,7919,6438,12500,6458,11258,6415,7084,7123,6936,10323,6494,8508,12422,6826,12506,12508,9978,12507,8014,7802,6895,7672,12510,6824,6934,6822,7171,9980,12502,6897,6786,6775,6932,6950,7019,9245,6952,7813,7801,6421,6444,7557,7756,8137,6441,6455,6682,7959,6891,11882,12505,8001,6806,6432,12504,6926,7023,6424,8092,12509,6777,6928,12503,6820,6419,10470,6899,6779,6558,6671,6812,6417,12459,12501,12630,10732,9790,7086,6996,6920,9264,6781,6500,6893,10717,6784,8483,12076,7072,6814,6690,9818,6429,6783,8520,7796],"class_list":{"0":"post-14396","1":"product","2":"type-product","3":"status-publish","4":"has-post-thumbnail","6":"product_brand-bm","7":"product_cat-925er-silberdraht","8":"product_tag-6488","9":"product_tag-6506","10":"product_tag-almelo","11":"product_tag-almere","12":"product_tag-amsterdam","13":"product_tag-angebot-2","14":"product_tag-antwerpen","15":"product_tag-armbander-2","16":"product_tag-artclaysilver","17":"product_tag-band","18":"product_tag-belgien","19":"product_tag-besuchen-sie","20":"product_tag-billig","21":"product_tag-breda","22":"product_tag-brucke","23":"product_tag-brussel","24":"product_tag-die","25":"product_tag-diy","26":"product_tag-draht","27":"product_tag-draht-2","28":"product_tag-drenthe","29":"product_tag-eckig","30":"product_tag-edel-2","31":"product_tag-edelmetall","32":"product_tag-edemetals","33":"product_tag-einkaufen-2","34":"product_tag-enschede","35":"product_tag-es","36":"product_tag-fimo","37":"product_tag-flachdraht","38":"product_tag-friesland","39":"product_tag-gent","40":"product_tag-groningen","41":"product_tag-gut-2","42":"product_tag-handgefertigt","43":"product_tag-hemisphare","44":"product_tag-ihr","45":"product_tag-kaufen","46":"product_tag-kurzwarengeschaft","47":"product_tag-leeuwarden","48":"product_tag-lelystad","49":"product_tag-liefert","50":"product_tag-links","51":"product_tag-luttich","52":"product_tag-luttich-2","53":"product_tag-maastricht","54":"product_tag-machen","55":"product_tag-metalclay","56":"product_tag-metall","57":"product_tag-metall-2","58":"product_tag-metall-3","59":"product_tag-metallton","60":"product_tag-niederlande","61":"product_tag-ohrringe","62":"product_tag-ohrstecker","63":"product_tag-online-shop","64":"product_tag-platte","65":"product_tag-platz-3","66":"product_tag-pmc","67":"product_tag-rabatt","68":"product_tag-real","69":"product_tag-rechteckig","70":"product_tag-rein-2","71":"product_tag-rein-3","72":"product_tag-rein","73":"product_tag-ring","74":"product_tag-ringbuch","75":"product_tag-ringe","76":"product_tag-rotterdam","77":"product_tag-schienbeinriemen","78":"product_tag-schmuck-2","79":"product_tag-schmuck","80":"product_tag-schmuckherstellung-2","81":"product_tag-selbst","82":"product_tag-selbstgemacht","83":"product_tag-sie-selbst","84":"product_tag-silber-2","85":"product_tag-silber-3","86":"product_tag-silber","87":"product_tag-silberdraht","88":"product_tag-silberdraht-2","89":"product_tag-silberdraht-3","90":"product_tag-silberplatte","91":"product_tag-silberschmied-2","92":"product_tag-silberschmiede","93":"product_tag-sollid","94":"product_tag-sterling","95":"product_tag-stollen","96":"product_tag-teile","97":"product_tag-ton-2","98":"product_tag-tun","99":"product_tag-um","100":"product_tag-unter-2","101":"product_tag-venlo","102":"product_tag-versilbert-2","103":"product_tag-wattenmeer","104":"product_tag-webshop","105":"product_tag-werkstatten","106":"product_tag-wertvoll","107":"product_tag-wirklich","108":"product_tag-wobei","109":"product_tag-wohnung","110":"product_tag-zwolle","111":"product_shipping_class-standard","112":"pa_afmeting-251mm","113":"pa_afmeting-3515mm","114":"pa_afmeting-31mm","115":"pa_afmeting-42mm","117":"first","118":"instock","119":"taxable","120":"shipping-taxable","121":"purchasable","122":"product-type-variable"},"acf":[],"_links":{"self":[{"href":"https:\/\/esquell.eu\/de\/wp-json\/wp\/v2\/product\/14396","targetHints":{"allow":["GET"]}}],"collection":[{"href":"https:\/\/esquell.eu\/de\/wp-json\/wp\/v2\/product"}],"about":[{"href":"https:\/\/esquell.eu\/de\/wp-json\/wp\/v2\/types\/product"}],"replies":[{"embeddable":true,"href":"https:\/\/esquell.eu\/de\/wp-json\/wp\/v2\/comments?post=14396"}],"wp:featuredmedia":[{"embeddable":true,"href":"https:\/\/esquell.eu\/de\/wp-json\/wp\/v2\/media\/14508"}],"wp:attachment":[{"href":"https:\/\/esquell.eu\/de\/wp-json\/wp\/v2\/media?parent=14396"}],"wp:term":[{"taxonomy":"more","embeddable":true,"href":"https:\/\/esquell.eu\/de\/wp-json\/wp\/v2\/more?post=14396"},{"taxonomy":"product_brand","embeddable":true,"href":"https:\/\/esquell.eu\/de\/wp-json\/wp\/v2\/product_brand?post=14396"},{"taxonomy":"product_cat","embeddable":true,"href":"https:\/\/esquell.eu\/de\/wp-json\/wp\/v2\/product_cat?post=14396"},{"taxonomy":"product_tag","embeddable":true,"href":"https:\/\/esquell.eu\/de\/wp-json\/wp\/v2\/product_tag?post=14396"}],"curies":[{"name":"wp","href":"https:\/\/api.w.org\/{rel}","templated":true}]}}