{"id":14358,"date":"2025-04-03T09:13:55","date_gmt":"2025-04-03T09:13:55","guid":{"rendered":"https:\/\/esquell.eu\/product\/galeriedraht-fassungsdraht-925-silber-kugel-47-mm-pro-10-cm\/"},"modified":"2026-02-14T10:42:10","modified_gmt":"2026-02-14T10:42:10","slug":"galeriedraht-fassungsdraht-925-silber-kugel-47-mm-pro-10-cm","status":"publish","type":"product","link":"https:\/\/esquell.eu\/de\/produkt\/galeriedraht-fassungsdraht-925-silber-kugel-47-mm-pro-10-cm\/","title":{"rendered":"Galeriedraht, Fassungsdraht 925 Silber Kugel 4,7 mm Pro 10 cm"},"content":{"rendered":"<p>Galeriedraht, Fassungsdraht 925 Silber Kugel<\/p>\n<p>L\u00e4nge 10 cm<br \/>\nH\u00f6he 4.7mm<\/p>\n<p>Die bestellte L\u00e4nge wird, soweit m\u00f6glich, in 1 L\u00e4nge geliefert.<br \/>\nWenn Sie 1 L\u00e4nge w\u00fcnschen, geben Sie dies bitte bei der Bestellung im Kommentarfeld an.<\/p>\n<p>Nicht genug vorr\u00e4tig? Bitte senden Sie eine E-Mail an info@esquel.eul. Wenn m\u00f6glich, werden wir es f\u00fcr Sie bestellen. <\/p>\n","protected":false},"excerpt":{"rendered":"<p>Galeriedraht, Fassungsdraht 925 Silber Kugel<\/p>\n<p>L\u00e4nge 10 cm<\/p>\n<p>H\u00f6he 4,7 mm<\/p>\n<p>Die bestellte L\u00e4nge wird, soweit m\u00f6glich, in 1 L\u00e4nge geliefert.<br \/>\nWenn Sie 1 L\u00e4nge w\u00fcnschen, geben Sie dies bitte bei der Bestellung im Kommentarfeld an.<\/p>\n<p>&nbsp;<\/p>\n<p>Nicht genug vorr\u00e4tig? Schicken Sie eine E-Mail an info@esquell, wenn m\u00f6glich, bestellen wir es f\u00fcr Sie. <\/p>\n<p>&nbsp;<\/p>\n","protected":false},"featured_media":14359,"comment_status":"closed","ping_status":"closed","template":"","meta":{"_acf_changed":false,"_seopress_robots_primary_cat":"none","_seopress_titles_title":"","_seopress_titles_desc":"","_seopress_robots_index":""},"more":[],"product_brand":[6703],"product_cat":[12421],"product_tag":[6488,6506,12432,6492,6699,6438,7280,7543,12436,6675,12296,12428,12430,6673,6786,6444,6441,8001,6806,6417,6490,6784,6814,6783,12434],"class_list":{"0":"post-14358","1":"product","2":"type-product","3":"status-publish","4":"has-post-thumbnail","6":"product_brand-bm","7":"product_cat-925er-silberdraht","8":"product_tag-6488","9":"product_tag-6506","10":"product_tag-anmutig","11":"product_tag-artclay","12":"product_tag-artclayacademy","13":"product_tag-artclaysilver","14":"product_tag-ausbilder","15":"product_tag-ausbilder-2","16":"product_tag-ausbilder-4","17":"product_tag-craftlines","18":"product_tag-einstelldraht","19":"product_tag-fantasie","20":"product_tag-galerie-thread","21":"product_tag-japan","22":"product_tag-kaufen","23":"product_tag-metalclay","24":"product_tag-metallton","25":"product_tag-pmc","26":"product_tag-rabatt","27":"product_tag-silber","28":"product_tag-silberton","29":"product_tag-unter-2","30":"product_tag-webshop","31":"product_tag-wobei","32":"product_tag-zertifiziert-zertifiziert","33":"product_shipping_class-standard","35":"first","36":"outofstock","37":"taxable","38":"shipping-taxable","39":"purchasable","40":"product-type-simple"},"acf":[],"_links":{"self":[{"href":"https:\/\/esquell.eu\/de\/wp-json\/wp\/v2\/product\/14358","targetHints":{"allow":["GET"]}}],"collection":[{"href":"https:\/\/esquell.eu\/de\/wp-json\/wp\/v2\/product"}],"about":[{"href":"https:\/\/esquell.eu\/de\/wp-json\/wp\/v2\/types\/product"}],"replies":[{"embeddable":true,"href":"https:\/\/esquell.eu\/de\/wp-json\/wp\/v2\/comments?post=14358"}],"wp:featuredmedia":[{"embeddable":true,"href":"https:\/\/esquell.eu\/de\/wp-json\/wp\/v2\/media\/14359"}],"wp:attachment":[{"href":"https:\/\/esquell.eu\/de\/wp-json\/wp\/v2\/media?parent=14358"}],"wp:term":[{"taxonomy":"more","embeddable":true,"href":"https:\/\/esquell.eu\/de\/wp-json\/wp\/v2\/more?post=14358"},{"taxonomy":"product_brand","embeddable":true,"href":"https:\/\/esquell.eu\/de\/wp-json\/wp\/v2\/product_brand?post=14358"},{"taxonomy":"product_cat","embeddable":true,"href":"https:\/\/esquell.eu\/de\/wp-json\/wp\/v2\/product_cat?post=14358"},{"taxonomy":"product_tag","embeddable":true,"href":"https:\/\/esquell.eu\/de\/wp-json\/wp\/v2\/product_tag?post=14358"}],"curies":[{"name":"wp","href":"https:\/\/api.w.org\/{rel}","templated":true}]}}