{"id":14327,"date":"2025-10-25T19:13:54","date_gmt":"2025-10-25T19:13:54","guid":{"rendered":"https:\/\/esquell.eu\/product\/ohrstecker-mit-8-mm-fassung-fuer-cabochons-kunstharz-usw-pro-paar\/"},"modified":"2025-11-09T09:47:53","modified_gmt":"2025-11-09T09:47:53","slug":"ohrstecker-mit-8-mm-fassung-fuer-cabochons-kunstharz-usw-pro-paar","status":"publish","type":"product","link":"https:\/\/esquell.eu\/de\/produkt\/ohrstecker-mit-8-mm-fassung-fuer-cabochons-kunstharz-usw-pro-paar\/","title":{"rendered":"Ohrstecker mit 8 mm Fassung f\u00fcr Cabochons, Kunstharz usw. Pro Paar"},"content":{"rendered":"<p>Ohrstecker mit Anh\u00e4nger\u00f6se und 8mm Fassung<\/p>\n<p>925 Sterling Silber<\/p>\n<p>Inklusive Backstopper, Poucette Schmetterling.<\/p>\n<p>8mm ist die Innengr\u00f6\u00dfe der Fassung.<\/p>\n<p>Geeignet f\u00fcr<a href=\"https:\/\/esquell.eu\/de\/produktkategorie\/cabochons\/cabochons-rund\/\"><strong><u> Cabochons<\/u><\/strong> <\/a>von 8 mm<\/p>\n<p>Auch geeignet zum F\u00fcllen mit<strong><u> <a href=\"https:\/\/esquell.eu\/de\/produktkategorie\/led-und-uv-harz\/\">LED oder UV-Harz.<\/a><\/u><\/strong><\/p>\n","protected":false},"excerpt":{"rendered":"<p>Ohrstecker mit Anh\u00e4nger\u00f6se und 8mm Fassung 925 Sterling Silber Inklusive Backstopper, Poucette Schmetterling. 8mm ist die Innengr\u00f6\u00dfe der Fassung. Geeignet f\u00fcr Cabochons von 8 mm Auch geeignet zum F\u00fcllen mit LED oder UV-Harz.<\/p>\n","protected":false},"featured_media":14328,"comment_status":"closed","ping_status":"closed","template":"","meta":{"_acf_changed":false,"_seopress_robots_primary_cat":"none","_seopress_titles_title":"","_seopress_titles_desc":"","_seopress_robots_index":""},"more":[],"product_brand":[8480],"product_cat":[11955,12066,11005],"product_tag":[6488,12328,7463,6921,6494,7461,7953,10034,12326,7017,12346,9609,9865,12316,6421,12327,7552,9199,6682,8946,12312,12314,6432,6424,6926,6419,9692,6417,6671,6812,6920,12311,10759,6781,12315,10391,6429,7068],"class_list":{"0":"post-14327","1":"product","2":"type-product","3":"status-publish","4":"has-post-thumbnail","6":"product_brand-925-handwerk","7":"product_cat-neu","8":"product_cat-ohrring-teile-925","9":"product_cat-siedlungen-und-chatons","10":"product_tag-6488","11":"product_tag-bedle","12":"product_tag-bruhgruppe","13":"product_tag-charme","14":"product_tag-diy","15":"product_tag-einstellbox","16":"product_tag-einstellung","17":"product_tag-epoxid","18":"product_tag-ey","19":"product_tag-fur","20":"product_tag-gefuhrt","21":"product_tag-harz","22":"product_tag-harz-2","23":"product_tag-kaution","24":"product_tag-machen","25":"product_tag-messen","26":"product_tag-mit","27":"product_tag-ohrring-2","28":"product_tag-ohrringe","29":"product_tag-ohrstecker-2","30":"product_tag-ohrstecker-7","31":"product_tag-pendelauge","32":"product_tag-real","33":"product_tag-rein","34":"product_tag-rein-2","35":"product_tag-schmuck","36":"product_tag-selbstgemachte-ohrringe","37":"product_tag-silber","38":"product_tag-silber-2","39":"product_tag-silber-3","40":"product_tag-sterling","41":"product_tag-sterlingsilber","42":"product_tag-teil-2","43":"product_tag-teile","44":"product_tag-teile-3","45":"product_tag-uv","46":"product_tag-wirklich","47":"product_tag-zirkoniumdioxid","49":"first","50":"instock","51":"taxable","52":"shipping-taxable","53":"purchasable","54":"product-type-simple"},"acf":[],"_links":{"self":[{"href":"https:\/\/esquell.eu\/de\/wp-json\/wp\/v2\/product\/14327","targetHints":{"allow":["GET"]}}],"collection":[{"href":"https:\/\/esquell.eu\/de\/wp-json\/wp\/v2\/product"}],"about":[{"href":"https:\/\/esquell.eu\/de\/wp-json\/wp\/v2\/types\/product"}],"replies":[{"embeddable":true,"href":"https:\/\/esquell.eu\/de\/wp-json\/wp\/v2\/comments?post=14327"}],"wp:featuredmedia":[{"embeddable":true,"href":"https:\/\/esquell.eu\/de\/wp-json\/wp\/v2\/media\/14328"}],"wp:attachment":[{"href":"https:\/\/esquell.eu\/de\/wp-json\/wp\/v2\/media?parent=14327"}],"wp:term":[{"taxonomy":"more","embeddable":true,"href":"https:\/\/esquell.eu\/de\/wp-json\/wp\/v2\/more?post=14327"},{"taxonomy":"product_brand","embeddable":true,"href":"https:\/\/esquell.eu\/de\/wp-json\/wp\/v2\/product_brand?post=14327"},{"taxonomy":"product_cat","embeddable":true,"href":"https:\/\/esquell.eu\/de\/wp-json\/wp\/v2\/product_cat?post=14327"},{"taxonomy":"product_tag","embeddable":true,"href":"https:\/\/esquell.eu\/de\/wp-json\/wp\/v2\/product_tag?post=14327"}],"curies":[{"name":"wp","href":"https:\/\/api.w.org\/{rel}","templated":true}]}}