{"id":14318,"date":"2025-10-25T19:07:57","date_gmt":"2025-10-25T19:07:57","guid":{"rendered":"https:\/\/esquell.eu\/product\/fassung-fuer-zirkonia-stein-von-6mm-925-sterling-silber\/"},"modified":"2025-10-25T19:07:57","modified_gmt":"2025-10-25T19:07:57","slug":"fassung-fuer-zirkonia-stein-von-6mm-925-sterling-silber","status":"publish","type":"product","link":"https:\/\/esquell.eu\/de\/produkt\/fassung-fuer-zirkonia-stein-von-6mm-925-sterling-silber\/","title":{"rendered":"Fassung f\u00fcr Zirkonia &#8211; Stein von 6mm 925 Sterling Silber"},"content":{"rendered":"<p>Set, f\u00fcr Zirkonia mit Anh\u00e4nger Auge f\u00fcr auf Charme, Ohrringe, Anh\u00e4nger, Halskette usw.<\/p>\n<p>F\u00fcr 6mm Zirkonia &#8211; Stein<\/p>\n<p>925 Sterling Silber<\/p>\n<p>Gl\u00e4nzend<\/p>\n","protected":false},"excerpt":{"rendered":"<p>Set, f\u00fcr Zirkonia mit Anh\u00e4nger Auge f\u00fcr auf Charme, Ohrringe, Anh\u00e4nger, Halskette usw. F\u00fcr 6mm Zirkonia &#8211; Stein 925 Sterling Silber Gl\u00e4nzend<\/p>\n","protected":false},"featured_media":10303,"comment_status":"closed","ping_status":"closed","template":"","meta":{"_acf_changed":false,"_seopress_robots_primary_cat":"none","_seopress_titles_title":"","_seopress_titles_desc":"","_seopress_robots_index":""},"more":[],"product_brand":[8480],"product_cat":[11955,11005],"product_tag":[6488,12328,7463,6921,6494,7461,7953,12326,7017,12316,6421,12327,7552,9199,6682,12312,12314,6432,6424,6926,6419,9692,6417,6671,6812,6920,12311,10759,6781,12315,6429,7068],"class_list":{"0":"post-14318","1":"product","2":"type-product","3":"status-publish","4":"has-post-thumbnail","6":"product_brand-925-handwerk","7":"product_cat-neu","8":"product_cat-siedlungen-und-chatons","9":"product_tag-6488","10":"product_tag-bedle","11":"product_tag-bruhgruppe","12":"product_tag-charme","13":"product_tag-diy","14":"product_tag-einstellbox","15":"product_tag-einstellung","16":"product_tag-ey","17":"product_tag-fur","18":"product_tag-kaution","19":"product_tag-machen","20":"product_tag-messen","21":"product_tag-mit","22":"product_tag-ohrring-2","23":"product_tag-ohrringe","24":"product_tag-ohrstecker-7","25":"product_tag-pendelauge","26":"product_tag-real","27":"product_tag-rein","28":"product_tag-rein-2","29":"product_tag-schmuck","30":"product_tag-selbstgemachte-ohrringe","31":"product_tag-silber","32":"product_tag-silber-2","33":"product_tag-silber-3","34":"product_tag-sterling","35":"product_tag-sterlingsilber","36":"product_tag-teil-2","37":"product_tag-teile","38":"product_tag-teile-3","39":"product_tag-wirklich","40":"product_tag-zirkoniumdioxid","42":"first","43":"instock","44":"taxable","45":"shipping-taxable","46":"purchasable","47":"product-type-simple"},"acf":[],"_links":{"self":[{"href":"https:\/\/esquell.eu\/de\/wp-json\/wp\/v2\/product\/14318","targetHints":{"allow":["GET"]}}],"collection":[{"href":"https:\/\/esquell.eu\/de\/wp-json\/wp\/v2\/product"}],"about":[{"href":"https:\/\/esquell.eu\/de\/wp-json\/wp\/v2\/types\/product"}],"replies":[{"embeddable":true,"href":"https:\/\/esquell.eu\/de\/wp-json\/wp\/v2\/comments?post=14318"}],"wp:featuredmedia":[{"embeddable":true,"href":"https:\/\/esquell.eu\/de\/wp-json\/wp\/v2\/media\/10303"}],"wp:attachment":[{"href":"https:\/\/esquell.eu\/de\/wp-json\/wp\/v2\/media?parent=14318"}],"wp:term":[{"taxonomy":"more","embeddable":true,"href":"https:\/\/esquell.eu\/de\/wp-json\/wp\/v2\/more?post=14318"},{"taxonomy":"product_brand","embeddable":true,"href":"https:\/\/esquell.eu\/de\/wp-json\/wp\/v2\/product_brand?post=14318"},{"taxonomy":"product_cat","embeddable":true,"href":"https:\/\/esquell.eu\/de\/wp-json\/wp\/v2\/product_cat?post=14318"},{"taxonomy":"product_tag","embeddable":true,"href":"https:\/\/esquell.eu\/de\/wp-json\/wp\/v2\/product_tag?post=14318"}],"curies":[{"name":"wp","href":"https:\/\/api.w.org\/{rel}","templated":true}]}}