{"id":14307,"date":"2025-10-25T12:32:51","date_gmt":"2025-10-25T12:32:51","guid":{"rendered":"https:\/\/esquell.eu\/product\/anhaenger-oese-mit-sprungfeder-925-sterling-silber\/"},"modified":"2025-10-25T12:32:51","modified_gmt":"2025-10-25T12:32:51","slug":"anhaenger-oese-mit-sprungfeder-925-sterling-silber","status":"publish","type":"product","link":"https:\/\/esquell.eu\/de\/produkt\/anhaenger-oese-mit-sprungfeder-925-sterling-silber\/","title":{"rendered":"Anh\u00e4nger \u00d6se mit Sprungfeder, 925 Sterling Silber"},"content":{"rendered":"<p>Anh\u00e4nger Auge mit Sprungfeder,<\/p>\n<p>925 Sterling Silber<\/p>\n<p>Gl\u00e4nzend<\/p>\n<p>Gesamth\u00f6he : 7.20 mm<\/p>\n<p>Durchmesser gro\u00dfes Auge 3 mm<\/p>\n<p>Innendurchmesser kleines Auge: 1.50 mm<\/p>\n","protected":false},"excerpt":{"rendered":"<p>Anh\u00e4nger Auge mit Sprungfeder, 925 Sterling Silber Gl\u00e4nzend Gesamth\u00f6he : 7.20 mm Durchmesser gro\u00dfes Auge 3 mm Innendurchmesser kleines Auge: 1.50 mm<\/p>\n","protected":false},"featured_media":10300,"comment_status":"closed","ping_status":"closed","template":"","meta":{"_acf_changed":false,"_seopress_robots_primary_cat":"none","_seopress_titles_title":"","_seopress_titles_desc":"","_seopress_robots_index":""},"more":[],"product_brand":[8480],"product_cat":[12313,11955],"product_tag":[6488,6921,6494,7017,12316,6421,9199,6682,12312,12314,6432,6424,6926,6419,9692,6417,6671,6812,6920,12311,6781,12315,6429],"class_list":{"0":"post-14307","1":"product","2":"type-product","3":"status-publish","4":"has-post-thumbnail","6":"product_brand-925-handwerk","7":"product_cat-anhangerosen-bugel-und-schraubosen","8":"product_cat-neu","9":"product_tag-6488","10":"product_tag-charme","11":"product_tag-diy","12":"product_tag-fur","13":"product_tag-kaution","14":"product_tag-machen","15":"product_tag-ohrring-2","16":"product_tag-ohrringe","17":"product_tag-ohrstecker-7","18":"product_tag-pendelauge","19":"product_tag-real","20":"product_tag-rein","21":"product_tag-rein-2","22":"product_tag-schmuck","23":"product_tag-selbstgemachte-ohrringe","24":"product_tag-silber","25":"product_tag-silber-2","26":"product_tag-silber-3","27":"product_tag-sterling","28":"product_tag-sterlingsilber","29":"product_tag-teile","30":"product_tag-teile-3","31":"product_tag-wirklich","33":"first","34":"instock","35":"taxable","36":"shipping-taxable","37":"purchasable","38":"product-type-simple"},"acf":[],"_links":{"self":[{"href":"https:\/\/esquell.eu\/de\/wp-json\/wp\/v2\/product\/14307","targetHints":{"allow":["GET"]}}],"collection":[{"href":"https:\/\/esquell.eu\/de\/wp-json\/wp\/v2\/product"}],"about":[{"href":"https:\/\/esquell.eu\/de\/wp-json\/wp\/v2\/types\/product"}],"replies":[{"embeddable":true,"href":"https:\/\/esquell.eu\/de\/wp-json\/wp\/v2\/comments?post=14307"}],"wp:featuredmedia":[{"embeddable":true,"href":"https:\/\/esquell.eu\/de\/wp-json\/wp\/v2\/media\/10300"}],"wp:attachment":[{"href":"https:\/\/esquell.eu\/de\/wp-json\/wp\/v2\/media?parent=14307"}],"wp:term":[{"taxonomy":"more","embeddable":true,"href":"https:\/\/esquell.eu\/de\/wp-json\/wp\/v2\/more?post=14307"},{"taxonomy":"product_brand","embeddable":true,"href":"https:\/\/esquell.eu\/de\/wp-json\/wp\/v2\/product_brand?post=14307"},{"taxonomy":"product_cat","embeddable":true,"href":"https:\/\/esquell.eu\/de\/wp-json\/wp\/v2\/product_cat?post=14307"},{"taxonomy":"product_tag","embeddable":true,"href":"https:\/\/esquell.eu\/de\/wp-json\/wp\/v2\/product_tag?post=14307"}],"curies":[{"name":"wp","href":"https:\/\/api.w.org\/{rel}","templated":true}]}}