{"id":14298,"date":"2025-10-25T12:19:34","date_gmt":"2025-10-25T12:19:34","guid":{"rendered":"https:\/\/esquell.eu\/product\/stoepsel-aus-sterlingsilber-poussette-hinterer-ohrring-mit-anhaengender-oese-pro-paar\/"},"modified":"2025-10-25T12:19:34","modified_gmt":"2025-10-25T12:19:34","slug":"stoepsel-aus-sterlingsilber-poussette-hinterer-ohrring-mit-anhaengender-oese-pro-paar","status":"publish","type":"product","link":"https:\/\/esquell.eu\/de\/produkt\/stoepsel-aus-sterlingsilber-poussette-hinterer-ohrring-mit-anhaengender-oese-pro-paar\/","title":{"rendered":"St\u00f6psel aus Sterlingsilber. Poussette, hinterer Ohrring mit anh\u00e4ngender \u00d6se.  Pro Paar"},"content":{"rendered":"<p>Luxuri\u00f6se 925er Silberfassungen f\u00fcr Ohrringe, Ohrstecker.<br \/>\nMit einer Anh\u00e4nger\u00f6se, so dass Sie auch ein h\u00e4ngendes Teil an der R\u00fcckseite des Ohrrings anbringen k\u00f6nnen.<\/p>\n","protected":false},"excerpt":{"rendered":"<p>Luxuri\u00f6se 925er Silberfassungen f\u00fcr Ohrringe, Ohrstecker. Mit einer Anh\u00e4nger\u00f6se, so dass Sie auch ein h\u00e4ngendes Teil an der R\u00fcckseite des Ohrrings anbringen k\u00f6nnen.<\/p>\n","protected":false},"featured_media":10294,"comment_status":"closed","ping_status":"closed","template":"","meta":{"_acf_changed":false,"_seopress_robots_primary_cat":"none","_seopress_titles_title":"","_seopress_titles_desc":"","_seopress_robots_index":""},"more":[],"product_brand":[],"product_cat":[11955,12066],"product_tag":[],"class_list":{"0":"post-14298","1":"product","2":"type-product","3":"status-publish","4":"has-post-thumbnail","6":"product_cat-neu","7":"product_cat-ohrring-teile-925","9":"first","10":"instock","11":"taxable","12":"shipping-taxable","13":"purchasable","14":"product-type-simple"},"acf":[],"_links":{"self":[{"href":"https:\/\/esquell.eu\/de\/wp-json\/wp\/v2\/product\/14298","targetHints":{"allow":["GET"]}}],"collection":[{"href":"https:\/\/esquell.eu\/de\/wp-json\/wp\/v2\/product"}],"about":[{"href":"https:\/\/esquell.eu\/de\/wp-json\/wp\/v2\/types\/product"}],"replies":[{"embeddable":true,"href":"https:\/\/esquell.eu\/de\/wp-json\/wp\/v2\/comments?post=14298"}],"wp:featuredmedia":[{"embeddable":true,"href":"https:\/\/esquell.eu\/de\/wp-json\/wp\/v2\/media\/10294"}],"wp:attachment":[{"href":"https:\/\/esquell.eu\/de\/wp-json\/wp\/v2\/media?parent=14298"}],"wp:term":[{"taxonomy":"more","embeddable":true,"href":"https:\/\/esquell.eu\/de\/wp-json\/wp\/v2\/more?post=14298"},{"taxonomy":"product_brand","embeddable":true,"href":"https:\/\/esquell.eu\/de\/wp-json\/wp\/v2\/product_brand?post=14298"},{"taxonomy":"product_cat","embeddable":true,"href":"https:\/\/esquell.eu\/de\/wp-json\/wp\/v2\/product_cat?post=14298"},{"taxonomy":"product_tag","embeddable":true,"href":"https:\/\/esquell.eu\/de\/wp-json\/wp\/v2\/product_tag?post=14298"}],"curies":[{"name":"wp","href":"https:\/\/api.w.org\/{rel}","templated":true}]}}