{"id":14268,"date":"2025-10-25T19:50:20","date_gmt":"2025-10-25T19:50:20","guid":{"rendered":"https:\/\/esquell.eu\/product\/silberne-tonerde-50-gramm-jubilee-limitierte-auflage-a-0380-pro-dose-oder-set-mit-3-dosen\/"},"modified":"2026-01-17T04:51:49","modified_gmt":"2026-01-17T04:51:49","slug":"silberne-tonerde-50-gramm-jubilee-limitierte-auflage-a-0380-pro-dose-oder-set-mit-3-dosen","status":"publish","type":"product","link":"https:\/\/esquell.eu\/de\/produkt\/silberne-tonerde-50-gramm-jubilee-limitierte-auflage-a-0380-pro-dose-oder-set-mit-3-dosen\/","title":{"rendered":"Silberne Tonerde 50 Gramm Jubilee. Limitierte Auflage (A-0380) Pro Dose oder Set mit 3 Dosen"},"content":{"rendered":"<p>VOR\u00dcBERGEHEND VERF\u00dcGBAR. Limitierte Edition zur Feier des 30-j\u00e4hrigen Bestehens von Art Clay Silver. <\/p>\n<p>Einzeln pro Dose oder im 3er-Set erh\u00e4ltlich.<\/p>\n<p>Pro Set mit 3 zus\u00e4tzlichen Vorteilen.<\/p>\n<p>Sie verwenden diese Knete, um Formen herzustellen, die Sie kneten, ausrollen und aufrollen k\u00f6nnen. Das Arbeiten mit Art Clay Silver Silberknete hat die folgenden Vorteile: <\/p>\n<ul>\n<li>&#8211; Es kann bei niedriger Temperatur gebacken werden, sogar auf dem Gasherd.<\/li>\n<li>&#8211; Erstklassige Silverden-Kurzwaren k\u00f6nnen damit gebacken werden.<\/li>\n<li>&#8211; Er schrumpft nur um 8-9%.<\/li>\n<li>&#8211; Glas, Emaille, hitzebest\u00e4ndiges Zirkoniumdioxid k\u00f6nnen eingebrannt werden.<\/li>\n<\/ul>\n<p>Kneten Sie die Knete vor dem Gebrauch kurz, um Luftblasen herauszudr\u00fccken<\/p>\n<p> Sie k\u00f6nnen dies auch in Plastikfolie tun, um ein Austrocknen zu verhindern<\/p>\n","protected":false},"excerpt":{"rendered":"<p>VOR\u00dcBERGEHEND VERF\u00dcGBAR. Limitierte Edition zur Feier des 30-j\u00e4hrigen Bestehens von Art Clay Silver. <\/p>\n<p>Einzeln pro Dose oder im 3er-Set erh\u00e4ltlich.<\/p>\n<p>Pro Set mit 3 zus\u00e4tzlichen Vorteilen.<\/p>\n<p>Sie verwenden diese Knete, um Formen herzustellen, die Sie kneten, ausrollen und aufrollen k\u00f6nnen. Das Arbeiten mit Art Clay Silver Silberknete hat die folgenden Vorteile: <\/p>\n<ul>\n<li>&#8211; Es kann bei niedriger Temperatur gebacken werden, sogar auf dem Gasherd.<\/li>\n<li>&#8211; Erstklassige Silverden-Kurzwaren k\u00f6nnen damit gebacken werden.<\/li>\n<li>&#8211; Er schrumpft nur um 8-9%.<\/li>\n<li>&#8211; Es ist die beste Art, sie zusammen mit Glas und sogar einigen Edelsteinen zu verwenden.<\/li>\n<\/ul>\n<p>Kneten Sie die Knete vor dem Gebrauch kurz, um Luftblasen herauszudr\u00fccken<\/p>\n<p> Sie k\u00f6nnen dies auch in Plastikfolie tun, um ein Austrocknen zu verhindern<\/p>\n","protected":false},"featured_media":14270,"comment_status":"closed","ping_status":"closed","template":"","meta":{"_acf_changed":false,"_seopress_robots_primary_cat":"none","_seopress_titles_title":"","_seopress_titles_desc":"","_seopress_robots_index":""},"more":[],"product_brand":[6413],"product_cat":[6414],"product_tag":[12116,6802,6492,6438,12264,12260,12258,6806,12251,6812,8022,6490,12262],"class_list":{"0":"post-14268","1":"product","2":"type-product","3":"status-publish","4":"has-post-thumbnail","6":"product_brand-acs","7":"product_cat-silber-ton-art-clay-silber","8":"product_tag-30-2","9":"product_tag-angebot","10":"product_tag-artclay","11":"product_tag-artclaysilver","12":"product_tag-bonus","13":"product_tag-jahr","14":"product_tag-jubilaum","15":"product_tag-rabatt","16":"product_tag-rabatt-2","17":"product_tag-silber-3","18":"product_tag-silberlehm","19":"product_tag-silberton","20":"product_tag-zilverkeli","22":"first","23":"outofstock","24":"sale","25":"taxable","26":"shipping-taxable","27":"purchasable","28":"product-type-variable"},"acf":[],"_links":{"self":[{"href":"https:\/\/esquell.eu\/de\/wp-json\/wp\/v2\/product\/14268","targetHints":{"allow":["GET"]}}],"collection":[{"href":"https:\/\/esquell.eu\/de\/wp-json\/wp\/v2\/product"}],"about":[{"href":"https:\/\/esquell.eu\/de\/wp-json\/wp\/v2\/types\/product"}],"replies":[{"embeddable":true,"href":"https:\/\/esquell.eu\/de\/wp-json\/wp\/v2\/comments?post=14268"}],"wp:featuredmedia":[{"embeddable":true,"href":"https:\/\/esquell.eu\/de\/wp-json\/wp\/v2\/media\/14270"}],"wp:attachment":[{"href":"https:\/\/esquell.eu\/de\/wp-json\/wp\/v2\/media?parent=14268"}],"wp:term":[{"taxonomy":"more","embeddable":true,"href":"https:\/\/esquell.eu\/de\/wp-json\/wp\/v2\/more?post=14268"},{"taxonomy":"product_brand","embeddable":true,"href":"https:\/\/esquell.eu\/de\/wp-json\/wp\/v2\/product_brand?post=14268"},{"taxonomy":"product_cat","embeddable":true,"href":"https:\/\/esquell.eu\/de\/wp-json\/wp\/v2\/product_cat?post=14268"},{"taxonomy":"product_tag","embeddable":true,"href":"https:\/\/esquell.eu\/de\/wp-json\/wp\/v2\/product_tag?post=14268"}],"curies":[{"name":"wp","href":"https:\/\/api.w.org\/{rel}","templated":true}]}}