{"id":14221,"date":"2025-11-02T23:18:51","date_gmt":"2025-11-02T23:18:51","guid":{"rendered":"https:\/\/esquell.eu\/product\/bronze-ton-sterling-bronze-prometheus-100-gramm\/"},"modified":"2026-03-23T20:05:13","modified_gmt":"2026-03-23T20:05:13","slug":"bronze-ton-sterling-bronze-prometheus-100-gramm","status":"publish","type":"product","link":"https:\/\/esquell.eu\/de\/produkt\/bronze-ton-sterling-bronze-prometheus-100-gramm\/","title":{"rendered":"Bronze Ton Sterling Bronze Prometheus 100 Gramm"},"content":{"rendered":"<div class=\"product-addition-content\">\n<p><strong>Stellen Sie Ihren eigenen Bronzeschmuck mit Prometheus Bronze Clay her!<\/strong><\/p>\n<p>Pr\u00fcfen Sie die <a href=\"https:\/\/esquell.eu\/kennisbank\/\"><strong><u>Wissensdatenbank <\/u><\/strong><\/a>f\u00fcr die Arbeitsmethode Bronze Clay, um Informationen zum Modellieren, Brennen, Finishing usw. zu erhalten.<\/p>\n<p><a href=\"https:\/\/esquell.eu\/?s=bronsklei\"><u><strong>Schauen Sie hier f\u00fcr weitere Bronze Ton Produkte  <\/strong><\/u><\/a><\/p>\n<p data-start=\"339\" data-end=\"575\"><strong data-start=\"339\" data-end=\"392\">Prometheus\u00ae Jeweller&#8217;s Sterling White Bronze Clay<\/strong> ist ein ton\u00e4hnliches Material, das sich nach dem Brennen im Ofen in feste Bronze verwandelt.<br data-start=\"478\" data-end=\"481\">Es besteht aus einer Mischung aus <strong data-start=\"513\" data-end=\"574\">mikrofeinem Bronzepulver, Wasser und einem organischen Bindemittel<\/strong>.<\/p>\n<p data-start=\"577\" data-end=\"744\">Der Ton kann mit der Hand geformt, zu einem Bogen oder Strang ausgerollt oder in eine Form gepresst werden. Sie k\u00f6nnen ihn auch texturieren oder sogar auf einer Drehscheibe drehen. <\/p>\n<p data-start=\"746\" data-end=\"868\">Nach dem Brennen im Ofen verdampft und verbrennt das organische Bindemittel und hinterl\u00e4sst <strong data-start=\"829\" data-end=\"856\">reine, massive wei\u00dfe Bronze<\/strong>.<\/p>\n<p data-start=\"870\" data-end=\"1021\">Die fertigen St\u00fccke k\u00f6nnen <strong data-start=\"906\" data-end=\"941\">geb\u00fcrstet, optional gebeizt<\/strong> (um Oxidation zu entfernen) und dann auf den gew\u00fcnschten Glanz <strong data-start=\"985\" data-end=\"998\">poliert<\/strong> werden.<\/p>\n<hr data-start=\"1023\" data-end=\"1026\">\n<h3 data-start=\"1028\" data-end=\"1048\"><strong data-start=\"1032\" data-end=\"1048\">Anwendungen<\/strong><\/h3>\n<p data-start=\"1049\" data-end=\"1103\">Mit dieser Knete k\u00f6nnen Sie einzigartige Kunstwerke kreieren:<\/p>\n<ul data-start=\"1104\" data-end=\"1190\">\n<li data-start=\"1104\" data-end=\"1116\">\n<p data-start=\"1106\" data-end=\"1116\">Schmuck<\/p>\n<\/li>\n<li data-start=\"1117\" data-end=\"1131\">\n<p data-start=\"1119\" data-end=\"1131\">Ornamente<\/p>\n<\/li>\n<li data-start=\"1132\" data-end=\"1150\">\n<p data-start=\"1134\" data-end=\"1150\">kleine Bilder<\/p>\n<\/li>\n<li data-start=\"1151\" data-end=\"1165\">\n<p data-start=\"1153\" data-end=\"1165\">Skulpturen<\/p>\n<\/li>\n<li data-start=\"1166\" data-end=\"1190\">\n<p data-start=\"1168\" data-end=\"1190\">Dekorationsgegenst\u00e4nde<\/p>\n<\/li>\n<\/ul>\n<p data-start=\"1192\" data-end=\"1326\">Alles, was Sie mit <strong data-start=\"1215\" data-end=\"1257\">Prometheus\u00ae Sterling White Bronze Clay<\/strong> herstellen, wird zu einem pers\u00f6nlichen Kunstwerk. Lassen Sie Ihrer Kreativit\u00e4t freien Lauf! <\/p>\n<hr data-start=\"1328\" data-end=\"1331\">\n<h2 data-start=\"1333\" data-end=\"1376\"><strong data-start=\"1336\" data-end=\"1376\">Backprozess &#8211; zweistufiges Verfahren (PSW\u00ae)<\/strong><\/h2>\n<h3 data-start=\"1378\" data-end=\"1425\"><strong data-start=\"1382\" data-end=\"1425\">Schritt 1 &#8211; Verbrennung des Bindemittels<\/strong><\/h3>\n<ol data-start=\"1426\" data-end=\"1766\">\n<li data-start=\"1426\" data-end=\"1500\">\n<p data-start=\"1429\" data-end=\"1500\">Legen Sie die <strong data-start=\"1439\" data-end=\"1450\">getrockneten<\/strong> Tonst\u00fccke auf ein <strong data-start=\"1470\" data-end=\"1497\">Gitter aus rostfreiem Stahl<\/strong>.<\/p>\n<\/li>\n<li data-start=\"1501\" data-end=\"1586\">\n<p data-start=\"1504\" data-end=\"1586\">Schalten Sie den <strong data-start=\"1511\" data-end=\"1524\">Ofen kalt<\/strong> ein (stellen Sie die St\u00fccke also in einen nicht vorgeheizten Ofen).<\/p>\n<\/li>\n<li data-start=\"1587\" data-end=\"1637\">\n<p data-start=\"1590\" data-end=\"1637\">Erh\u00f6hen Sie die Temperatur auf <strong data-start=\"1617\" data-end=\"1634\">500\u00b0C (932\u00b0F)<\/strong>.<\/p>\n<\/li>\n<li data-start=\"1638\" data-end=\"1667\">\n<p data-start=\"1641\" data-end=\"1667\"><strong data-start=\"1641\" data-end=\"1653\">Backzeit:<\/strong> 15 Minuten.<\/p>\n<\/li>\n<li data-start=\"1668\" data-end=\"1766\">\n<p data-start=\"1671\" data-end=\"1766\">Nehmen Sie die St\u00fccke aus dem Ofen und legen Sie sie zum Abk\u00fchlen auf eine <strong data-start=\"1719\" data-end=\"1747\">hitzebest\u00e4ndige Unterlage<\/strong>.<\/p>\n<\/li>\n<\/ol>\n<p data-start=\"1768\" data-end=\"1873\">\ud83d\udca1 <em data-start=\"1771\" data-end=\"1792\">Zweck dieses Schrittes:<\/em> das organische Bindemittel zu entfernen, so dass nur das Metallpulver \u00fcbrig bleibt.<\/p>\n<hr data-start=\"1875\" data-end=\"1878\">\n<h3 data-start=\"1880\" data-end=\"1922\"><strong data-start=\"1884\" data-end=\"1922\">Schritt 2 &#8211; Sinterprozess (Bronzieren)<\/strong><\/h3>\n<ol data-start=\"1923\" data-end=\"2549\">\n<li data-start=\"1923\" data-end=\"1999\">\n<p data-start=\"1926\" data-end=\"1999\">F\u00fcllen Sie den Boden eines <strong data-start=\"1947\" data-end=\"1961\">Stahlbeh\u00e4lters<\/strong> mit etwa <strong data-start=\"1975\" data-end=\"1996\">3 cm Aktivkohle<\/strong>.<\/p>\n<\/li>\n<li data-start=\"2000\" data-end=\"2087\">\n<p data-start=\"2003\" data-end=\"2087\">Legen Sie die gebackenen St\u00fccke in das Blech, mit <strong data-start=\"2042\" data-end=\"2068\">mindestens 1,5 cm Abstand<\/strong> zwischen jedem St\u00fcck.<\/p>\n<\/li>\n<li data-start=\"2088\" data-end=\"2168\">\n<p data-start=\"2091\" data-end=\"2168\">Bedecken Sie die St\u00fccke vollst\u00e4ndig mit <strong data-start=\"2121\" data-end=\"2137\">Aktivkohle<\/strong> und <strong data-start=\"2141\" data-end=\"2157\">verschlie\u00dfen Sie den Beh\u00e4lter<\/strong> fest.<\/p>\n<\/li>\n<li data-start=\"2169\" data-end=\"2241\">\n<p data-start=\"2172\" data-end=\"2241\">Stellen Sie das Blech in den <strong data-start=\"2193\" data-end=\"2215\">auf<\/strong> <strong data-start=\"2220\" data-end=\"2238\">770\u00b0C (1420\u00b0F<\/strong> <strong data-start=\"2193\" data-end=\"2215\">) vorgeheizten Ofen<\/strong>.<\/p>\n<\/li>\n<li data-start=\"2242\" data-end=\"2306\">\n<p data-start=\"2245\" data-end=\"2306\">Heizen Sie den Ofen wieder auf und <strong data-start=\"2290\" data-end=\"2303\">backen Sie 2 Stunden lang<\/strong>.<\/p>\n<\/li>\n<li data-start=\"2307\" data-end=\"2549\">\n<p data-start=\"2310\" data-end=\"2331\">Nach dem Backen k\u00f6nnen Sie:<\/p>\n<ul data-start=\"2335\" data-end=\"2549\">\n<li data-start=\"2335\" data-end=\"2416\">\n<p data-start=\"2337\" data-end=\"2416\"><strong data-start=\"2337\" data-end=\"2349\">Option A:<\/strong> Lassen Sie den Ofen mit den St\u00fccken darin abk\u00fchlen (langsam, sicherer).<\/p>\n<\/li>\n<li data-start=\"2420\" data-end=\"2549\">\n<p data-start=\"2422\" data-end=\"2549\"><strong data-start=\"2422\" data-end=\"2434\">Option B:<\/strong> Nehmen Sie das Blech vorsichtig aus dem Ofen und lassen Sie es auf einer <strong data-start=\"2482\" data-end=\"2512\">hitzebest\u00e4ndigen<\/strong> Unterlage auf Raumtemperatur abk\u00fchlen.<\/p>\n<\/li>\n<\/ul>\n<\/li>\n<\/ol>\n<hr data-start=\"2551\" data-end=\"2554\">\n<h3 data-start=\"2556\" data-end=\"2575\"><strong data-start=\"2560\" data-end=\"2575\">Nachbearbeitung<\/strong><\/h3>\n<ol data-start=\"2576\" data-end=\"2835\">\n<li data-start=\"2576\" data-end=\"2634\">\n<p data-start=\"2579\" data-end=\"2634\"><strong data-start=\"2579\" data-end=\"2593\">B\u00fcrsten:<\/strong> Entfernen Sie lose R\u00fcckst\u00e4nde oder Verf\u00e4rbungen.<\/p>\n<\/li>\n<li data-start=\"2635\" data-end=\"2751\">\n<p data-start=\"2638\" data-end=\"2751\"><strong data-start=\"2638\" data-end=\"2651\">Beizen:<\/strong> Tauchen Sie das Werkst\u00fcck gegebenenfalls in ein Beizbad, um jegliche Oxidation (Feuerstein) zu entfernen.<\/p>\n<\/li>\n<li data-start=\"2752\" data-end=\"2835\">\n<p data-start=\"2755\" data-end=\"2835\"><strong data-start=\"2755\" data-end=\"2769\">Polieren:<\/strong> Tragen Sie das gew\u00fcnschte Finish auf &#8211; matt, satiniert oder hochgl\u00e4nzend.<\/p>\n<\/li>\n<\/ol>\n<hr data-start=\"2837\" data-end=\"2840\">\n<h3 data-start=\"2842\" data-end=\"2880\"><strong data-start=\"2846\" data-end=\"2880\">Zusammenfassung der Backschritte<\/strong><\/h3>\n<div class=\"_tableContainer_1rjym_1\">\n<div class=\"group _tableWrapper_1rjym_13 flex w-fit flex-col-reverse\" tabindex=\"-1\">\n<table class=\"w-fit min-w-(--thread-content-width)\" data-start=\"2882\" data-end=\"3127\">\n<thead data-start=\"2882\" data-end=\"2925\">\n<tr data-start=\"2882\" data-end=\"2925\">\n<th data-start=\"2882\" data-end=\"2889\" data-col-size=\"sm\">Schritt<\/th>\n<th data-start=\"2889\" data-end=\"2903\" data-col-size=\"sm\">Temperatur<\/th>\n<th data-start=\"2903\" data-end=\"2910\" data-col-size=\"sm\">Zeit<\/th>\n<th data-start=\"2910\" data-end=\"2925\" data-col-size=\"sm\">Bemerkungen<\/th>\n<\/tr>\n<\/thead>\n<tbody data-start=\"2972\" data-end=\"3127\">\n<tr data-start=\"2972\" data-end=\"3053\">\n<td data-start=\"2972\" data-end=\"2995\" data-col-size=\"sm\">1. Verbrennung des Bindemittels<\/td>\n<td data-col-size=\"sm\" data-start=\"2995\" data-end=\"3003\">500\u00b0C<\/td>\n<td data-col-size=\"sm\" data-start=\"3003\" data-end=\"3012\">15 min<\/td>\n<td data-col-size=\"sm\" data-start=\"3012\" data-end=\"3053\">St\u00fccke auf den Rost legen, Ofen kalt starten<\/td>\n<\/tr>\n<tr data-start=\"3054\" data-end=\"3127\">\n<td data-start=\"3054\" data-end=\"3068\" data-col-size=\"sm\">2. Sintern<\/td>\n<td data-col-size=\"sm\" data-start=\"3068\" data-end=\"3076\">770\u00b0C<\/td>\n<td data-col-size=\"sm\" data-start=\"3076\" data-end=\"3084\">2 Stunden<\/td>\n<td data-col-size=\"sm\" data-start=\"3084\" data-end=\"3127\">In Aktivkohle, in geschlossenem Stahlbeh\u00e4lter<\/td>\n<\/tr>\n<\/tbody>\n<\/table>\n<\/div>\n<\/div>\n<\/div>\n","protected":false},"excerpt":{"rendered":"<p><strong>Stellen Sie Ihren eigenen Bronzeschmuck mit Prometheus Bronze Clay her!<\/strong><\/p>\n<p>&nbsp;<\/p>\n<p>Pr\u00fcfen Sie die <strong><u><a href=\"https:\/\/www.esquell.nl\/c\/kennisbank\/bronsklei-bronze-clay-prometheus\">Wissensdatenbank<\/a> <\/u><\/strong>f\u00fcr die Arbeitsmethode Bronze Clay, um Informationen zum Modellieren, Brennen, Finishing usw. zu erhalten.<\/p>\n<p><a href=\"https:\/\/www.esquell.nl\/c\/shop\/metaalklei\/bronsklei\"><u><strong>Schauen Sie hier f\u00fcr weitere Bronze Ton Produkte  <\/strong><\/u><\/a><\/p>\n<p>Bronze Clay von Prometheus ist ein Ton, der sich beim Erhitzen in reine Bronze verwandelt. Sie ist eine Zusammensetzung aus Bronzepulver, Wasser und einem organischen Bindemittel.<br \/>\nWie unsere anderen Tone kann sie von Hand zu Platten oder Rohren geformt, in Formen gegossen, strukturiert und sogar auf einer Drehscheibe verwendet werden.<br \/>\nSie kann mit den meisten synthetischen Steinen, Zirkonias, vorgepr\u00fcften Natursteinen, Glasperlen und Keramik gebrannt werden. Es ist auch sehr gut zum Emaillieren geeignet. Er ist langsam trocknend, so dass Sie den Ton l\u00e4nger kneten und formen k\u00f6nnen.   <\/p>\n<p>Prometheus Bronze Clay kann bei Raumtemperatur gelagert werden und trocknet langsam, so dass Sie den Ton l\u00e4nger kneten und formen k\u00f6nnen. Der Ton hat eine Schrumpfungsrate von 7-9%. Viele Eigenschaften sind \u00e4hnlich wie bei Silberlehm; Bronzelehm wird 30 Minuten lang bei 700\u00b0C im Ofen erhitzt. Au\u00dferdem wird beim Erhitzen keine Edelstahlpfanne und\/oder Aktivkohle ben\u00f6tigt. Die Packung enth\u00e4lt 100 Gramm Kupferknete.    <\/p>\n<p>Mit dieser Knetmasse k\u00f6nnen Sie Formen herstellen, indem Sie sie kneten, ausrollen und aufrollen.<br \/>\nBronze Clay ist in Packungen mit 100 und 200 Gramm erh\u00e4ltlich.<br \/>\n<strong><br \/>\nHilfreiche Tipps zur Verwendung von Prometheus Bronze Clay<\/strong>:<\/p>\n<p>&#8211; Bronzeton sollte luftdicht, k\u00fchl und dunkel gelagert werden.<br \/>\nIn seiner Verpackung ist Bronzeton 1 Jahr lang haltbar.<br \/>\n&#8211; Bronzeton kann mit destilliertem oder abgekochtem Wasser verd\u00fcnnt werden.<br \/>\n&#8211; Verpacken Sie \u00fcbrig gebliebenen Bronzeton immer sofort vakuumverpackt, um eine Oxidation zu verhindern.<br \/>\n&#8211; Bronzeton trocknet an der Luft und trocknet recht schnell, stellen Sie also sicher, dass alles<br \/>\nim Voraus vorbereitet ist.<br \/>\n&#8211; Nach dem Trocknen ist Bronzeton so hart wie Gips, so dass Sie Muster einritzen oder feilen k\u00f6nnen<br \/>\n.<br \/>\n&#8211; Wenn er trocknet und bricht, k\u00f6nnen Sie ein Ornament aus Bronzeton mit Kleister reparieren.<br \/>\n&#8211; Beachten Sie bitte, dass Bronzeton nicht frostbest\u00e4ndig ist.<\/p>\n<p><strong>M\u00f6chten Sie selbst mit Prometheus Bronze Clay arbeiten?  <\/strong><\/p>\n<p>Dann empfehlen wir Ihnen, zun\u00e4chst einen Workshop mit einem zertifizierten Art Clay Silver<br \/>\nAusbilder zu besuchen. Hier lernen Sie, wie man richtig mit dem Bronzeton arbeitet und wie man die Werkzeuge richtig einsetzt. Au\u00dferdem macht es unheimlich viel Spa\u00df!  <\/p>\n<p>&nbsp;<\/p>\n<p><strong>Anleitung Prometheus\u2122 Bronze Clay<\/strong><\/p>\n<p><strong>Formen<\/strong><\/p>\n<p>Nehmen Sie die Knete aus ihrer Plastikverpackung und legen Sie sie auf eine saubere Arbeitsfl\u00e4che aus Plastik und\/oder Teflonfolie. Verwenden Sie Ihre Finger, einen Tonroller, Spatel, Ausstechformen, Hobbymesser, Zahnstocher und andere Werkzeuge, um den Ton zu formen.<br \/>\nSie k\u00f6nnen dem Ton mit Stempeln, Texturplatten und anderen interessanten Texturen Struktur verleihen.<br \/>\nBei normaler Konsistenz klebt der Ton nicht an den H\u00e4nden oder der Arbeitsfl\u00e4che. Wir empfehlen jedoch die Verwendung einer Anti-Haft-Formel. Eine kleine Menge der Anti-Haft-Formel auf einer Oberfl\u00e4che sorgt daf\u00fcr, dass sich die Silberknete m\u00fchelos abl\u00f6sen l\u00e4sst und nicht mehr klebt. Die Fl\u00fcssigkeit kann als Spray verwendet oder mit einem Pinsel aufgetragen werden. Bei der Verwendung von Profilplatten oder Stempeln werden Sie feststellen, dass die Bilder dadurch viel sch\u00e4rfer und heller werden, als ohne die Verwendung von \u00d6l oder Balsam. Die Formel ist nicht sch\u00e4dlich f\u00fcr den Ton, den Untergrund oder die Gesundheit und ist au\u00dferdem geruchsneutral und schnell trocknend.      <\/p>\n<p>Um zu verhindern, dass der Ton austrocknet, ist es ratsam, nicht zu lange an der Form zu arbeiten. Sie m\u00fcssen sich jedoch nicht beeilen, denn Prometheus Bronze Clay l\u00e4sst Ihnen viel Zeit. Sollten dennoch Risse entstehen, k\u00f6nnen Sie diese ausbessern, indem Sie z.B. mit einem Pinsel oder einer Spritze direkt Wasser hinzuf\u00fcgen. Gr\u00f6\u00dfere Risse oder Br\u00fcche k\u00f6nnen Sie mit ein wenig Paste reparieren.   <\/p>\n<p><strong>Herstellung von Nudeln<\/strong><br \/>\nUm Nudeln herzustellen, mischen Sie etwas Ton mit Wasser, bis er die Konsistenz von klumpigem Joghurt hat.<\/p>\n<p><strong>Trocknen<\/strong><\/p>\n<p><strong>Bake-off<\/strong><\/p>\n<p>Bronzeton kann in einem Ofen bei 820 \u00b0C f\u00fcr 30 Minuten erhitzt werden. Beim Erhitzen ist kein Edelstahlbeh\u00e4lter mit Aktivkohle erforderlich. Einige Leute bevorzugen jedoch diese Methode, weil die \u00c4tzwirkung besser ist und ein anschlie\u00dfendes Beizen nicht notwendig ist.<br \/>\nEine sch\u00f6ne Alternative ist es, den Ton mit einem Gasbrenner zu erhitzen.  <\/p>\n<p>Optionen zum Brennen von Prometheus Bronze Ton:<\/p>\n<p>Da jeder Ofen etwas anders ist, empfehlen wir Ihnen, einige Experimente durchzuf\u00fchren und ein detailliertes Ofenprotokoll zu f\u00fchren, um Ihre eigene spezifische Brenntabelle zu erstellen (**). Sie k\u00f6nnen bei h\u00f6heren Temperaturen brennen, aber das w\u00fcrde zu einer h\u00f6heren Schrumpfung f\u00fchren. <\/p>\n<p>(*) Benutzen Sie beim Be- und Entladen des Ofens Handschuhe, Zange, Schaufel und Schutzbrille. Legen Sie hei\u00dfe Teile auf eine hitzebest\u00e4ndige Oberfl\u00e4che.<br \/>\n(**) Testen Sie die Genauigkeit Ihres Ofens, indem Sie ein kleines St\u00fcck Ton brennen. Bei Elektro\u00f6fen sind aufgrund der Temperaturregelung und der Isolierung leichte Abweichungen m\u00f6glich. Nach Ihren Testergebnissen k\u00f6nnen Sie die Brenntemperatur um bis zu 5% erh\u00f6hen.  <\/p>\n<p>(*) Es gibt ein Demonstrationsvideo unter www.proclays.com<br \/>\n(**) Verbrennen Sie Ihre St\u00fccke an einem gut bel\u00fcfteten Ort. Personen mit Lungen- oder Atemproblemen k\u00f6nnen durch den entstehenden Rauch beeintr\u00e4chtigt werden.<br \/>\n(***) Tragen Sie Handschuhe, wenn Sie mit der Keramikdecke arbeiten, atmen Sie ihren Staub ein und waschen Sie sich nach der Arbeit die H\u00e4nde.<\/p>\n<p>Wenn der Brand abgeschlossen ist, nehmen Sie die Verpackung, legen Sie sie auf eine hitzebest\u00e4ndige Unterlage und warten Sie, bis sie abgek\u00fchlt ist, bevor Sie sie auspacken, oder nehmen Sie sie aus der Verpackung, w\u00e4hrend sie noch hei\u00df ist, und w\u00e4ssern Sie sie in Wasser. Der gr\u00f6\u00dfte Teil des Brandgeruchs verl\u00e4sst das St\u00fcck. Um den Rest loszuwerden, legen Sie es f\u00fcr einige Zeit in eine hei\u00dfe Beizl\u00f6sung.  <\/p>\n<p><strong>Konventionelle Methode<\/strong><\/p>\n<p>Legen Sie das getrocknete St\u00fcck (oder die getrockneten St\u00fccke) auf ein Edelstahlnetz und erhitzen Sie es auf 800 Grad Celsius. (**) Warten Sie, bis der Ofen wieder die gew\u00fcnschte Temperatur erreicht hat, und beginnen Sie dann mit dem Backen f\u00fcr 30 Minuten.<\/p>\n<p>Wenn der Brand abgeschlossen ist, nehmen Sie das St\u00fcck, legen es auf eine hitzebest\u00e4ndige Unterlage und warten, bis es abgek\u00fchlt ist, oder noch besser, Sie d\u00e4mpfen es im Wasser, w\u00e4hrend es noch hei\u00df ist. (***) Der gr\u00f6\u00dfte Teil des Feuersteines verl\u00e4sst das St\u00fcck. Um den Rest loszuwerden, legen Sie es f\u00fcr einige Zeit in eine hei\u00dfe Beizl\u00f6sung.<br \/>\n(*) Diese Methode empfiehlt sich besonders f\u00fcr gro\u00dfe St\u00fccke, Statuetten usw.<br \/>\n(**) Die meisten \u00d6fen sind in der N\u00e4he der Vordert\u00fcr k\u00fchler, stellen Sie sie also in die N\u00e4he der R\u00fcckseite des Trockenofens.<br \/>\n(***) Seien Sie sich des Wasserdampfes bewusst.<\/p>\n<p><strong>Kohlenstoff-Methode<\/strong><\/p>\n<p>Dies ist eine 2-stufige Methode.<\/p>\n<p>Schritt.1<br \/>\nLegen Sie das getrocknete St\u00fcck (bzw. die getrockneten St\u00fccke) auf ein Edelstahlnetz und legen Sie es bei 500 Grad C \/ 932 Grad F in den Vorofen oder auf einen Herd. Brennen Sie es 10 Minuten lang, nehmen Sie es auf einer feuerfesten Unterlage heraus und lassen Sie es abk\u00fchlen. <\/p>\n<p>Schritt.2<br \/>\nLegen Sie etwa 3 cm Aktivkohle auf den Boden eines Stahlbeh\u00e4lters. Legen Sie die St\u00fccke mit einem Abstand von mindestens 1,5 cm zueinander und f\u00fcllen Sie den Beh\u00e4lter mit Aktivkohle, verschlie\u00dfen Sie ihn und stellen Sie ihn in den auf 800\u00b0C \/ 1472\u00b0C vorgeheizten Ofen. Lassen Sie den Ofen auf die Zieltemperatur abk\u00fchlen und brennen Sie ihn 90 Minuten lang. Wenn der Brand beendet ist, lassen Sie ihn entweder im Ofen abk\u00fchlen oder nehmen Sie ihn heraus und lassen ihn auf einer w\u00e4rmeisolierten Oberfl\u00e4che stehen, bis er kalt genug ist, um Ihre St\u00fccke herauszunehmen. Eine andere Brennmethode ist 800\u00b0C\/f 1472 f\u00fcr 2 Stunden, die besser ist, wenn PBC\u2122 mit PCC\u2122 kombiniert wird.    <\/p>\n<p><strong>Mit einem Gasbrenner<\/strong><\/p>\n<p>Hellgelber Bronzeton ist nicht f\u00fcr das Brennen mit einem Gasbrenner geeignet.<\/p>\n<p><strong> <\/strong><\/p>\n<p><strong>Finish<\/strong><\/p>\n<p>B\u00fcrsten Sie Ihr St\u00fcck mit einer Metallb\u00fcrste und legen Sie es gegebenenfalls in eine hei\u00dfe Beizl\u00f6sung. (*) Nach dem Beizen sp\u00fclen Sie das St\u00fcck mit Wasser ab und trocknen es. So erhalten Sie eine sch\u00f6ne warme, r\u00f6tliche Bronzefarbe. Sie k\u00f6nnen auch viele verschiedene Patinal\u00f6sungen verwenden, um andere Farben zu erhalten.<br \/>\n(*) Wir empfehlen Picklean \u2122 Granulat. Mischen Sie einen Essl\u00f6ffel Picklean\u2122 mit einem Glas hei\u00dfem Wasser und lassen Sie Ihr St\u00fcck einige Zeit darin liegen.<br \/>\nPolieren Sie das St\u00fcck mit einem Polierwerkzeug, Polierpapier, einem Daumenpolierer oder einem Motor. Die Verwendung von Polierwerkzeugen kann Ihrer Arbeit zus\u00e4tzlichen Glanz verleihen.  <\/p>\n","protected":false},"featured_media":14222,"comment_status":"closed","ping_status":"closed","template":"","meta":{"_acf_changed":false,"_seopress_robots_primary_cat":"none","_seopress_titles_title":"","_seopress_titles_desc":"","_seopress_robots_index":""},"more":[],"product_brand":[6518],"product_cat":[6519,11955],"product_tag":[],"class_list":{"0":"post-14221","1":"product","2":"type-product","3":"status-publish","4":"has-post-thumbnail","6":"product_brand-prometheus","7":"product_cat-bronze-ton","8":"product_cat-neu","9":"product_shipping_class-standard","11":"first","12":"instock","13":"taxable","14":"shipping-taxable","15":"purchasable","16":"product-type-simple"},"acf":[],"_links":{"self":[{"href":"https:\/\/esquell.eu\/de\/wp-json\/wp\/v2\/product\/14221","targetHints":{"allow":["GET"]}}],"collection":[{"href":"https:\/\/esquell.eu\/de\/wp-json\/wp\/v2\/product"}],"about":[{"href":"https:\/\/esquell.eu\/de\/wp-json\/wp\/v2\/types\/product"}],"replies":[{"embeddable":true,"href":"https:\/\/esquell.eu\/de\/wp-json\/wp\/v2\/comments?post=14221"}],"wp:featuredmedia":[{"embeddable":true,"href":"https:\/\/esquell.eu\/de\/wp-json\/wp\/v2\/media\/14222"}],"wp:attachment":[{"href":"https:\/\/esquell.eu\/de\/wp-json\/wp\/v2\/media?parent=14221"}],"wp:term":[{"taxonomy":"more","embeddable":true,"href":"https:\/\/esquell.eu\/de\/wp-json\/wp\/v2\/more?post=14221"},{"taxonomy":"product_brand","embeddable":true,"href":"https:\/\/esquell.eu\/de\/wp-json\/wp\/v2\/product_brand?post=14221"},{"taxonomy":"product_cat","embeddable":true,"href":"https:\/\/esquell.eu\/de\/wp-json\/wp\/v2\/product_cat?post=14221"},{"taxonomy":"product_tag","embeddable":true,"href":"https:\/\/esquell.eu\/de\/wp-json\/wp\/v2\/product_tag?post=14221"}],"curies":[{"name":"wp","href":"https:\/\/api.w.org\/{rel}","templated":true}]}}