{"id":14212,"date":"2025-11-02T23:05:06","date_gmt":"2025-11-02T23:05:06","guid":{"rendered":"https:\/\/esquell.eu\/product\/spritze-ton-spritze-10-g-bronze-mit-3-duesen\/"},"modified":"2026-03-23T20:04:58","modified_gmt":"2026-03-23T20:04:58","slug":"spritze-ton-spritze-10-g-bronze-mit-3-duesen","status":"publish","type":"product","link":"https:\/\/esquell.eu\/de\/produkt\/spritze-ton-spritze-10-g-bronze-mit-3-duesen\/","title":{"rendered":"Spritze Ton \/ Spritze 10 g Bronze mit 3 D\u00fcsen"},"content":{"rendered":"<p>Spritze, Spritzton Bronze.<\/p>\n<p>10 Gramm<\/p>\n<p>Inklusive 3 D\u00fcsen<br \/>\nPrometheus.<br \/>\nZu kombinieren mit sunny bronze, Bronzeton von prometheus<\/p>\n","protected":false},"excerpt":{"rendered":"<p>Spritze, Spritzton Sunny Bronze.<\/p>\n<p>10 g<\/p>\n<p>Inklusive 3 D\u00fcsen<\/p>\n<p>&nbsp;<\/p>\n<p>Prometheus Spray Clay &#8211; Spr\u00fchpaste kann bei Raumtemperatur gelagert werden. Viele Eigenschaften entsprechen der Silberknete &#8211; Art Clay Silver. <\/p>\n<p>Bronze Clay Syringe ist verd\u00fcnnter Bronzeton in einer Spritze, mit der Sie ungew\u00f6hnliche Formen und d\u00fcnne Str\u00e4nge herstellen k\u00f6nnen.<\/p>\n<p>Tipp:<br \/>\n* Passen Sie die \u00d6ffnung der D\u00fcse an, indem Sie ein St\u00fcck abschneiden, so dass eine gr\u00f6\u00dfere<\/p>\n<p>entsteht eine \u00d6ffnung und es k\u00f6nnen dickere Str\u00e4nge gebildet werden.<\/p>\n<p>*Legen Sie die Spritze mit der Spitze w\u00e4hrend des Gebrauchs in eine Schale mit Wasser, damit die D\u00fcse nicht austrocknet.<\/p>\n<p><strong><br \/>\n<\/strong>Pr\u00fcfen Sie die <strong><u><a href=\"https:\/\/www.esquell.nl\/c\/kennisbank\/bronsklei-bronze-clay-prometheus\">Wissensdatenbank<\/a> <\/u><\/strong>f\u00fcr die Arbeitsmethode Bronze Clay, um Informationen zum Modellieren, Brennen, Finishing usw. zu erhalten.<\/p>\n<p><a href=\"https:\/\/www.esquell.nl\/c\/shop\/metaalklei\/bronsklei\"><u><strong>Schauen Sie hier f\u00fcr weitere Bronze Ton Produkte  <\/strong><\/u><\/a><\/p>\n<p>&nbsp;<\/p>\n<p>&nbsp;<\/p>\n<p>&nbsp;<\/p>\n","protected":false},"featured_media":14214,"comment_status":"closed","ping_status":"closed","template":"","meta":{"_acf_changed":false,"_seopress_robots_primary_cat":"none","_seopress_titles_title":"","_seopress_titles_desc":"","_seopress_robots_index":""},"more":[],"product_brand":[6518],"product_cat":[6519],"product_tag":[6446,6458,6677,7387,6883,6881,6680,6452,8127,6455,7133,11202,7060,11203,6449],"class_list":{"0":"post-14212","1":"product","2":"type-product","3":"status-publish","4":"has-post-thumbnail","6":"product_brand-prometheus","7":"product_cat-bronze-ton","8":"product_tag-aida","9":"product_tag-belgien","10":"product_tag-belgien-2","11":"product_tag-bronze","12":"product_tag-deutschland","13":"product_tag-deutsland","14":"product_tag-frankreich","15":"product_tag-groshandel","16":"product_tag-luxmebourg","17":"product_tag-niederlande","18":"product_tag-prometheus","19":"product_tag-sonnig","20":"product_tag-spritzton","21":"product_tag-sringe","22":"product_tag-verteiler","23":"product_shipping_class-standard","25":"first","26":"instock","27":"taxable","28":"shipping-taxable","29":"purchasable","30":"product-type-simple"},"acf":[],"_links":{"self":[{"href":"https:\/\/esquell.eu\/de\/wp-json\/wp\/v2\/product\/14212","targetHints":{"allow":["GET"]}}],"collection":[{"href":"https:\/\/esquell.eu\/de\/wp-json\/wp\/v2\/product"}],"about":[{"href":"https:\/\/esquell.eu\/de\/wp-json\/wp\/v2\/types\/product"}],"replies":[{"embeddable":true,"href":"https:\/\/esquell.eu\/de\/wp-json\/wp\/v2\/comments?post=14212"}],"wp:featuredmedia":[{"embeddable":true,"href":"https:\/\/esquell.eu\/de\/wp-json\/wp\/v2\/media\/14214"}],"wp:attachment":[{"href":"https:\/\/esquell.eu\/de\/wp-json\/wp\/v2\/media?parent=14212"}],"wp:term":[{"taxonomy":"more","embeddable":true,"href":"https:\/\/esquell.eu\/de\/wp-json\/wp\/v2\/more?post=14212"},{"taxonomy":"product_brand","embeddable":true,"href":"https:\/\/esquell.eu\/de\/wp-json\/wp\/v2\/product_brand?post=14212"},{"taxonomy":"product_cat","embeddable":true,"href":"https:\/\/esquell.eu\/de\/wp-json\/wp\/v2\/product_cat?post=14212"},{"taxonomy":"product_tag","embeddable":true,"href":"https:\/\/esquell.eu\/de\/wp-json\/wp\/v2\/product_tag?post=14212"}],"curies":[{"name":"wp","href":"https:\/\/api.w.org\/{rel}","templated":true}]}}