{"id":14196,"date":"2025-11-01T18:40:37","date_gmt":"2025-11-01T18:40:37","guid":{"rendered":"https:\/\/esquell.eu\/product\/kurzkurs-in-silberschmuckherstellung-muzisch-centrum-emmeloord\/"},"modified":"2026-02-14T10:04:35","modified_gmt":"2026-02-14T10:04:35","slug":"kurzkurs-in-silberschmuckherstellung-muzisch-centrum-emmeloord","status":"publish","type":"product","link":"https:\/\/esquell.eu\/de\/produkt\/kurzkurs-in-silberschmuckherstellung-muzisch-centrum-emmeloord\/","title":{"rendered":"Kurzkurs in Silberschmuckherstellung Muzisch Centrum Emmeloord"},"content":{"rendered":"<p><strong>Silberschmuck aus Silberton herstellen<\/strong><\/p>\n<p>In diesem Kurs werden Sie zwei oder mehr einzigartige und pers\u00f6nliche Schmuckst\u00fccke aus reinem Silber herstellen. Wir \u00fcben zun\u00e4chst mit normalem Ton und fertigen dann das Design aus Silberton an. Silberton wird aus recyceltem Silber, Bindemittel und Wasser hergestellt. Sie wird auf einem Gasherd, mit einem Gasbrenner oder in einem speziellen Ofen gebrannt. Wenn der Schmuck fertig ist, haben Sie einen einzigartigen Silberschmuck aus 99,9% Silber. Die Kurse werden von einer erfahrenen und zertifizierten Art Clay Silver-Lehrerin, Agnes Koekoek und\/oder Annemarie Klappe, geleitet.     <\/p>\n<p>W\u00e4hrend des Kurses erhalten Sie im Esquell.de Shop einen Rabatt von 10% auf Silberton und andere Materialien.<\/p>\n<p>Anzahl der Lektionen: 4 Lektionen<br \/>\nUnterrichtstag: Mittwochabend<br \/>\nUnterrichtszeit:19.30-22.00<br \/>\nBeginn: 18. und 25. M\u00e4rz , 1. und 8. April<br \/>\nPreis: \u20ac98.00 (inkl. Werkzeugbenutzung, exkl. Silberton)<br \/>\nSilberton kann w\u00e4hrend des Unterrichts erworben werden<br \/>\nOrt: Musikalisches Zentrum<\/p>\n","protected":false},"excerpt":{"rendered":"<p>Silberschmuck aus Silberton herstellen In diesem Kurs werden Sie zwei oder mehr einzigartige und pers\u00f6nliche Schmuckst\u00fccke aus reinem Silber herstellen. Wir \u00fcben zun\u00e4chst mit normalem Ton und fertigen dann das Design aus Silberton an. Silberton wird aus recyceltem Silber, Bindemittel und Wasser hergestellt. Sie wird auf einem Gasherd, mit einem Gasbrenner oder in einem speziellen&#8230;<\/p>\n","protected":false},"featured_media":14209,"comment_status":"closed","ping_status":"closed","template":"","meta":{"_acf_changed":false,"_seopress_robots_primary_cat":"none","_seopress_titles_title":"","_seopress_titles_desc":"","_seopress_robots_index":""},"more":[12193],"product_brand":[],"product_cat":[11955],"product_tag":[6492,6438,12206,8514,8502,8512,6842,6824,12204,6946,12202,12196,6498,8583,12198,8504,8498,6421,8491,6828,6419,6701,12197,6812,12194,8022,12195,6490,12199,6500,6694,7796],"class_list":{"0":"post-14196","1":"product","2":"type-product","3":"status-publish","4":"has-post-thumbnail","6":"more-ereignisse","7":"product_cat-neu","8":"product_tag-artclay","9":"product_tag-artclaysilver","10":"product_tag-blacklock","11":"product_tag-blick","12":"product_tag-dronten","13":"product_tag-emmeloord","14":"product_tag-flevoland","15":"product_tag-friesland","16":"product_tag-genemuiden","17":"product_tag-heerenveen","18":"product_tag-klasse","19":"product_tag-klassen","20":"product_tag-kunst","21":"product_tag-kurs","22":"product_tag-kurz-2","23":"product_tag-lager","24":"product_tag-lemmer","25":"product_tag-machen","26":"product_tag-meppel","27":"product_tag-overijssel","28":"product_tag-schmuck","29":"product_tag-schule","30":"product_tag-schule-2","31":"product_tag-silber-3","32":"product_tag-silberklasse","33":"product_tag-silberlehm","34":"product_tag-silberner-sandplatz","35":"product_tag-silberton","36":"product_tag-silberton-training","37":"product_tag-ton-2","38":"product_tag-von","39":"product_tag-zwolle","40":"product_shipping_class-kostenlos","42":"first","43":"outofstock","44":"taxable","45":"shipping-taxable","46":"purchasable","47":"product-type-simple"},"acf":[],"_links":{"self":[{"href":"https:\/\/esquell.eu\/de\/wp-json\/wp\/v2\/product\/14196","targetHints":{"allow":["GET"]}}],"collection":[{"href":"https:\/\/esquell.eu\/de\/wp-json\/wp\/v2\/product"}],"about":[{"href":"https:\/\/esquell.eu\/de\/wp-json\/wp\/v2\/types\/product"}],"replies":[{"embeddable":true,"href":"https:\/\/esquell.eu\/de\/wp-json\/wp\/v2\/comments?post=14196"}],"wp:featuredmedia":[{"embeddable":true,"href":"https:\/\/esquell.eu\/de\/wp-json\/wp\/v2\/media\/14209"}],"wp:attachment":[{"href":"https:\/\/esquell.eu\/de\/wp-json\/wp\/v2\/media?parent=14196"}],"wp:term":[{"taxonomy":"more","embeddable":true,"href":"https:\/\/esquell.eu\/de\/wp-json\/wp\/v2\/more?post=14196"},{"taxonomy":"product_brand","embeddable":true,"href":"https:\/\/esquell.eu\/de\/wp-json\/wp\/v2\/product_brand?post=14196"},{"taxonomy":"product_cat","embeddable":true,"href":"https:\/\/esquell.eu\/de\/wp-json\/wp\/v2\/product_cat?post=14196"},{"taxonomy":"product_tag","embeddable":true,"href":"https:\/\/esquell.eu\/de\/wp-json\/wp\/v2\/product_tag?post=14196"}],"curies":[{"name":"wp","href":"https:\/\/api.w.org\/{rel}","templated":true}]}}