{"id":13908,"date":"2025-04-03T09:20:45","date_gmt":"2025-04-03T09:20:45","guid":{"rendered":"https:\/\/esquell.eu\/product\/silber-loetpulver-fuer-filigran-filigran-10-gramm-f-2029\/"},"modified":"2026-01-10T17:02:53","modified_gmt":"2026-01-10T17:02:53","slug":"silber-loetpulver-fuer-filigran-filigran-10-gramm-f-2029","status":"publish","type":"product","link":"https:\/\/esquell.eu\/de\/produkt\/silber-loetpulver-fuer-filigran-filigran-10-gramm-f-2029\/","title":{"rendered":"Silber L\u00f6tpulver f\u00fcr Filigran \/ Filigran , 10 Gramm F-2029"},"content":{"rendered":"<p>Feines Silberl\u00f6tpulver<\/p>\n<p>Filigran \/ Filigranes L\u00f6tpulver<\/p>\n<p>10 Gramm Weichlot.<\/p>\n<p>Ideal zum L\u00f6ten von feinem und d\u00fcnnwandigem Silber, z.B. f\u00fcr filigrane Arbeiten<\/p>\n<p>Arbeitsweise: Mischen Sie das Pulver mit ein wenig Flussmittel zu einer Paste und tragen Sie diese auf die Unterseite\/R\u00fcckseite des Werkst\u00fccks auf. L\u00f6ten Sie dann das Filigran mit einer L\u00f6tlampe. <\/p>\n","protected":false},"excerpt":{"rendered":"<p>Feines Silberl\u00f6tpulver<\/p>\n<p>Filigran \/ Filigranes L\u00f6tpulver<\/p>\n<p>&nbsp;<\/p>\n<p>10 Gramm Weichlot, ideal zum L\u00f6ten von feinem und d\u00fcnnwandigem Silber, z.B. f\u00fcr filigrane Arbeiten<\/p>\n<p>&nbsp;<\/p>\n<p>Arbeitsweise: Mischen Sie das Pulver mit ein wenig Flussmittel zu einer Paste und tragen Sie diese auf die Unterseite\/R\u00fcckseite des Werkst\u00fccks auf. L\u00f6ten Sie dann das Filigran mit einer L\u00f6tlampe. <\/p>\n<p>&nbsp;<\/p>\n<p>&nbsp;<\/p>\n","protected":false},"featured_media":13913,"comment_status":"closed","ping_status":"closed","template":"","meta":{"_acf_changed":false,"_seopress_robots_primary_cat":"none","_seopress_titles_title":"","_seopress_titles_desc":"","_seopress_robots_index":""},"more":[],"product_brand":[6413],"product_cat":[9857],"product_tag":[6446,6790,6793,11835,11834,11830,8339,7017,6452,6673,6786,7019,11828,8135,21573,11833,6421,11057,6444,6441,10439,6788,7193,6419,6812,6671,11714,9790,7086,11832,6781,6500,6784,6449,6818,6783],"class_list":{"0":"post-13908","1":"product","2":"type-product","3":"status-publish","4":"has-post-thumbnail","6":"product_brand-acs","7":"product_cat-loten","8":"product_tag-aida","9":"product_tag-bestellung","10":"product_tag-einkaufen","11":"product_tag-elefantenschmied","12":"product_tag-elelsmiths","13":"product_tag-filigran-2","14":"product_tag-filigran","15":"product_tag-fur","16":"product_tag-groshandel","17":"product_tag-japan","18":"product_tag-kaufen","19":"product_tag-liefert","20":"product_tag-loten-3","21":"product_tag-loten","22":"product_tag-lotpulver-2","23":"product_tag-lotpulver","24":"product_tag-machen","25":"product_tag-materialien","26":"product_tag-metalclay","27":"product_tag-metallton","28":"product_tag-offnen-sie","29":"product_tag-online","30":"product_tag-pulver","31":"product_tag-schmuck","32":"product_tag-silber-3","33":"product_tag-silber-2","34":"product_tag-silberlot","35":"product_tag-silberschmied-2","36":"product_tag-silberschmiede","37":"product_tag-tafelsilber-3","38":"product_tag-teile","39":"product_tag-ton-2","40":"product_tag-unter-2","41":"product_tag-verteiler","42":"product_tag-werkzeuge-2","43":"product_tag-wobei","44":"product_shipping_class-standard","46":"first","47":"instock","48":"taxable","49":"shipping-taxable","50":"purchasable","51":"product-type-simple"},"acf":[],"_links":{"self":[{"href":"https:\/\/esquell.eu\/de\/wp-json\/wp\/v2\/product\/13908","targetHints":{"allow":["GET"]}}],"collection":[{"href":"https:\/\/esquell.eu\/de\/wp-json\/wp\/v2\/product"}],"about":[{"href":"https:\/\/esquell.eu\/de\/wp-json\/wp\/v2\/types\/product"}],"replies":[{"embeddable":true,"href":"https:\/\/esquell.eu\/de\/wp-json\/wp\/v2\/comments?post=13908"}],"wp:featuredmedia":[{"embeddable":true,"href":"https:\/\/esquell.eu\/de\/wp-json\/wp\/v2\/media\/13913"}],"wp:attachment":[{"href":"https:\/\/esquell.eu\/de\/wp-json\/wp\/v2\/media?parent=13908"}],"wp:term":[{"taxonomy":"more","embeddable":true,"href":"https:\/\/esquell.eu\/de\/wp-json\/wp\/v2\/more?post=13908"},{"taxonomy":"product_brand","embeddable":true,"href":"https:\/\/esquell.eu\/de\/wp-json\/wp\/v2\/product_brand?post=13908"},{"taxonomy":"product_cat","embeddable":true,"href":"https:\/\/esquell.eu\/de\/wp-json\/wp\/v2\/product_cat?post=13908"},{"taxonomy":"product_tag","embeddable":true,"href":"https:\/\/esquell.eu\/de\/wp-json\/wp\/v2\/product_tag?post=13908"}],"curies":[{"name":"wp","href":"https:\/\/api.w.org\/{rel}","templated":true}]}}