{"id":13900,"date":"2025-04-03T09:20:45","date_gmt":"2025-04-03T09:20:45","guid":{"rendered":"https:\/\/esquell.eu\/product\/loetpaste-silberne-loetpaste-verschiedene-haertegrade-inhalt-8-gramm\/"},"modified":"2026-01-17T04:51:04","modified_gmt":"2026-01-17T04:51:04","slug":"loetpaste-silberne-loetpaste-verschiedene-haertegrade-inhalt-8-gramm","status":"publish","type":"product","link":"https:\/\/esquell.eu\/de\/produkt\/loetpaste-silberne-loetpaste-verschiedene-haertegrade-inhalt-8-gramm\/","title":{"rendered":"L\u00f6tpaste Silberne L\u00f6tpaste. Verschiedene H\u00e4rtegrade. Inhalt 8 g"},"content":{"rendered":"<p>Lotpaste zum L\u00f6ten von Silber. Schmuckherstellung, Ohrringe, Ringe. <\/p>\n<p>Inhalt 8 g Vollst\u00e4ndige L\u00f6tpaste, kein Flussmittel erforderlich.<\/p>\n<p>Verschiedene H\u00e4rtegrade<\/p>\n<p>570- weich \/ leicht<\/p>\n<p>640- mittel<\/p>\n<p>690-Mittel +<\/p>\n<p>730- hart<\/p>\n<p>&nbsp;<\/p>\n","protected":false},"excerpt":{"rendered":"<p>L\u00f6tpaste mittel 570 zum Silberl\u00f6ten.<\/p>\n<p>Inhalt 8 Gramm<\/p>\n<p>Komplette L\u00f6tpaste, kein Flussmittel erforderlich.<\/p>\n<p><a href=\"https:\/\/www.esquell.nl\/c\/kennisbank\/solderen-met-soldeerpasta\"><u>Handl\u00f6ten mit Silberl\u00f6tpaste.<\/u><\/a><\/p>\n","protected":false},"featured_media":13901,"comment_status":"closed","ping_status":"closed","template":"","meta":{"_acf_changed":false,"_seopress_robots_primary_cat":"none","_seopress_titles_title":"","_seopress_titles_desc":"","_seopress_robots_index":""},"more":[],"product_brand":[6703],"product_cat":[9857],"product_tag":[6488,6508,6506,6492,6699,6438,6458,6677,8599,9978,10319,11792,7547,6885,6498,8135,11804,11798,6679,7545,6444,11801,6441,6455,11795,6820,6419,6812,6417,11714,7086,6490,6500,6784,8601,6690,6783],"class_list":{"0":"post-13900","1":"product","2":"type-product","3":"status-publish","4":"has-post-thumbnail","6":"product_brand-bm","7":"product_cat-loten","8":"product_tag-6488","9":"product_tag-6508","10":"product_tag-6506","11":"product_tag-artclay","12":"product_tag-artclayacademy","13":"product_tag-artclaysilver","14":"product_tag-belgien","15":"product_tag-belgien-2","16":"product_tag-benelux","17":"product_tag-edelmetall","18":"product_tag-einfach","19":"product_tag-einfach-2","20":"product_tag-frankreich-2","21":"product_tag-kaufen-2","22":"product_tag-kunst","23":"product_tag-loten","24":"product_tag-loten-frankreich","25":"product_tag-lotpaste","26":"product_tag-luxemburg","27":"product_tag-luxemburg-2","28":"product_tag-metalclay","29":"product_tag-metalclayschool","30":"product_tag-metallton","31":"product_tag-niederlande","32":"product_tag-online-kaufen","33":"product_tag-schmuck-2","34":"product_tag-schmuck","35":"product_tag-silber-3","36":"product_tag-silber","37":"product_tag-silberlot","38":"product_tag-silberschmiede","39":"product_tag-silberton","40":"product_tag-ton-2","41":"product_tag-unter-2","42":"product_tag-unterricht","43":"product_tag-werkstatten","44":"product_tag-wobei","45":"product_shipping_class-standard","47":"first","48":"instock","49":"taxable","50":"shipping-taxable","51":"purchasable","52":"product-type-variable"},"acf":[],"_links":{"self":[{"href":"https:\/\/esquell.eu\/de\/wp-json\/wp\/v2\/product\/13900","targetHints":{"allow":["GET"]}}],"collection":[{"href":"https:\/\/esquell.eu\/de\/wp-json\/wp\/v2\/product"}],"about":[{"href":"https:\/\/esquell.eu\/de\/wp-json\/wp\/v2\/types\/product"}],"replies":[{"embeddable":true,"href":"https:\/\/esquell.eu\/de\/wp-json\/wp\/v2\/comments?post=13900"}],"wp:featuredmedia":[{"embeddable":true,"href":"https:\/\/esquell.eu\/de\/wp-json\/wp\/v2\/media\/13901"}],"wp:attachment":[{"href":"https:\/\/esquell.eu\/de\/wp-json\/wp\/v2\/media?parent=13900"}],"wp:term":[{"taxonomy":"more","embeddable":true,"href":"https:\/\/esquell.eu\/de\/wp-json\/wp\/v2\/more?post=13900"},{"taxonomy":"product_brand","embeddable":true,"href":"https:\/\/esquell.eu\/de\/wp-json\/wp\/v2\/product_brand?post=13900"},{"taxonomy":"product_cat","embeddable":true,"href":"https:\/\/esquell.eu\/de\/wp-json\/wp\/v2\/product_cat?post=13900"},{"taxonomy":"product_tag","embeddable":true,"href":"https:\/\/esquell.eu\/de\/wp-json\/wp\/v2\/product_tag?post=13900"}],"curies":[{"name":"wp","href":"https:\/\/api.w.org\/{rel}","templated":true}]}}