{"id":13875,"date":"2025-04-03T09:20:45","date_gmt":"2025-04-03T09:20:45","guid":{"rendered":"https:\/\/esquell.eu\/product\/technoflux-schutz-von-steinen-und-metall-beim-loeten\/"},"modified":"2026-03-10T12:56:32","modified_gmt":"2026-03-10T12:56:32","slug":"technoflux-schutz-von-steinen-und-metall-beim-loeten","status":"publish","type":"product","link":"https:\/\/esquell.eu\/de\/produkt\/technoflux-schutz-von-steinen-und-metall-beim-loeten\/","title":{"rendered":"Technoflux Schutz von Steinen und Metall beim L\u00f6ten."},"content":{"rendered":"<p>Technoflux Cool-Paste 120 g<\/p>\n<p>Zum Abdecken von (Edel-)Steinen, Metallen, Chrom, Glas, Kunststoffen, Holz, Lacken, Textilien usw. beim L\u00f6ten.<\/p>\n<p>Die Cool-Paste sch\u00fctzt empfindliche Stellen effektiv vor Hitze.<\/p>\n<p>Einfache Anwendung &#8211; tragen Sie die K\u00fchlpaste gro\u00dfz\u00fcgig auf die zu sch\u00fctzenden Teile auf; nach dem L\u00f6ten sp\u00fclen Sie die R\u00fcckst\u00e4nde einfach mit Wasser ab.<\/p>\n","protected":false},"excerpt":{"rendered":"<p>Technoflux Cool-Paste 120 g<\/p>\n<p>Zum Abdecken von (Edel-)Steinen, Metallen, Chrom, Glas, Kunststoffen, Holz, Lacken, Textilien usw. beim L\u00f6ten.<\/p>\n<p>Die Cool-Paste sch\u00fctzt empfindliche Stellen effektiv vor Hitze.<\/p>\n<p>Einfache Anwendung &#8211; tragen Sie die K\u00fchlpaste gro\u00dfz\u00fcgig auf die zu sch\u00fctzenden Teile auf; nach dem L\u00f6ten sp\u00fclen Sie die R\u00fcckst\u00e4nde einfach mit Wasser ab.<\/p>\n<p>&nbsp;<\/p>\n","protected":false},"featured_media":13912,"comment_status":"closed","ping_status":"closed","template":"","meta":{"_acf_changed":false,"_seopress_robots_primary_cat":"none","_seopress_titles_title":"","_seopress_titles_desc":"","_seopress_robots_index":""},"more":[],"product_brand":[6703],"product_cat":[6367,9857],"product_tag":[9087,8259,6458,10908,11699,11709,11701,6603,11705,11737,11659,6675,6826,8359,7197,10034,6824,11697,7808,10824,6822,11741,9609,9865,11744,6836,11691,11724,6885,11739,11837,11715,7019,6844,9245,8135,11718,11707,6444,6441,11695,6455,6832,7134,6891,6828,11712,11731,9904,11706,7086,6490,7340,6464,6834,11838,6795,7575,11693,11727,11703,11836,11721,6814,7441,6783,6838,11734],"class_list":{"0":"post-13875","1":"product","2":"type-product","3":"status-publish","4":"has-post-thumbnail","6":"product_brand-bm","7":"product_cat-erganzende-materialien","8":"product_cat-loten","9":"product_tag-abbacken","10":"product_tag-acryl","11":"product_tag-belgien","12":"product_tag-brennen","13":"product_tag-byoux","14":"product_tag-chrom","15":"product_tag-coabochons","16":"product_tag-cool","17":"product_tag-cool-paste","18":"product_tag-coolpaste","19":"product_tag-cover","20":"product_tag-craftlines","21":"product_tag-drenthe","22":"product_tag-edelsteine","23":"product_tag-emaille","24":"product_tag-epoxid","25":"product_tag-friesland","26":"product_tag-fur-manner","27":"product_tag-glas","28":"product_tag-glascabochons","29":"product_tag-groningen","30":"product_tag-halten","31":"product_tag-harz","32":"product_tag-harz-2","33":"product_tag-hitzeschutz","34":"product_tag-holland","35":"product_tag-holz","36":"product_tag-isolierung","37":"product_tag-kaufen-2","38":"product_tag-kuhlung","39":"product_tag-kuhlung-2","40":"product_tag-lack","41":"product_tag-liefert","42":"product_tag-limburg","43":"product_tag-links","44":"product_tag-loten","45":"product_tag-lotspitze","46":"product_tag-metalalen","47":"product_tag-metalclay","48":"product_tag-metallton","49":"product_tag-modern","50":"product_tag-niederlande","51":"product_tag-norden","52":"product_tag-nudeln","53":"product_tag-online-shop","54":"product_tag-overijssel","55":"product_tag-palastartig","56":"product_tag-schnappen","57":"product_tag-schutz","58":"product_tag-schutzen","59":"product_tag-silberschmiede","60":"product_tag-silberton","61":"product_tag-silverclay-co-uk","62":"product_tag-stein","63":"product_tag-sud","64":"product_tag-unter-4","65":"product_tag-utrecht","66":"product_tag-uv-harz","67":"product_tag-uvresin","68":"product_tag-verbrannt","69":"product_tag-warme-2","70":"product_tag-warme-3","71":"product_tag-warmedammung","72":"product_tag-webshop","73":"product_tag-werkzeug-2","74":"product_tag-wobei","75":"product_tag-zeeland","76":"product_tag-zilrconia","77":"product_shipping_class-standard","79":"first","80":"instock","81":"taxable","82":"shipping-taxable","83":"purchasable","84":"product-type-simple"},"acf":[],"_links":{"self":[{"href":"https:\/\/esquell.eu\/de\/wp-json\/wp\/v2\/product\/13875","targetHints":{"allow":["GET"]}}],"collection":[{"href":"https:\/\/esquell.eu\/de\/wp-json\/wp\/v2\/product"}],"about":[{"href":"https:\/\/esquell.eu\/de\/wp-json\/wp\/v2\/types\/product"}],"replies":[{"embeddable":true,"href":"https:\/\/esquell.eu\/de\/wp-json\/wp\/v2\/comments?post=13875"}],"wp:featuredmedia":[{"embeddable":true,"href":"https:\/\/esquell.eu\/de\/wp-json\/wp\/v2\/media\/13912"}],"wp:attachment":[{"href":"https:\/\/esquell.eu\/de\/wp-json\/wp\/v2\/media?parent=13875"}],"wp:term":[{"taxonomy":"more","embeddable":true,"href":"https:\/\/esquell.eu\/de\/wp-json\/wp\/v2\/more?post=13875"},{"taxonomy":"product_brand","embeddable":true,"href":"https:\/\/esquell.eu\/de\/wp-json\/wp\/v2\/product_brand?post=13875"},{"taxonomy":"product_cat","embeddable":true,"href":"https:\/\/esquell.eu\/de\/wp-json\/wp\/v2\/product_cat?post=13875"},{"taxonomy":"product_tag","embeddable":true,"href":"https:\/\/esquell.eu\/de\/wp-json\/wp\/v2\/product_tag?post=13875"}],"curies":[{"name":"wp","href":"https:\/\/api.w.org\/{rel}","templated":true}]}}