{"id":13868,"date":"2025-04-03T09:20:45","date_gmt":"2025-04-03T09:20:45","guid":{"rendered":"https:\/\/esquell.eu\/product\/firescoff-keramik-flussmittel-30ml\/"},"modified":"2025-11-08T23:18:53","modified_gmt":"2025-11-08T23:18:53","slug":"firescoff-keramik-flussmittel-30ml","status":"publish","type":"product","link":"https:\/\/esquell.eu\/de\/produkt\/firescoff-keramik-flussmittel-30ml\/","title":{"rendered":"Firescoff Keramik-Flussmittel 30ml"},"content":{"rendered":"<p>Wirkt als Flussmittel, Abdeckmittel und Abkochmittel!<\/p>\n<p>Das All-in-One Firescoff bildet eine leicht zu verspr\u00fchende, auf Nanopartikeln basierende keramische Schutzschicht. Diese sorgt f\u00fcr einen extrem konstanten L\u00f6tfluss und sch\u00fctzt das Metall vor Hitzeeinwirkung.<br \/>\nFirescoff sch\u00fctzt nicht nur Steine und Metall, sondern bewahrt auch die urspr\u00fcngliche Legierung, Farbe und Patina von Edelmetallen. Vollst\u00e4ndig wasserl\u00f6slich Das macht Ihre L\u00f6tarbeiten sicherer, schneller und auch billiger. Spr\u00fchen Sie Firescoff einfach auf das Werkst\u00fcck, l\u00f6ten Sie und waschen Sie es mit warmem Wasser ab. Firescoff ist fluorid- und chloridfrei und nicht brennbar.    <\/p>\n<p>Methoden:<\/p>\n<ul>\n<li>Erhitzen Sie das Objekt auf ca. 120 \u00baC<\/li>\n<li>Spr\u00fchen Sie Firescoff auf das erhitzte Objekt, um eine wei\u00dfe Pulverschicht zu bilden, und erhitzen Sie das Objekt weiter.<\/li>\n<li>Wenn blankes Metall zum Vorschein kommt, tragen Sie mehr Firescoff auf.<\/li>\n<li>Fahren Sie wie gewohnt mit dem L\u00f6ten fort. Firescoff wirkt als Abdeckmittel UND als Flussmittel! <\/li>\n<\/ul>\n<p>Nach dem L\u00f6ten entfernen Sie den Firescoff in Wasser oder mit Ultraschall<\/p>\n","protected":false},"excerpt":{"rendered":"<p>Funktioniert als Flussmittel, Abdeckmittel und Abkochmittel!<\/p>\n<p>&nbsp;<\/p>\n<p>Das All-in-One Firescoff bildet eine leicht zu verspr\u00fchende, auf Nanopartikeln basierende keramische Schutzschicht. Diese sorgt f\u00fcr einen extrem konstanten L\u00f6tfluss und sch\u00fctzt das Metall vor Hitzeeinwirkung.<br \/>\nFirescoff sch\u00fctzt nicht nur Steine und Metall, sondern bewahrt auch die urspr\u00fcngliche Legierung, Farbe und Patina von Edelmetallen. Vollst\u00e4ndig wasserl\u00f6slich Das macht Ihre L\u00f6tarbeiten sicherer, schneller und auch billiger. Spr\u00fchen Sie Firescoff einfach auf das Werkst\u00fcck, l\u00f6ten Sie und waschen Sie es mit warmem Wasser ab. Firescoff ist fluorid- und chloridfrei und nicht brennbar.    <\/p>\n<p>Methoden:<\/p>\n<ul>\n<li>Erhitzen Sie das Objekt auf ca. 120 \u00baC<\/li>\n<li>Spr\u00fchen Sie Firescoff auf das erhitzte Objekt, um eine wei\u00dfe Pulverschicht zu bilden, und erhitzen Sie das Objekt weiter.<\/li>\n<li>Wenn blankes Metall zum Vorschein kommt, tragen Sie mehr Firescoff auf.<\/li>\n<li>Fahren Sie wie gewohnt mit dem L\u00f6ten fort. Firescoff wirkt als Abdeckmittel UND als Flussmittel! <\/li>\n<\/ul>\n<p>Nach dem L\u00f6ten entfernen Sie den Firescoff in Wasser oder mit Ultraschall<\/p>\n","protected":false},"featured_media":13869,"comment_status":"closed","ping_status":"closed","template":"","meta":{"_acf_changed":false,"_seopress_robots_primary_cat":"none","_seopress_titles_title":"","_seopress_titles_desc":"","_seopress_robots_index":""},"more":[],"product_brand":[6703],"product_cat":[9857],"product_tag":[],"class_list":{"0":"post-13868","1":"product","2":"type-product","3":"status-publish","4":"has-post-thumbnail","6":"product_brand-bm","7":"product_cat-loten","8":"product_shipping_class-standard","10":"first","11":"instock","12":"taxable","13":"shipping-taxable","14":"purchasable","15":"product-type-simple"},"acf":[],"_links":{"self":[{"href":"https:\/\/esquell.eu\/de\/wp-json\/wp\/v2\/product\/13868","targetHints":{"allow":["GET"]}}],"collection":[{"href":"https:\/\/esquell.eu\/de\/wp-json\/wp\/v2\/product"}],"about":[{"href":"https:\/\/esquell.eu\/de\/wp-json\/wp\/v2\/types\/product"}],"replies":[{"embeddable":true,"href":"https:\/\/esquell.eu\/de\/wp-json\/wp\/v2\/comments?post=13868"}],"wp:featuredmedia":[{"embeddable":true,"href":"https:\/\/esquell.eu\/de\/wp-json\/wp\/v2\/media\/13869"}],"wp:attachment":[{"href":"https:\/\/esquell.eu\/de\/wp-json\/wp\/v2\/media?parent=13868"}],"wp:term":[{"taxonomy":"more","embeddable":true,"href":"https:\/\/esquell.eu\/de\/wp-json\/wp\/v2\/more?post=13868"},{"taxonomy":"product_brand","embeddable":true,"href":"https:\/\/esquell.eu\/de\/wp-json\/wp\/v2\/product_brand?post=13868"},{"taxonomy":"product_cat","embeddable":true,"href":"https:\/\/esquell.eu\/de\/wp-json\/wp\/v2\/product_cat?post=13868"},{"taxonomy":"product_tag","embeddable":true,"href":"https:\/\/esquell.eu\/de\/wp-json\/wp\/v2\/product_tag?post=13868"}],"curies":[{"name":"wp","href":"https:\/\/api.w.org\/{rel}","templated":true}]}}