{"id":13864,"date":"2025-04-03T09:16:01","date_gmt":"2025-04-03T09:16:01","guid":{"rendered":"https:\/\/esquell.eu\/product\/scheibe-perle-abstandshalter-925er-sterlingsilber-verschiedene-groessen-verpackt-zu-10-stueck\/"},"modified":"2025-11-06T07:14:46","modified_gmt":"2025-11-06T07:14:46","slug":"scheibe-perle-abstandshalter-925er-sterlingsilber-verschiedene-groessen-verpackt-zu-10-stueck","status":"publish","type":"product","link":"https:\/\/esquell.eu\/de\/produkt\/scheibe-perle-abstandshalter-925er-sterlingsilber-verschiedene-groessen-verpackt-zu-10-stueck\/","title":{"rendered":"Scheibe, Perle, Abstandshalter 925er Sterlingsilber. Verschiedene Gr\u00f6\u00dfen Verpackt zu 10 St\u00fcck"},"content":{"rendered":"<div class=\"product-addition-content\">\n<p>925 Silber, Scheiben aus Sterlingsilber.<br \/>\nGew\u00f6lbt, organisch geformt<\/p>\n<p>Abstandshalter.<\/p>\n<p>Durchmesser 6 oder 8 mm<\/p>\n<\/div>\n","protected":false},"excerpt":{"rendered":"<p>925 Silber, Scheiben aus Sterlingsilber. Gebogen <\/p>\n<p>Abstandshalter.<\/p>\n<p>Durchmesser 8 mm<\/p>\n","protected":false},"featured_media":7865,"comment_status":"closed","ping_status":"closed","template":"","meta":{"_acf_changed":false,"_seopress_robots_primary_cat":"none","_seopress_titles_title":"","_seopress_titles_desc":"","_seopress_robots_index":""},"more":[],"product_brand":[6992],"product_cat":[11510],"product_tag":[11614,11615,6488,6506,8534,11617,8919,11618,6689,6790,7076,9029,6494,7736,6826,11613,8506,6895,6824,11623,6830,6822,6693,6836,6897,6786,6885,6691,6844,6421,6832,6682,6788,6891,6828,9425,7524,8526,9428,11616,8510,14047,6432,7023,11621,6419,8500,11619,6899,6779,6889,6558,6417,6671,6812,6920,6834,6893,6784,6795,6814,11620,6783,6838,14045,11622],"class_list":{"0":"post-13864","1":"product","2":"type-product","3":"status-publish","4":"has-post-thumbnail","6":"product_brand-ayu","7":"product_cat-perlen","8":"product_tag-6mm","9":"product_tag-8mm","10":"product_tag-6488","11":"product_tag-6506","12":"product_tag-abstandshalter-2","13":"product_tag-abstandshalter-3","14":"product_tag-abstandsperlen","15":"product_tag-abstandsperlen-2","16":"product_tag-armband","17":"product_tag-bestellung","18":"product_tag-charme-2","19":"product_tag-charme-4","20":"product_tag-diy","21":"product_tag-doityourself","22":"product_tag-drenthe","23":"product_tag-durchschnitt","24":"product_tag-einfadeln","25":"product_tag-es","26":"product_tag-friesland","27":"product_tag-gebogen","28":"product_tag-gelderland","29":"product_tag-groningen","30":"product_tag-halskette","31":"product_tag-holland","32":"product_tag-ihr","33":"product_tag-kaufen","34":"product_tag-kaufen-2","35":"product_tag-kette","36":"product_tag-limburg","37":"product_tag-machen","38":"product_tag-norden","39":"product_tag-ohrringe","40":"product_tag-online","41":"product_tag-online-shop","42":"product_tag-overijssel","43":"product_tag-perle","44":"product_tag-perlen-2","45":"product_tag-perlen-3","46":"product_tag-perlen-4","47":"product_tag-perlen-6","48":"product_tag-perlenladen","49":"product_tag-perlenladen-2","50":"product_tag-real","51":"product_tag-rein-3","52":"product_tag-scheiben","53":"product_tag-schmuck","54":"product_tag-schmuck-selber-machen","55":"product_tag-schmuckherstellung-3","56":"product_tag-selbst","57":"product_tag-selbstgemacht","58":"product_tag-shop","59":"product_tag-sie-selbst","60":"product_tag-silber","61":"product_tag-silber-2","62":"product_tag-silber-3","63":"product_tag-sterling","64":"product_tag-sud","65":"product_tag-tun","66":"product_tag-unter-2","67":"product_tag-utrecht","68":"product_tag-webshop","69":"product_tag-wirklich-rein","70":"product_tag-wobei","71":"product_tag-zeeland","72":"product_tag-zwischen","73":"product_tag-zwischenperle","74":"product_shipping_class-standard","75":"pa_diameter-6mm","76":"pa_diameter-8mm","78":"first","79":"instock","80":"taxable","81":"shipping-taxable","82":"purchasable","83":"product-type-variable"},"acf":[],"_links":{"self":[{"href":"https:\/\/esquell.eu\/de\/wp-json\/wp\/v2\/product\/13864","targetHints":{"allow":["GET"]}}],"collection":[{"href":"https:\/\/esquell.eu\/de\/wp-json\/wp\/v2\/product"}],"about":[{"href":"https:\/\/esquell.eu\/de\/wp-json\/wp\/v2\/types\/product"}],"replies":[{"embeddable":true,"href":"https:\/\/esquell.eu\/de\/wp-json\/wp\/v2\/comments?post=13864"}],"wp:featuredmedia":[{"embeddable":true,"href":"https:\/\/esquell.eu\/de\/wp-json\/wp\/v2\/media\/7865"}],"wp:attachment":[{"href":"https:\/\/esquell.eu\/de\/wp-json\/wp\/v2\/media?parent=13864"}],"wp:term":[{"taxonomy":"more","embeddable":true,"href":"https:\/\/esquell.eu\/de\/wp-json\/wp\/v2\/more?post=13864"},{"taxonomy":"product_brand","embeddable":true,"href":"https:\/\/esquell.eu\/de\/wp-json\/wp\/v2\/product_brand?post=13864"},{"taxonomy":"product_cat","embeddable":true,"href":"https:\/\/esquell.eu\/de\/wp-json\/wp\/v2\/product_cat?post=13864"},{"taxonomy":"product_tag","embeddable":true,"href":"https:\/\/esquell.eu\/de\/wp-json\/wp\/v2\/product_tag?post=13864"}],"curies":[{"name":"wp","href":"https:\/\/api.w.org\/{rel}","templated":true}]}}